{"id":85215,"date":"2021-02-21T20:40:38","date_gmt":"2021-02-21T20:40:38","guid":{"rendered":"https:\/\/www.autonvaraosahaku.fi\/?product=magneti-marelli-062900022304-hehkutulppa"},"modified":"2021-02-21T20:40:40","modified_gmt":"2021-02-21T20:40:40","slug":"magneti-marelli-062900022304-hehkutulppa","status":"publish","type":"product","link":"https:\/\/www.autonvaraosahaku.fi\/?product=magneti-marelli-062900022304-hehkutulppa","title":{"rendered":"MAGNETI MARELLI 062900022304 Hehkutulppa"},"content":{"rendered":"<p>Kiristysmomentti enint\u00e4\u00e4n [Nm]: 12; Virta (A): 10; Kiristysmomentti: 2,5; Liittimet: M4; Kiristysmomentti > [Nm]: 8; Hehkutulppatyyppi: Metallihehkutulppa; Asennuskulma: 93; J\u00e4nnite (V): 11; Pituus 1 (mm): 75; Pituus 2 (mm): 27,5; Kokonaispituus (mm): 119,9; Kierremitta: M8X1; Avainv\u00e4li: 8; L\u00e4mmitysaika [min]: 3; Valmistusvuoteen: 05\/2006; MAZDA: 3 BK,2 DY,3 Stufenheck BK; SUZUKI: LIANA Schr\u00e4gheck,LIANA ER; VOLVO: V50 MW,V70 III BW,C30,S40 II MS,S80 II AS; FORD: FIESTA V JH_, JD_,FOCUS II Kombi DA_,FOCUS II DA_,FOCUS C-MAX,FUSION JU_,FOCUS II Stufenheck DA_,FIESTA V Van; CITRO\u00cbN: BERLINGO MF,XSARA PICASSO N68,C2 JM_,C3 I FC_,C4 I LC_,BERLINGO Kasten M_,C5 II Break RE_,XSARA N1,C4 Coupe LA_,C3 Pluriel HB_,C5 II RC_,XSARA Break N2,XSARA Coupe N0; PEUGEOT: 206 Schr\u00e4gheck 2A\/C,206 CC 2D,207 WA_, WC_,307 SW 3H,407 SW 6E_,307 3A\/C,206 SW 2E\/K,307 Break 3E,407 6D_,1007 KM_,PARTNER Combispace 5F,PARTNER Kasten 5,206 Van; 596012, 596019, 5960E9, E161036, 1148105, 1525910, 2S6Q6M090AA, 2S6Q6M090AB, EZD40, Y40118601, Y40118601A, 32017063, 32017064, 596012, 596019, 5960E9, E161036, 1855073J00, SU00100671, 30711106, 31216248<\/p>\n","protected":false},"excerpt":{"rendered":"<p>MAGNETI MARELLI Hehkutulppa 062900022304  MAZDA,SUZUKI,VOLVO,3 BK,2 DY,3 Stufenheck BK,LIANA Schr\u00e4gheck,LIANA ER,V50 MW,V70 III BW,C30,S40 II MS<\/p>\n","protected":false},"featured_media":0,"template":"","meta":{"site-sidebar-layout":"default","site-content-layout":"default","ast-global-header-display":"","ast-main-header-display":"","ast-hfb-above-header-display":"","ast-hfb-below-header-display":"","ast-hfb-mobile-header-display":"","site-post-title":"","ast-breadcrumbs-content":"","ast-featured-img":"","footer-sml-layout":"","theme-transparent-header-meta":"","adv-header-id-meta":"","stick-header-meta":"","header-above-stick-meta":"","header-main-stick-meta":"","header-below-stick-meta":""},"pwb-brand":[34],"product_cat":[52],"product_tag":[],"class_list":{"0":"post-85215","1":"product","2":"type-product","3":"status-publish","5":"pwb-brand-magneti-marelli","6":"product_cat-hehkutulppa","7":"desktop-align-left","8":"tablet-align-left","9":"mobile-align-left","11":"first","12":"instock","13":"product-type-external"},"brands":[{"id":34,"name":"MAGNETI MARELLI","slug":"magneti-marelli"}],"_links":{"self":[{"href":"https:\/\/www.autonvaraosahaku.fi\/index.php?rest_route=\/wp\/v2\/product\/85215","targetHints":{"allow":["GET"]}}],"collection":[{"href":"https:\/\/www.autonvaraosahaku.fi\/index.php?rest_route=\/wp\/v2\/product"}],"about":[{"href":"https:\/\/www.autonvaraosahaku.fi\/index.php?rest_route=\/wp\/v2\/types\/product"}],"wp:attachment":[{"href":"https:\/\/www.autonvaraosahaku.fi\/index.php?rest_route=%2Fwp%2Fv2%2Fmedia&parent=85215"}],"wp:term":[{"taxonomy":"pwb-brand","embeddable":true,"href":"https:\/\/www.autonvaraosahaku.fi\/index.php?rest_route=%2Fwp%2Fv2%2Fpwb-brand&post=85215"},{"taxonomy":"product_cat","embeddable":true,"href":"https:\/\/www.autonvaraosahaku.fi\/index.php?rest_route=%2Fwp%2Fv2%2Fproduct_cat&post=85215"},{"taxonomy":"product_tag","embeddable":true,"href":"https:\/\/www.autonvaraosahaku.fi\/index.php?rest_route=%2Fwp%2Fv2%2Fproduct_tag&post=85215"}],"curies":[{"name":"wp","href":"https:\/\/api.w.org\/{rel}","templated":true}]}}