{"id":85237,"date":"2021-02-21T20:40:45","date_gmt":"2021-02-21T20:40:45","guid":{"rendered":"https:\/\/www.autonvaraosahaku.fi\/?product=corteco-21652926-tukivarren-hela"},"modified":"2021-02-21T20:40:48","modified_gmt":"2021-02-21T20:40:48","slug":"corteco-21652926-tukivarren-hela","status":"publish","type":"product","link":"https:\/\/www.autonvaraosahaku.fi\/?product=corteco-21652926-tukivarren-hela","title":{"rendered":"CORTECO 21652926 Tukivarren hela"},"content":{"rendered":"<p>Kokonaispituus [mm]: 60; Sis\u00e4l\u00e4pimitta [mm]: 12,1; Ulkol\u00e4pimitta [mm]: 47,3; Paino [kg]: 0,13; Asennuspuoli: Vorderachse; OPEL: ZAFIRA B A05,ASTRA H Caravan L35,ASTRA H L48,ASTRA G Caravan F35_,ASTRA H GTC L08,MERIVA B,ASTRA H TwinTop L67,ASTRA G Cabriolet F67,ASTRA G Stufenheck F69_,ZAFIRA B Van,ASTRA H Stufenheck L69,ASTRA H Kasten L70,ASTRA G Kasten F70; VAUXHALL: ZAFIRA Mk II B M75,ASTRA Mk V H CC,ZAFIRA Mk I A F75,ASTRA Mk V H Estate,ASTRA Mk V H Convertible,ASTRA Mk IV G Sedan,MERIVA Mk II B,ASTRAVAN Mk IV G,ASTRAVAN Mk V H,ASTRA Mk IV G Convertible,ASTRA Mk IV G Estate; 0352365, 24439582, 352324, 352365, 90498740, 0352365, 24439582, 352324, 352365, 90498740<\/p>\n","protected":false},"excerpt":{"rendered":"<p>CORTECO Tukivarren Hela 21652926  OPEL,VAUXHALL,ZAFIRA B A05,ASTRA H Caravan L35,ASTRA H L48,ASTRA G Caravan F35_,ASTRA H GTC L08,MERIVA B<\/p>\n","protected":false},"featured_media":0,"template":"","meta":{"site-sidebar-layout":"default","site-content-layout":"default","ast-global-header-display":"","ast-main-header-display":"","ast-hfb-above-header-display":"","ast-hfb-below-header-display":"","ast-hfb-mobile-header-display":"","site-post-title":"","ast-breadcrumbs-content":"","ast-featured-img":"","footer-sml-layout":"","theme-transparent-header-meta":"","adv-header-id-meta":"","stick-header-meta":"","header-above-stick-meta":"","header-main-stick-meta":"","header-below-stick-meta":""},"pwb-brand":[53],"product_cat":[115],"product_tag":[],"class_list":{"0":"post-85237","1":"product","2":"type-product","3":"status-publish","5":"pwb-brand-corteco","6":"product_cat-tukivarren-hela","7":"desktop-align-left","8":"tablet-align-left","9":"mobile-align-left","11":"first","12":"instock","13":"product-type-external"},"brands":[{"id":53,"name":"CORTECO","slug":"corteco"}],"_links":{"self":[{"href":"https:\/\/www.autonvaraosahaku.fi\/index.php?rest_route=\/wp\/v2\/product\/85237","targetHints":{"allow":["GET"]}}],"collection":[{"href":"https:\/\/www.autonvaraosahaku.fi\/index.php?rest_route=\/wp\/v2\/product"}],"about":[{"href":"https:\/\/www.autonvaraosahaku.fi\/index.php?rest_route=\/wp\/v2\/types\/product"}],"wp:attachment":[{"href":"https:\/\/www.autonvaraosahaku.fi\/index.php?rest_route=%2Fwp%2Fv2%2Fmedia&parent=85237"}],"wp:term":[{"taxonomy":"pwb-brand","embeddable":true,"href":"https:\/\/www.autonvaraosahaku.fi\/index.php?rest_route=%2Fwp%2Fv2%2Fpwb-brand&post=85237"},{"taxonomy":"product_cat","embeddable":true,"href":"https:\/\/www.autonvaraosahaku.fi\/index.php?rest_route=%2Fwp%2Fv2%2Fproduct_cat&post=85237"},{"taxonomy":"product_tag","embeddable":true,"href":"https:\/\/www.autonvaraosahaku.fi\/index.php?rest_route=%2Fwp%2Fv2%2Fproduct_tag&post=85237"}],"curies":[{"name":"wp","href":"https:\/\/api.w.org\/{rel}","templated":true}]}}