{"id":85243,"date":"2021-02-21T20:40:45","date_gmt":"2021-02-21T20:40:45","guid":{"rendered":"https:\/\/www.autonvaraosahaku.fi\/?product=mapco-71864-jouset"},"modified":"2021-02-21T20:40:50","modified_gmt":"2021-02-21T20:40:50","slug":"mapco-71864-jouset","status":"publish","type":"product","link":"https:\/\/www.autonvaraosahaku.fi\/?product=mapco-71864-jouset","title":{"rendered":"MAPCO 71864 Jouset"},"content":{"rendered":"<p>Jousimalli: Kierrejousi; Asennuspuoli: Etuakseli; Paksuus [mm]: 13,5; L\u00e4pimitta [mm]: 142; Pituus (mm): 357; Kierroslukum\u00e4\u00e4r\u00e4: 6,2; Vaihdettava pareittain: ; VW: CADDY III Kombi 2KB, 2KJ, 2CB, 2CJ,CADDY III Kasten 2KA, 2KH, 2CA, 2CH; 1K0411105JR, 1K0411105EJ, 1K0411105EK; Kierrejousi<\/p>\n","protected":false},"excerpt":{"rendered":"<p>MAPCO Jousi 71864 Kierrejousi VW,CADDY III Kombi 2KB, 2KJ, 2CB, 2CJ,CADDY III Kasten 2KA, 2KH, 2CA, 2CH<\/p>\n","protected":false},"featured_media":0,"template":"","meta":{"site-sidebar-layout":"default","site-content-layout":"default","ast-global-header-display":"","ast-main-header-display":"","ast-hfb-above-header-display":"","ast-hfb-below-header-display":"","ast-hfb-mobile-header-display":"","site-post-title":"","ast-breadcrumbs-content":"","ast-featured-img":"","footer-sml-layout":"","theme-transparent-header-meta":"","adv-header-id-meta":"","stick-header-meta":"","header-above-stick-meta":"","header-main-stick-meta":"","header-below-stick-meta":""},"pwb-brand":[36],"product_cat":[171],"product_tag":[],"class_list":{"0":"post-85243","1":"product","2":"type-product","3":"status-publish","5":"pwb-brand-mapco","6":"product_cat-jouset","7":"desktop-align-left","8":"tablet-align-left","9":"mobile-align-left","11":"first","12":"instock","13":"product-type-external"},"brands":[{"id":36,"name":"MAPCO","slug":"mapco"}],"_links":{"self":[{"href":"https:\/\/www.autonvaraosahaku.fi\/index.php?rest_route=\/wp\/v2\/product\/85243","targetHints":{"allow":["GET"]}}],"collection":[{"href":"https:\/\/www.autonvaraosahaku.fi\/index.php?rest_route=\/wp\/v2\/product"}],"about":[{"href":"https:\/\/www.autonvaraosahaku.fi\/index.php?rest_route=\/wp\/v2\/types\/product"}],"wp:attachment":[{"href":"https:\/\/www.autonvaraosahaku.fi\/index.php?rest_route=%2Fwp%2Fv2%2Fmedia&parent=85243"}],"wp:term":[{"taxonomy":"pwb-brand","embeddable":true,"href":"https:\/\/www.autonvaraosahaku.fi\/index.php?rest_route=%2Fwp%2Fv2%2Fpwb-brand&post=85243"},{"taxonomy":"product_cat","embeddable":true,"href":"https:\/\/www.autonvaraosahaku.fi\/index.php?rest_route=%2Fwp%2Fv2%2Fproduct_cat&post=85243"},{"taxonomy":"product_tag","embeddable":true,"href":"https:\/\/www.autonvaraosahaku.fi\/index.php?rest_route=%2Fwp%2Fv2%2Fproduct_tag&post=85243"}],"curies":[{"name":"wp","href":"https:\/\/api.w.org\/{rel}","templated":true}]}}