{"id":85257,"date":"2021-02-21T20:40:53","date_gmt":"2021-02-21T20:40:53","guid":{"rendered":"https:\/\/www.autonvaraosahaku.fi\/?product=corteco-12012411b-nokka-akselin-tiiviste"},"modified":"2021-02-21T20:40:56","modified_gmt":"2021-02-21T20:40:56","slug":"corteco-12012411b-nokka-akselin-tiiviste","status":"publish","type":"product","link":"https:\/\/www.autonvaraosahaku.fi\/?product=corteco-12012411b-nokka-akselin-tiiviste","title":{"rendered":"CORTECO 12012411B Nokka akselin tiiviste"},"content":{"rendered":"<p>Sis\u00e4l\u00e4pimitta 1 [mm]: 30; Ulkol\u00e4pimitta 1 [mm]: 52; Korkeus 1 (mm): 7; Materiaali: ACM (polyakryyli-kautsu); Rihlamalli: Oikea kierre; Moottorinumero: AR 67501; FIAT: PUNTO 176,DOBLO 119,MULTIPLA 186,124 Spider,BRAVO I 182,PUNTO Cabriolet 176C,MAREA Weekend 185,UNO 146A\/E,X 1\/9 128 AS,127,PALIO Weekend 178DX,FIORINO Kasten 146,TIPO 160,128 Coupe,CROMA 154,128,MAREA 185,125,TEMPRA 159,131,124 Coupe,RITMO I 138A,124,TEMPRA S.W. 159,132,FIORINO Pick up 146,FIORINO 147,TALENTO Kasten 290,REGATA 138,ARGENTA 132A,124 Familiare,RITMO Cabriolet,PALIO 178BX,127 Panorama,128 Familiare,FIORINO 127,131 Familiare\/Panorama,SIENA 178_,FIORINO Pick up 147,REGATA Weekend 138,147 Panorama,DUNA 146 B,ELBA 146_,DUNA Weekend 146 B; PEUGEOT: EXPERT 224,EXPERT Pritsche\/Fahrgestell 223; CITRO\u00cbN: JUMPY U6U,JUMPY Kasten BS_, BT_, BY_, BZ_; ALFA ROMEO: 164 164,145 930,155 167,146 930,AR 6 Bus 280,AR 6 Kasten 280; LANCIA: DELTA I 831AB0,THEMA 834,DELTA II 836,DEDRA 835,Y10 156,DEDRA SW 835,PRISMA 831AB0,TREVI 828DB; AUTOBIANCHI: Y10; ZASTAVA: 101 1100; INNOCENTI: ELBA 146; 40004330, 60801282, 40004460, 102407, 22, 40004330, 40004460, 40004460, 40004330, 40004460, 102407, 40004460; Akselitiiviste, Nokka-Akseli<\/p>\n","protected":false},"excerpt":{"rendered":"<p>CORTECO Nokka Akselin Tiiviste 12012411B Akselitiiviste, Nokka-Akseli FIAT,PEUGEOT,CITRO\u00cbN,PUNTO 176,DOBLO 119,MULTIPLA 186,124 Spider,BRAVO I 182<\/p>\n","protected":false},"featured_media":0,"template":"","meta":{"site-sidebar-layout":"default","site-content-layout":"default","ast-global-header-display":"","ast-main-header-display":"","ast-hfb-above-header-display":"","ast-hfb-below-header-display":"","ast-hfb-mobile-header-display":"","site-post-title":"","ast-breadcrumbs-content":"","ast-featured-img":"","footer-sml-layout":"","theme-transparent-header-meta":"","adv-header-id-meta":"","stick-header-meta":"","header-above-stick-meta":"","header-main-stick-meta":"","header-below-stick-meta":""},"pwb-brand":[53],"product_cat":[122],"product_tag":[],"class_list":{"0":"post-85257","1":"product","2":"type-product","3":"status-publish","5":"pwb-brand-corteco","6":"product_cat-nokka-akselin-tiiviste","7":"desktop-align-left","8":"tablet-align-left","9":"mobile-align-left","11":"first","12":"instock","13":"product-type-external"},"brands":[{"id":53,"name":"CORTECO","slug":"corteco"}],"_links":{"self":[{"href":"https:\/\/www.autonvaraosahaku.fi\/index.php?rest_route=\/wp\/v2\/product\/85257","targetHints":{"allow":["GET"]}}],"collection":[{"href":"https:\/\/www.autonvaraosahaku.fi\/index.php?rest_route=\/wp\/v2\/product"}],"about":[{"href":"https:\/\/www.autonvaraosahaku.fi\/index.php?rest_route=\/wp\/v2\/types\/product"}],"wp:attachment":[{"href":"https:\/\/www.autonvaraosahaku.fi\/index.php?rest_route=%2Fwp%2Fv2%2Fmedia&parent=85257"}],"wp:term":[{"taxonomy":"pwb-brand","embeddable":true,"href":"https:\/\/www.autonvaraosahaku.fi\/index.php?rest_route=%2Fwp%2Fv2%2Fpwb-brand&post=85257"},{"taxonomy":"product_cat","embeddable":true,"href":"https:\/\/www.autonvaraosahaku.fi\/index.php?rest_route=%2Fwp%2Fv2%2Fproduct_cat&post=85257"},{"taxonomy":"product_tag","embeddable":true,"href":"https:\/\/www.autonvaraosahaku.fi\/index.php?rest_route=%2Fwp%2Fv2%2Fproduct_tag&post=85257"}],"curies":[{"name":"wp","href":"https:\/\/api.w.org\/{rel}","templated":true}]}}