{"id":85259,"date":"2021-02-21T20:40:53","date_gmt":"2021-02-21T20:40:53","guid":{"rendered":"https:\/\/www.autonvaraosahaku.fi\/?product=corteco-12011541b-tiivisteet"},"modified":"2021-02-21T20:40:56","modified_gmt":"2021-02-21T20:40:56","slug":"corteco-12011541b-tiivisteet","status":"publish","type":"product","link":"https:\/\/www.autonvaraosahaku.fi\/?product=corteco-12011541b-tiivisteet","title":{"rendered":"CORTECO 12011541B Tiivisteet"},"content":{"rendered":"<p>Sis\u00e4l\u00e4pimitta 1 [mm]: 44,7; Ulkol\u00e4pimitta 1 [mm]: 54; Korkeus 1 (mm): 6; Korkeus 2 (mm): 9,4; Materiaali: NBR (nitriili-butadi-kumi); Asennuspuoli: Hinterachse; RENAULT: 4 112_,5 122_,12,16 115_,6 118_,18 134_,17,30 127_,FUEGO 136_,15 130_,14 121_; 7703087071<\/p>\n","protected":false},"excerpt":{"rendered":"<p>CORTECO Akselitiiviste, Py\u00f6r\u00e4n Napa 12011541B  RENAULT,4 112_,5 122_,12,16 115_,6 118_,18 134_,17,30 127_,FUEGO 136_,15 130_,14 121_<\/p>\n","protected":false},"featured_media":0,"template":"","meta":{"site-sidebar-layout":"default","site-content-layout":"default","ast-global-header-display":"","ast-main-header-display":"","ast-hfb-above-header-display":"","ast-hfb-below-header-display":"","ast-hfb-mobile-header-display":"","site-post-title":"","ast-breadcrumbs-content":"","ast-featured-img":"","footer-sml-layout":"","theme-transparent-header-meta":"","adv-header-id-meta":"","stick-header-meta":"","header-above-stick-meta":"","header-main-stick-meta":"","header-below-stick-meta":""},"pwb-brand":[53],"product_cat":[27],"product_tag":[],"class_list":{"0":"post-85259","1":"product","2":"type-product","3":"status-publish","5":"pwb-brand-corteco","6":"product_cat-tiivisteet","7":"desktop-align-left","8":"tablet-align-left","9":"mobile-align-left","11":"first","12":"instock","13":"product-type-external"},"brands":[{"id":53,"name":"CORTECO","slug":"corteco"}],"_links":{"self":[{"href":"https:\/\/www.autonvaraosahaku.fi\/index.php?rest_route=\/wp\/v2\/product\/85259","targetHints":{"allow":["GET"]}}],"collection":[{"href":"https:\/\/www.autonvaraosahaku.fi\/index.php?rest_route=\/wp\/v2\/product"}],"about":[{"href":"https:\/\/www.autonvaraosahaku.fi\/index.php?rest_route=\/wp\/v2\/types\/product"}],"wp:attachment":[{"href":"https:\/\/www.autonvaraosahaku.fi\/index.php?rest_route=%2Fwp%2Fv2%2Fmedia&parent=85259"}],"wp:term":[{"taxonomy":"pwb-brand","embeddable":true,"href":"https:\/\/www.autonvaraosahaku.fi\/index.php?rest_route=%2Fwp%2Fv2%2Fpwb-brand&post=85259"},{"taxonomy":"product_cat","embeddable":true,"href":"https:\/\/www.autonvaraosahaku.fi\/index.php?rest_route=%2Fwp%2Fv2%2Fproduct_cat&post=85259"},{"taxonomy":"product_tag","embeddable":true,"href":"https:\/\/www.autonvaraosahaku.fi\/index.php?rest_route=%2Fwp%2Fv2%2Fproduct_tag&post=85259"}],"curies":[{"name":"wp","href":"https:\/\/api.w.org\/{rel}","templated":true}]}}