{"id":85285,"date":"2021-02-21T20:41:01","date_gmt":"2021-02-21T20:41:01","guid":{"rendered":"https:\/\/www.autonvaraosahaku.fi\/?product=vaico-v40-80025-jarrulevyt"},"modified":"2021-02-21T20:41:06","modified_gmt":"2021-02-21T20:41:06","slug":"vaico-v40-80025-jarrulevyt","status":"publish","type":"product","link":"https:\/\/www.autonvaraosahaku.fi\/?product=vaico-v40-80025-jarrulevyt","title":{"rendered":"VAICO V40-80025 Jarrulevyt"},"content":{"rendered":"<p>Asennuspuoli: Etuakseli, Etuakseli; Vanne, aukkoja: 4; Korkeus (mm): 41; Jarrulevytyyppi: Tuuletettu; Jarrulevyn paksuus (mm): 20; V\u00e4himm\u00e4ispaksuus (mm): 17; Ulkol\u00e4pimitta [mm]: 236; keskitt\u00e4misl\u00e4pimitta [mm]: 60; Reik\u00e4ympyr\u00e4-\u00d8 [mm]: 100; Jarrulevyn navan korkeus [mm]: 21; Pakkausleveys [cm]: 24, 24; Pakkauskorkeus [mm]: 8, 8; Pakkaussyvyys [cm]: 24, 24; Reik\u00e4-\u00d8 1 [mm]: 14,2; Reik\u00e4-\u00d8 2 [mm]: 6,45; Reik\u00e4lukum\u00e4\u00e4r\u00e4 2: 6; Paino [kg]: 4,252; lis\u00e4tieto: CST99; Moottorinumero: E16SE; CHEVROLET: KALOS,AVEO Schr\u00e4gheck T250, T255,AVEO Stufenheck T250, T255,KALOS Stufenheck,AVEO Stufenheck T200,AVEO Schr\u00e4gheck T200; DAEWOO: KALOS KLAS,LANOS KLAT,KALOS Stufenheck KLAS,LANOS Stufenheck KLAT,NEXIA KLETN,NEXIA Stufenheck KLETN; OPEL: CORSA B 73_, 78_, 79_,ASTRA F CC 53_, 54_, 58_, 59_,ASTRA F Caravan 51_, 52_,VECTRA A 86_, 87_,ASTRA F Cabriolet 53_B,ASTRA F 56_, 57_,KADETT E CC 33_, 34_, 43_, 44_,CORSA A CC 93_, 94_, 98_, 99_,VECTRA A CC 88_, 89_,COMBO 71_,KADETT E Cabriolet 43B_,ASCONA C 81_, 86_, 87_, 88_,ASTRA F CLASSIC CC,CORSA A TR 91_, 92_, 96_, 97_,KADETT D 31_-34_, 41_-44_,ASTRA F CLASSIC Stufenheck,ASTRA F CLASSIC Caravan,KADETT E 39_, 49_,CORSA B Kasten 73_,ASCONA C CC 84_, 89_,KADETT E Caravan 35_, 36_, 45_, 46_,CORSA B Kombi F35,ASTRA F Van 55_,KADETT E Kasten 37_, 47_; VAUXHALL: ASTRA Mk III F CC,CORSA Mk I B,ASTRA Mk II CC,CAVALIER Mk III 87,ASTRA Mk III F Estate,CAVALIER Mk III CC,COMBO Mk I B,ASTRAVAN Mk III F,NOVA,CAVALIER Mk II CC,NOVA CC; 00569014, 00569031, 00569054, 0569014, 0569031, 0569054, 569031, 569054, 90008006, 90008032, 90511111, 93182291, 90496332; Jarrulevy<\/p>\n","protected":false},"excerpt":{"rendered":"<p>VAICO Jarrulevyt V40-80025 Jarrulevy CHEVROLET,DAEWOO,OPEL,KALOS,AVEO Schr\u00e4gheck T250, T255,AVEO Stufenheck T250, T255,KALOS Stufenheck<\/p>\n","protected":false},"featured_media":0,"template":"","meta":{"site-sidebar-layout":"default","site-content-layout":"default","ast-global-header-display":"","ast-main-header-display":"","ast-hfb-above-header-display":"","ast-hfb-below-header-display":"","ast-hfb-mobile-header-display":"","site-post-title":"","ast-breadcrumbs-content":"","ast-featured-img":"","footer-sml-layout":"","theme-transparent-header-meta":"","adv-header-id-meta":"","stick-header-meta":"","header-above-stick-meta":"","header-main-stick-meta":"","header-below-stick-meta":""},"pwb-brand":[330],"product_cat":[66],"product_tag":[],"class_list":{"0":"post-85285","1":"product","2":"type-product","3":"status-publish","5":"pwb-brand-vaico","6":"product_cat-jarrulevyt","7":"desktop-align-left","8":"tablet-align-left","9":"mobile-align-left","11":"first","12":"instock","13":"product-type-external"},"brands":[{"id":330,"name":"VAICO","slug":"vaico"}],"_links":{"self":[{"href":"https:\/\/www.autonvaraosahaku.fi\/index.php?rest_route=\/wp\/v2\/product\/85285","targetHints":{"allow":["GET"]}}],"collection":[{"href":"https:\/\/www.autonvaraosahaku.fi\/index.php?rest_route=\/wp\/v2\/product"}],"about":[{"href":"https:\/\/www.autonvaraosahaku.fi\/index.php?rest_route=\/wp\/v2\/types\/product"}],"wp:attachment":[{"href":"https:\/\/www.autonvaraosahaku.fi\/index.php?rest_route=%2Fwp%2Fv2%2Fmedia&parent=85285"}],"wp:term":[{"taxonomy":"pwb-brand","embeddable":true,"href":"https:\/\/www.autonvaraosahaku.fi\/index.php?rest_route=%2Fwp%2Fv2%2Fpwb-brand&post=85285"},{"taxonomy":"product_cat","embeddable":true,"href":"https:\/\/www.autonvaraosahaku.fi\/index.php?rest_route=%2Fwp%2Fv2%2Fproduct_cat&post=85285"},{"taxonomy":"product_tag","embeddable":true,"href":"https:\/\/www.autonvaraosahaku.fi\/index.php?rest_route=%2Fwp%2Fv2%2Fproduct_tag&post=85285"}],"curies":[{"name":"wp","href":"https:\/\/api.w.org\/{rel}","templated":true}]}}