{"id":85287,"date":"2021-02-21T20:41:01","date_gmt":"2021-02-21T20:41:01","guid":{"rendered":"https:\/\/www.autonvaraosahaku.fi\/?product=mapco-61352-oljynsuodatin"},"modified":"2021-02-21T20:41:07","modified_gmt":"2021-02-21T20:41:07","slug":"mapco-61352-oljynsuodatin","status":"publish","type":"product","link":"https:\/\/www.autonvaraosahaku.fi\/?product=mapco-61352-oljynsuodatin","title":{"rendered":"MAPCO 61352 \u00d6ljynsuodatin"},"content":{"rendered":"<p>Suodatintyyppi: Ruuvattava suodatin; Liitinkierre: M20x1,5; Ulkol\u00e4pimitta [mm]: 76; Ulkol\u00e4pimitta 2 [mm]: 71; Sis\u00e4l\u00e4pimitta 2 [mm]: 62; Avauspaine ohitusventtiili [bar]: 1; Korkeus (mm): 100; Valmistusvuosi alkaen: 10\/1994; LANCIA: Y 840A,THESIS 841AX,LYBRA SW 839BX,KAPPA 838A,LYBRA 839AX,DELTA II 836,KAPPA SW 838B,DEDRA 835,Y10 156,DEDRA SW 835; FIAT: PUNTO 188,STILO 192,SEICENTO 187,BARCHETTA 183,DOBLO Cargo 223,PUNTO 176,STILO Multi Wagon 192,DOBLO 119,DUCATO Kasten 290,DUCATO Pritsche\/Fahrgestell 290,CINQUECENTO 170,PANDA 141A_,STRADA Pick-up 178E,MULTIPLA 186,PUNTO Van 188AX,BRAVO I 182,BRAVA 182,PUNTO Cabriolet 176C,SCUDO Kasten 220L,MAREA Weekend 185,UNO 146A\/E,DUCATO Panorama 290,SCUDO Combinato 220P,PALIO Weekend 178DX,FIORINO Kasten 146,SEICENTO Van 187,TIPO 160,PANDA Van 141_,MAREA 185,TEMPRA 159,PUNTO Van 176L,TEMPRA S.W. 159,FIORINO Pick up 146,PALIO 178BX,SIENA 178_,ELBA 146_; CITRO\u00cbN: JUMPY U6U,JUMPY Kasten BS_, BT_, BY_, BZ_; ALFA ROMEO: 147 937,156 Sportwagon 932,156 932,166 936,145 930,146 930,6 119; AUTOBIANCHI: Y10; 1109AR, 1109K9, 1608076280, 0000071754569, 46468378, 5973928, 5984044, 71736157<\/p>\n","protected":false},"excerpt":{"rendered":"<p>MAPCO \u00d6ljynsuodatin 61352  LANCIA,FIAT,CITRO\u00cbN,Y 840A,THESIS 841AX,LYBRA SW 839BX,KAPPA 838A,LYBRA 839AX,DELTA II 836,KAPPA SW 838B,DEDRA 835,Y10 156<\/p>\n","protected":false},"featured_media":0,"template":"","meta":{"site-sidebar-layout":"default","site-content-layout":"default","ast-global-header-display":"","ast-main-header-display":"","ast-hfb-above-header-display":"","ast-hfb-below-header-display":"","ast-hfb-mobile-header-display":"","site-post-title":"","ast-breadcrumbs-content":"","ast-featured-img":"","footer-sml-layout":"","theme-transparent-header-meta":"","adv-header-id-meta":"","stick-header-meta":"","header-above-stick-meta":"","header-main-stick-meta":"","header-below-stick-meta":""},"pwb-brand":[36],"product_cat":[30],"product_tag":[],"class_list":{"0":"post-85287","1":"product","2":"type-product","3":"status-publish","5":"pwb-brand-mapco","6":"product_cat-oljynsuodatin","7":"desktop-align-left","8":"tablet-align-left","9":"mobile-align-left","11":"first","12":"instock","13":"product-type-external"},"brands":[{"id":36,"name":"MAPCO","slug":"mapco"}],"_links":{"self":[{"href":"https:\/\/www.autonvaraosahaku.fi\/index.php?rest_route=\/wp\/v2\/product\/85287","targetHints":{"allow":["GET"]}}],"collection":[{"href":"https:\/\/www.autonvaraosahaku.fi\/index.php?rest_route=\/wp\/v2\/product"}],"about":[{"href":"https:\/\/www.autonvaraosahaku.fi\/index.php?rest_route=\/wp\/v2\/types\/product"}],"wp:attachment":[{"href":"https:\/\/www.autonvaraosahaku.fi\/index.php?rest_route=%2Fwp%2Fv2%2Fmedia&parent=85287"}],"wp:term":[{"taxonomy":"pwb-brand","embeddable":true,"href":"https:\/\/www.autonvaraosahaku.fi\/index.php?rest_route=%2Fwp%2Fv2%2Fpwb-brand&post=85287"},{"taxonomy":"product_cat","embeddable":true,"href":"https:\/\/www.autonvaraosahaku.fi\/index.php?rest_route=%2Fwp%2Fv2%2Fproduct_cat&post=85287"},{"taxonomy":"product_tag","embeddable":true,"href":"https:\/\/www.autonvaraosahaku.fi\/index.php?rest_route=%2Fwp%2Fv2%2Fproduct_tag&post=85287"}],"curies":[{"name":"wp","href":"https:\/\/api.w.org\/{rel}","templated":true}]}}