{"id":85292,"date":"2021-02-21T20:41:09","date_gmt":"2021-02-21T20:41:09","guid":{"rendered":"https:\/\/www.autonvaraosahaku.fi\/?product=lpr-7106-kytkin-paasylinteri"},"modified":"2021-02-21T20:41:10","modified_gmt":"2021-02-21T20:41:10","slug":"lpr-7106-kytkin-paasylinteri","status":"publish","type":"product","link":"https:\/\/www.autonvaraosahaku.fi\/?product=lpr-7106-kytkin-paasylinteri","title":{"rendered":"LPR 7106 Kytkin p\u00e4\u00e4sylinteri"},"content":{"rendered":"<p>Kierremitta: 10 x 1; Kiinnityrreikien et\u00e4isyys [mm]: 50; Reik\u00e4-\u00d8 [mm]: 19,05; Materiaali: Alumiini; tuotenumerolle: 7106; Valmistusvuosi alkaen: 05\/1987; BMW: 3 E36,3 E30,3 Cabriolet E30,5 E28,6 E24,3 Touring E30; 1152658, 1154580, 1156000, 21521152658, 21521154580, 21521156000, 21524126128, 4126128; P\u00e4\u00e4sylinteri, Kytkin<\/p>\n","protected":false},"excerpt":{"rendered":"<p>LPR Kytkin P\u00e4\u00e4sylinteri 7106 P\u00e4\u00e4sylinteri, Kytkin BMW,3 E36,3 E30,3 Cabriolet E30,5 E28,6 E24,3 Touring E30<\/p>\n","protected":false},"featured_media":0,"template":"","meta":{"site-sidebar-layout":"default","site-content-layout":"default","ast-global-header-display":"","ast-main-header-display":"","ast-hfb-above-header-display":"","ast-hfb-below-header-display":"","ast-hfb-mobile-header-display":"","site-post-title":"","ast-breadcrumbs-content":"","ast-featured-img":"","footer-sml-layout":"","theme-transparent-header-meta":"","adv-header-id-meta":"","stick-header-meta":"","header-above-stick-meta":"","header-main-stick-meta":"","header-below-stick-meta":""},"pwb-brand":[238],"product_cat":[239],"product_tag":[],"class_list":{"0":"post-85292","1":"product","2":"type-product","3":"status-publish","5":"pwb-brand-lpr","6":"product_cat-kytkin-paasylinteri","7":"desktop-align-left","8":"tablet-align-left","9":"mobile-align-left","11":"first","12":"instock","13":"product-type-external"},"brands":[{"id":238,"name":"LPR","slug":"lpr"}],"_links":{"self":[{"href":"https:\/\/www.autonvaraosahaku.fi\/index.php?rest_route=\/wp\/v2\/product\/85292","targetHints":{"allow":["GET"]}}],"collection":[{"href":"https:\/\/www.autonvaraosahaku.fi\/index.php?rest_route=\/wp\/v2\/product"}],"about":[{"href":"https:\/\/www.autonvaraosahaku.fi\/index.php?rest_route=\/wp\/v2\/types\/product"}],"wp:attachment":[{"href":"https:\/\/www.autonvaraosahaku.fi\/index.php?rest_route=%2Fwp%2Fv2%2Fmedia&parent=85292"}],"wp:term":[{"taxonomy":"pwb-brand","embeddable":true,"href":"https:\/\/www.autonvaraosahaku.fi\/index.php?rest_route=%2Fwp%2Fv2%2Fpwb-brand&post=85292"},{"taxonomy":"product_cat","embeddable":true,"href":"https:\/\/www.autonvaraosahaku.fi\/index.php?rest_route=%2Fwp%2Fv2%2Fproduct_cat&post=85292"},{"taxonomy":"product_tag","embeddable":true,"href":"https:\/\/www.autonvaraosahaku.fi\/index.php?rest_route=%2Fwp%2Fv2%2Fproduct_tag&post=85292"}],"curies":[{"name":"wp","href":"https:\/\/api.w.org\/{rel}","templated":true}]}}