{"id":85303,"date":"2021-02-21T20:41:09","date_gmt":"2021-02-21T20:41:09","guid":{"rendered":"https:\/\/www.autonvaraosahaku.fi\/?product=vaico-v20-1100-pakoputken-asennussarja"},"modified":"2021-02-21T20:41:13","modified_gmt":"2021-02-21T20:41:13","slug":"vaico-v20-1100-pakoputken-asennussarja","status":"publish","type":"product","link":"https:\/\/www.autonvaraosahaku.fi\/?product=vaico-v20-1100-pakoputken-asennussarja","title":{"rendered":"VAICO V20-1100 Pakoputken asennussarja"},"content":{"rendered":"<p>Paino [kg]: 0,045; Pakkausleveys [cm]: 5,3; Pakkauskorkeus [mm]: 1,6; Pakkaussyvyys [cm]: 7,3; lis\u00e4tieto: CST99; Pakoputkisto: f\u00fcr Vorschalld\u00e4mpfer; BMW: 3 E36,3 Coupe E36,3 Cabriolet E36,3 Touring E36; 1703634, 1723646, 18211723646, 18301703634<\/p>\n","protected":false},"excerpt":{"rendered":"<p>VAICO Kiinnitin, \u00c4\u00e4nenvaimentaja V20-1100  BMW,3 E36,3 Coupe E36,3 Cabriolet E36,3 Touring E36<\/p>\n","protected":false},"featured_media":0,"template":"","meta":{"site-sidebar-layout":"default","site-content-layout":"default","ast-global-header-display":"","ast-main-header-display":"","ast-hfb-above-header-display":"","ast-hfb-below-header-display":"","ast-hfb-mobile-header-display":"","site-post-title":"","ast-breadcrumbs-content":"","ast-featured-img":"","footer-sml-layout":"","theme-transparent-header-meta":"","adv-header-id-meta":"","stick-header-meta":"","header-above-stick-meta":"","header-main-stick-meta":"","header-below-stick-meta":""},"pwb-brand":[330],"product_cat":[101],"product_tag":[],"class_list":{"0":"post-85303","1":"product","2":"type-product","3":"status-publish","5":"pwb-brand-vaico","6":"product_cat-pakoputken-asennussarja","7":"desktop-align-left","8":"tablet-align-left","9":"mobile-align-left","11":"first","12":"instock","13":"product-type-external"},"brands":[{"id":330,"name":"VAICO","slug":"vaico"}],"_links":{"self":[{"href":"https:\/\/www.autonvaraosahaku.fi\/index.php?rest_route=\/wp\/v2\/product\/85303","targetHints":{"allow":["GET"]}}],"collection":[{"href":"https:\/\/www.autonvaraosahaku.fi\/index.php?rest_route=\/wp\/v2\/product"}],"about":[{"href":"https:\/\/www.autonvaraosahaku.fi\/index.php?rest_route=\/wp\/v2\/types\/product"}],"wp:attachment":[{"href":"https:\/\/www.autonvaraosahaku.fi\/index.php?rest_route=%2Fwp%2Fv2%2Fmedia&parent=85303"}],"wp:term":[{"taxonomy":"pwb-brand","embeddable":true,"href":"https:\/\/www.autonvaraosahaku.fi\/index.php?rest_route=%2Fwp%2Fv2%2Fpwb-brand&post=85303"},{"taxonomy":"product_cat","embeddable":true,"href":"https:\/\/www.autonvaraosahaku.fi\/index.php?rest_route=%2Fwp%2Fv2%2Fproduct_cat&post=85303"},{"taxonomy":"product_tag","embeddable":true,"href":"https:\/\/www.autonvaraosahaku.fi\/index.php?rest_route=%2Fwp%2Fv2%2Fproduct_tag&post=85303"}],"curies":[{"name":"wp","href":"https:\/\/api.w.org\/{rel}","templated":true}]}}