{"id":85321,"date":"2021-02-21T20:41:17","date_gmt":"2021-02-21T20:41:17","guid":{"rendered":"https:\/\/www.autonvaraosahaku.fi\/?product=febi-bilstein-16195-jarrupalat"},"modified":"2021-02-21T20:41:20","modified_gmt":"2021-02-21T20:41:20","slug":"febi-bilstein-16195-jarrupalat","status":"publish","type":"product","link":"https:\/\/www.autonvaraosahaku.fi\/?product=febi-bilstein-16195-jarrupalat","title":{"rendered":"FEBI BILSTEIN 16195 Jarrupalat"},"content":{"rendered":"<p>Pituus (mm): 91,7; Leveys (mm): 64,0; Tarkistuskilpi: ECE R90 Approved; Asennuspuoli: Etuakseli; Paksuus 1 [mm]: 14,5; Paino [kg]: 1,08; Kulumisenilmaisimen liitos: akustisella kulumavaroittimella, akustisella kulumavaroittimella; M\u00e4\u00e4r\u00e4yksikk\u00f6: Akselisarja; Valmistusvuoteen: 07\/2002; MAZDA: DEMIO DW,323 P V BA,323 C IV BG,FAMILIA IV BF,FAMILIA V BA,FAMILIA V BG8,323 III Hatchback BF,121 II DB,FAMILIA IV BG,323 III BF; KIA: RIO Kombi DC,RIO Stufenheck DC_,PRIDE Van DA; 0K30A3328Z, K0BA23328Z, oK30A3328Z, 1L063328Z, 1U0523328Z, 1U063328Z, 1U0B3328Z, 1U0C3328Z, B0YW3323ZB, B0YW3328Z, B2YB3323Z, B2YB3328Z, B4Y63323Z, B4Y63323ZA, B4Y63328ZA, B5Y63323Z, B5Y63323Z94, B5Y63323Z9A, B5Y63323ZA, B5Y63328Z, B5Y63328Z9A, B5Y63328ZA, B5Y83323Z, B5Y83323ZA, B5Y83323ZB, B5Y83328ZA, BCYA3323Z, BCYC3323Z, BCYW3323Z, BCYW3323ZA, BCYW3323ZB, BCYW3323ZC, BCYW3328Z, BCYW3328ZA, BRY033282, BRY03328Z, BRY03328ZA, BRY53323Z, BRY53323ZA, BRY53328ZA, BRY73323Z, BRY73323ZA, D1Y53323ZA, D1Y53328ZA, D2Y63323Z, D2Y73323ZA, D2Y73328ZA, D2Y93323ZA, D2Y93328ZA, DCY03323Z, DCY03323ZA, DCY03323ZB, DCY53323Z, DCY53328Z, DCY93323Z, DCY93328Z; Jarrupalasarja,Jarrupala, Levyjarru<\/p>\n","protected":false},"excerpt":{"rendered":"<p>FEBI BILSTEIN Jarrupalat 16195 Jarrupalasarja,Jarrupala, Levyjarru MAZDA,KIA,DEMIO DW,323 P V BA,323 C IV BG,FAMILIA IV BF,FAMILIA V BA,FAMILIA V BG8<\/p>\n","protected":false},"featured_media":0,"template":"","meta":{"site-sidebar-layout":"default","site-content-layout":"default","ast-global-header-display":"","ast-main-header-display":"","ast-hfb-above-header-display":"","ast-hfb-below-header-display":"","ast-hfb-mobile-header-display":"","site-post-title":"","ast-breadcrumbs-content":"","ast-featured-img":"","footer-sml-layout":"","theme-transparent-header-meta":"","adv-header-id-meta":"","stick-header-meta":"","header-above-stick-meta":"","header-main-stick-meta":"","header-below-stick-meta":""},"pwb-brand":[50],"product_cat":[100],"product_tag":[],"class_list":{"0":"post-85321","1":"product","2":"type-product","3":"status-publish","5":"pwb-brand-febi-bilstein","6":"product_cat-jarrupalat","7":"desktop-align-left","8":"tablet-align-left","9":"mobile-align-left","11":"first","12":"instock","13":"product-type-external"},"brands":[{"id":50,"name":"FEBI BILSTEIN","slug":"febi-bilstein"}],"_links":{"self":[{"href":"https:\/\/www.autonvaraosahaku.fi\/index.php?rest_route=\/wp\/v2\/product\/85321","targetHints":{"allow":["GET"]}}],"collection":[{"href":"https:\/\/www.autonvaraosahaku.fi\/index.php?rest_route=\/wp\/v2\/product"}],"about":[{"href":"https:\/\/www.autonvaraosahaku.fi\/index.php?rest_route=\/wp\/v2\/types\/product"}],"wp:attachment":[{"href":"https:\/\/www.autonvaraosahaku.fi\/index.php?rest_route=%2Fwp%2Fv2%2Fmedia&parent=85321"}],"wp:term":[{"taxonomy":"pwb-brand","embeddable":true,"href":"https:\/\/www.autonvaraosahaku.fi\/index.php?rest_route=%2Fwp%2Fv2%2Fpwb-brand&post=85321"},{"taxonomy":"product_cat","embeddable":true,"href":"https:\/\/www.autonvaraosahaku.fi\/index.php?rest_route=%2Fwp%2Fv2%2Fproduct_cat&post=85321"},{"taxonomy":"product_tag","embeddable":true,"href":"https:\/\/www.autonvaraosahaku.fi\/index.php?rest_route=%2Fwp%2Fv2%2Fproduct_tag&post=85321"}],"curies":[{"name":"wp","href":"https:\/\/api.w.org\/{rel}","templated":true}]}}