{"id":85349,"date":"2021-02-21T20:41:24","date_gmt":"2021-02-21T20:41:24","guid":{"rendered":"https:\/\/www.autonvaraosahaku.fi\/?product=mapco-3761-jarruletku"},"modified":"2021-02-21T20:41:32","modified_gmt":"2021-02-21T20:41:32","slug":"mapco-3761-jarruletku","status":"publish","type":"product","link":"https:\/\/www.autonvaraosahaku.fi\/?product=mapco-3761-jarruletku","title":{"rendered":"MAPCO 3761 Jarruletku"},"content":{"rendered":"<p>Asennuspuoli: Taka-akseli; Pituus (mm): 200; Tarvittava kappalem\u00e4\u00e4r\u00e4: 2; BMW: 3 Compact E36,3 E30,5 E34,3 Cabriolet E30,7 E32,5 Touring E34,5 E28,6 E24,3 E21,3 Touring E30,7 E23,5 E12; VOLVO: V70 II SW,V70 I LV,850 Kombi LW,C70 I Cabriolet,C70 I Coupe,850 LS,S70 LS; 1159878, 34321108135, 34321113183, 34321115695, 34321159878, 3516568<\/p>\n","protected":false},"excerpt":{"rendered":"<p>MAPCO Jarruletku 3761  BMW,VOLVO,3 Compact E36,3 E30,5 E34,3 Cabriolet E30,7 E32,5 Touring E34,5 E28,6 E24,3 E21,3 Touring E30,7 E23,5 E12,V70 II SW<\/p>\n","protected":false},"featured_media":0,"template":"","meta":{"site-sidebar-layout":"default","site-content-layout":"default","ast-global-header-display":"","ast-main-header-display":"","ast-hfb-above-header-display":"","ast-hfb-below-header-display":"","ast-hfb-mobile-header-display":"","site-post-title":"","ast-breadcrumbs-content":"","ast-featured-img":"","footer-sml-layout":"","theme-transparent-header-meta":"","adv-header-id-meta":"","stick-header-meta":"","header-above-stick-meta":"","header-main-stick-meta":"","header-below-stick-meta":""},"pwb-brand":[36],"product_cat":[70],"product_tag":[],"class_list":{"0":"post-85349","1":"product","2":"type-product","3":"status-publish","5":"pwb-brand-mapco","6":"product_cat-jarruletku","7":"desktop-align-left","8":"tablet-align-left","9":"mobile-align-left","11":"first","12":"instock","13":"product-type-external"},"brands":[{"id":36,"name":"MAPCO","slug":"mapco"}],"_links":{"self":[{"href":"https:\/\/www.autonvaraosahaku.fi\/index.php?rest_route=\/wp\/v2\/product\/85349","targetHints":{"allow":["GET"]}}],"collection":[{"href":"https:\/\/www.autonvaraosahaku.fi\/index.php?rest_route=\/wp\/v2\/product"}],"about":[{"href":"https:\/\/www.autonvaraosahaku.fi\/index.php?rest_route=\/wp\/v2\/types\/product"}],"wp:attachment":[{"href":"https:\/\/www.autonvaraosahaku.fi\/index.php?rest_route=%2Fwp%2Fv2%2Fmedia&parent=85349"}],"wp:term":[{"taxonomy":"pwb-brand","embeddable":true,"href":"https:\/\/www.autonvaraosahaku.fi\/index.php?rest_route=%2Fwp%2Fv2%2Fpwb-brand&post=85349"},{"taxonomy":"product_cat","embeddable":true,"href":"https:\/\/www.autonvaraosahaku.fi\/index.php?rest_route=%2Fwp%2Fv2%2Fproduct_cat&post=85349"},{"taxonomy":"product_tag","embeddable":true,"href":"https:\/\/www.autonvaraosahaku.fi\/index.php?rest_route=%2Fwp%2Fv2%2Fproduct_tag&post=85349"}],"curies":[{"name":"wp","href":"https:\/\/api.w.org\/{rel}","templated":true}]}}