{"id":85358,"date":"2021-02-21T20:41:33","date_gmt":"2021-02-21T20:41:33","guid":{"rendered":"https:\/\/www.autonvaraosahaku.fi\/?product=vaico-v10-40012-jarrulevyt"},"modified":"2021-02-21T20:41:35","modified_gmt":"2021-02-21T20:41:35","slug":"vaico-v10-40012-jarrulevyt","status":"publish","type":"product","link":"https:\/\/www.autonvaraosahaku.fi\/?product=vaico-v10-40012-jarrulevyt","title":{"rendered":"VAICO V10-40012 Jarrulevyt"},"content":{"rendered":"<p>Jarrulevyn navan korkeus [mm]: 23,6; Vanne, aukkoja: 4; Korkeus (mm): 33,6; Jarrulevytyyppi: Vakiomalli; Jarrulevyn paksuus (mm): 9,9; V\u00e4himm\u00e4ispaksuus (mm): 8; Ulkol\u00e4pimitta [mm]: 239; keskitt\u00e4misl\u00e4pimitta [mm]: 65; Reik\u00e4ympyr\u00e4-\u00d8 [mm]: 100; Asennuspuoli: Etuakseli, Etuakseli; Pakkausleveys [cm]: 26, 26; Pakkauskorkeus [mm]: 7, 7; Pakkaussyvyys [cm]: 26, 26; t\u00e4ytt\u00e4\u00e4 ECE-normin: R90; Paino [kg]: 3,517; lis\u00e4tieto: CST99; Alustanumeroon: 6N-SY087410; VW: POLO 6N2,POLO 6N1,POLO CLASSIC 6KV2,POLO Kasten 6NF; SEAT: AROSA 6H; 6N0615301, 6N0615301, 6N0615301; Jarrulevy<\/p>\n","protected":false},"excerpt":{"rendered":"<p>VAICO Jarrulevyt V10-40012 Jarrulevy VW,SEAT,POLO 6N2,POLO 6N1,POLO CLASSIC 6KV2,POLO Kasten 6NF,AROSA 6H<\/p>\n","protected":false},"featured_media":0,"template":"","meta":{"site-sidebar-layout":"default","site-content-layout":"default","ast-global-header-display":"","ast-main-header-display":"","ast-hfb-above-header-display":"","ast-hfb-below-header-display":"","ast-hfb-mobile-header-display":"","site-post-title":"","ast-breadcrumbs-content":"","ast-featured-img":"","footer-sml-layout":"","theme-transparent-header-meta":"","adv-header-id-meta":"","stick-header-meta":"","header-above-stick-meta":"","header-main-stick-meta":"","header-below-stick-meta":""},"pwb-brand":[330],"product_cat":[66],"product_tag":[],"class_list":{"0":"post-85358","1":"product","2":"type-product","3":"status-publish","5":"pwb-brand-vaico","6":"product_cat-jarrulevyt","7":"desktop-align-left","8":"tablet-align-left","9":"mobile-align-left","11":"first","12":"instock","13":"product-type-external"},"brands":[{"id":330,"name":"VAICO","slug":"vaico"}],"_links":{"self":[{"href":"https:\/\/www.autonvaraosahaku.fi\/index.php?rest_route=\/wp\/v2\/product\/85358","targetHints":{"allow":["GET"]}}],"collection":[{"href":"https:\/\/www.autonvaraosahaku.fi\/index.php?rest_route=\/wp\/v2\/product"}],"about":[{"href":"https:\/\/www.autonvaraosahaku.fi\/index.php?rest_route=\/wp\/v2\/types\/product"}],"wp:attachment":[{"href":"https:\/\/www.autonvaraosahaku.fi\/index.php?rest_route=%2Fwp%2Fv2%2Fmedia&parent=85358"}],"wp:term":[{"taxonomy":"pwb-brand","embeddable":true,"href":"https:\/\/www.autonvaraosahaku.fi\/index.php?rest_route=%2Fwp%2Fv2%2Fpwb-brand&post=85358"},{"taxonomy":"product_cat","embeddable":true,"href":"https:\/\/www.autonvaraosahaku.fi\/index.php?rest_route=%2Fwp%2Fv2%2Fproduct_cat&post=85358"},{"taxonomy":"product_tag","embeddable":true,"href":"https:\/\/www.autonvaraosahaku.fi\/index.php?rest_route=%2Fwp%2Fv2%2Fproduct_tag&post=85358"}],"curies":[{"name":"wp","href":"https:\/\/api.w.org\/{rel}","templated":true}]}}