{"id":85381,"date":"2021-02-21T20:41:40","date_gmt":"2021-02-21T20:41:40","guid":{"rendered":"https:\/\/www.autonvaraosahaku.fi\/?product=vaico-v25-80007-jarrulevyt"},"modified":"2021-02-21T20:41:44","modified_gmt":"2021-02-21T20:41:44","slug":"vaico-v25-80007-jarrulevyt","status":"publish","type":"product","link":"https:\/\/www.autonvaraosahaku.fi\/?product=vaico-v25-80007-jarrulevyt","title":{"rendered":"VAICO V25-80007 Jarrulevyt"},"content":{"rendered":"<p>Jarrulevyn navan korkeus [mm]: 22,9; Asennuspuoli: Etuakseli; Vanne, aukkoja: 5; Korkeus (mm): 47; Jarrulevytyyppi: Tuuletettu; Jarrulevyn paksuus (mm): 23,9; V\u00e4himm\u00e4ispaksuus (mm): 22; Ulkol\u00e4pimitta [mm]: 300; keskitt\u00e4misl\u00e4pimitta [mm]: 63,5; Reik\u00e4ympyr\u00e4-\u00d8 [mm]: 108; Pakkausleveys [cm]: 32, 32; Pakkauskorkeus [mm]: 10, 10; Pakkaussyvyys [cm]: 32, 32; Paino [kg]: 7,878; lis\u00e4tieto: CST99; JAGUAR: X-TYPE CF1,X-TYPE Estate; FORD: MONDEO III Kombi BWY,MONDEO III B5Y,MONDEO III Stufenheck B4Y; 1321488, 1376118, 1388257, 1465618, 1506298, 1565017, 1681578, 1S7W1125AB, 4097427, 4097477, 4097478, 4110587, 4179398, 4181042, 7S7J1125BB, 7S7JJ1125BB, C2S4566, 1S7W1125AC, 1S7W1125B3B, 1S7W1125B3D, C2S35270, C2S42667, C2S49729; Jarrulevy<\/p>\n","protected":false},"excerpt":{"rendered":"<p>VAICO Jarrulevyt V25-80007 Jarrulevy JAGUAR,FORD,X-TYPE CF1,X-TYPE Estate,MONDEO III Kombi BWY,MONDEO III B5Y,MONDEO III Stufenheck B4Y<\/p>\n","protected":false},"featured_media":0,"template":"","meta":{"site-sidebar-layout":"default","site-content-layout":"default","ast-global-header-display":"","ast-main-header-display":"","ast-hfb-above-header-display":"","ast-hfb-below-header-display":"","ast-hfb-mobile-header-display":"","site-post-title":"","ast-breadcrumbs-content":"","ast-featured-img":"","footer-sml-layout":"","theme-transparent-header-meta":"","adv-header-id-meta":"","stick-header-meta":"","header-above-stick-meta":"","header-main-stick-meta":"","header-below-stick-meta":""},"pwb-brand":[330],"product_cat":[66],"product_tag":[],"class_list":{"0":"post-85381","1":"product","2":"type-product","3":"status-publish","5":"pwb-brand-vaico","6":"product_cat-jarrulevyt","7":"desktop-align-left","8":"tablet-align-left","9":"mobile-align-left","11":"first","12":"instock","13":"product-type-external"},"brands":[{"id":330,"name":"VAICO","slug":"vaico"}],"_links":{"self":[{"href":"https:\/\/www.autonvaraosahaku.fi\/index.php?rest_route=\/wp\/v2\/product\/85381","targetHints":{"allow":["GET"]}}],"collection":[{"href":"https:\/\/www.autonvaraosahaku.fi\/index.php?rest_route=\/wp\/v2\/product"}],"about":[{"href":"https:\/\/www.autonvaraosahaku.fi\/index.php?rest_route=\/wp\/v2\/types\/product"}],"wp:attachment":[{"href":"https:\/\/www.autonvaraosahaku.fi\/index.php?rest_route=%2Fwp%2Fv2%2Fmedia&parent=85381"}],"wp:term":[{"taxonomy":"pwb-brand","embeddable":true,"href":"https:\/\/www.autonvaraosahaku.fi\/index.php?rest_route=%2Fwp%2Fv2%2Fpwb-brand&post=85381"},{"taxonomy":"product_cat","embeddable":true,"href":"https:\/\/www.autonvaraosahaku.fi\/index.php?rest_route=%2Fwp%2Fv2%2Fproduct_cat&post=85381"},{"taxonomy":"product_tag","embeddable":true,"href":"https:\/\/www.autonvaraosahaku.fi\/index.php?rest_route=%2Fwp%2Fv2%2Fproduct_tag&post=85381"}],"curies":[{"name":"wp","href":"https:\/\/api.w.org\/{rel}","templated":true}]}}