{"id":85383,"date":"2021-02-21T20:41:40","date_gmt":"2021-02-21T20:41:40","guid":{"rendered":"https:\/\/www.autonvaraosahaku.fi\/?product=febi-bilstein-26690-oljynsuodatin"},"modified":"2021-02-21T20:41:45","modified_gmt":"2021-02-21T20:41:45","slug":"febi-bilstein-26690-oljynsuodatin","status":"publish","type":"product","link":"https:\/\/www.autonvaraosahaku.fi\/?product=febi-bilstein-26690-oljynsuodatin","title":{"rendered":"FEBI BILSTEIN 26690 \u00d6ljynsuodatin"},"content":{"rendered":"<p>Suodatintyyppi: Suodatinpanos, Suodatinpanos; Korkeus (mm): 160; Sis\u00e4l\u00e4pimitta [mm]: 36,6; Ulkol\u00e4pimitta [mm]: 80,0; Materiaali: Paperi; Paino [kg]: 0,160; Kotelomalli: Geh\u00e4use mit Kunststoff-Deckel; BMW: 5 E39,5 Touring E39,3 E36,7 E38,5 E34,3 Touring E36,5 Touring E34; LAND ROVER: RANGE ROVER II LP; OPEL: OMEGA B Caravan 21_, 22_, 23_,OMEGA B 25_, 26_, 27_; VAUXHALL: OMEGA B,OMEGA B Estate; 11422246131, STC3350, 00650318, 05650308, 0650318, 5650308, 650318, 090542604, 093180093, 90542604, 93180093<\/p>\n","protected":false},"excerpt":{"rendered":"<p>FEBI BILSTEIN \u00d6ljynsuodatin 26690  BMW,LAND ROVER,OPEL,5 E39,5 Touring E39,3 E36,7 E38,5 E34,3 Touring E36,5 Touring E34,RANGE ROVER II LP<\/p>\n","protected":false},"featured_media":0,"template":"","meta":{"site-sidebar-layout":"default","site-content-layout":"default","ast-global-header-display":"","ast-main-header-display":"","ast-hfb-above-header-display":"","ast-hfb-below-header-display":"","ast-hfb-mobile-header-display":"","site-post-title":"","ast-breadcrumbs-content":"","ast-featured-img":"","footer-sml-layout":"","theme-transparent-header-meta":"","adv-header-id-meta":"","stick-header-meta":"","header-above-stick-meta":"","header-main-stick-meta":"","header-below-stick-meta":""},"pwb-brand":[50],"product_cat":[30],"product_tag":[],"class_list":{"0":"post-85383","1":"product","2":"type-product","3":"status-publish","5":"pwb-brand-febi-bilstein","6":"product_cat-oljynsuodatin","7":"desktop-align-left","8":"tablet-align-left","9":"mobile-align-left","11":"first","12":"instock","13":"product-type-external"},"brands":[{"id":50,"name":"FEBI BILSTEIN","slug":"febi-bilstein"}],"_links":{"self":[{"href":"https:\/\/www.autonvaraosahaku.fi\/index.php?rest_route=\/wp\/v2\/product\/85383","targetHints":{"allow":["GET"]}}],"collection":[{"href":"https:\/\/www.autonvaraosahaku.fi\/index.php?rest_route=\/wp\/v2\/product"}],"about":[{"href":"https:\/\/www.autonvaraosahaku.fi\/index.php?rest_route=\/wp\/v2\/types\/product"}],"wp:attachment":[{"href":"https:\/\/www.autonvaraosahaku.fi\/index.php?rest_route=%2Fwp%2Fv2%2Fmedia&parent=85383"}],"wp:term":[{"taxonomy":"pwb-brand","embeddable":true,"href":"https:\/\/www.autonvaraosahaku.fi\/index.php?rest_route=%2Fwp%2Fv2%2Fpwb-brand&post=85383"},{"taxonomy":"product_cat","embeddable":true,"href":"https:\/\/www.autonvaraosahaku.fi\/index.php?rest_route=%2Fwp%2Fv2%2Fproduct_cat&post=85383"},{"taxonomy":"product_tag","embeddable":true,"href":"https:\/\/www.autonvaraosahaku.fi\/index.php?rest_route=%2Fwp%2Fv2%2Fproduct_tag&post=85383"}],"curies":[{"name":"wp","href":"https:\/\/api.w.org\/{rel}","templated":true}]}}