{"id":85458,"date":"2021-02-21T20:42:11","date_gmt":"2021-02-21T20:42:11","guid":{"rendered":"https:\/\/www.autonvaraosahaku.fi\/?product=swag-60-54-0013-iskunvaimentimen-tukilaakeri"},"modified":"2021-02-21T20:42:14","modified_gmt":"2021-02-21T20:42:14","slug":"swag-60-54-0013-iskunvaimentimen-tukilaakeri","status":"publish","type":"product","link":"https:\/\/www.autonvaraosahaku.fi\/?product=swag-60-54-0013-iskunvaimentimen-tukilaakeri","title":{"rendered":"SWAG 60 54 0013 Iskunvaimentimen tukilaakeri"},"content":{"rendered":"<p>Paksuus [mm]: 9,0; Sis\u00e4l\u00e4pimitta [mm]: 16,0; Ulkol\u00e4pimitta [mm]: 56,0; Materiaali: Metalli; Laakerityyppi: Vierint\u00e4laakeri; Asennuspuoli: etuakseli molemminpuoleinen; Paino [kg]: 0,07, 0,07; Moottorinumero: D7F; DACIA: DUSTER,SANDERO,LOGAN MCV KS_,SANDERO II,LODGY,LOGAN MCV II,DOKKER,LOGAN LS_,DOKKER Express,LOGAN EXPRESS FS_,LOGAN Pick-up US_,LOGAN II; RENAULT: TWINGO I C06_,CLIO II BB0\/1\/2_, CB0\/1\/2_,CLIO III BR0\/1, CR0\/1,KANGOO KC0\/1_,TWINGO II CN0_,KANGOO Express FC0\/1_,CLIO I B\/C57_, 5\/357_,TWINGO I Kasten S06_,CLIO II Kasten SB0\/1\/2_,THALIA I LB0\/1\/2_,SANDERO\/STEPWAY I,CLIO I Kasten S57_,DUSTER,LOGAN I Kombi KS_,LOGAN I LS_,THALIA II LU1\/2_,LOGAN EXPRESS,SANDERO\/STEPWAY II,LOGAN II Kombi,LOGAN II; 6001025850, 7700800107, 8200651172, 5432500Q0A, 5432500Q0C, 5432500QAA, 8200651172, 6001025850, 7700800107, 8200651172<\/p>\n","protected":false},"excerpt":{"rendered":"<p>SWAG Rullalaakeri, Jousijalkalaakeri 60 54 0013  DACIA,RENAULT,DUSTER,SANDERO,LOGAN MCV KS_,SANDERO II,LODGY,LOGAN MCV II,DOKKER,LOGAN LS_<\/p>\n","protected":false},"featured_media":0,"template":"","meta":{"site-sidebar-layout":"default","site-content-layout":"default","ast-global-header-display":"","ast-main-header-display":"","ast-hfb-above-header-display":"","ast-hfb-below-header-display":"","ast-hfb-mobile-header-display":"","site-post-title":"","ast-breadcrumbs-content":"","ast-featured-img":"","footer-sml-layout":"","theme-transparent-header-meta":"","adv-header-id-meta":"","stick-header-meta":"","header-above-stick-meta":"","header-main-stick-meta":"","header-below-stick-meta":""},"pwb-brand":[103],"product_cat":[106],"product_tag":[],"class_list":{"0":"post-85458","1":"product","2":"type-product","3":"status-publish","5":"pwb-brand-swag","6":"product_cat-iskunvaimentimen-tukilaakeri","7":"desktop-align-left","8":"tablet-align-left","9":"mobile-align-left","11":"first","12":"instock","13":"product-type-external"},"brands":[{"id":103,"name":"SWAG","slug":"swag"}],"_links":{"self":[{"href":"https:\/\/www.autonvaraosahaku.fi\/index.php?rest_route=\/wp\/v2\/product\/85458","targetHints":{"allow":["GET"]}}],"collection":[{"href":"https:\/\/www.autonvaraosahaku.fi\/index.php?rest_route=\/wp\/v2\/product"}],"about":[{"href":"https:\/\/www.autonvaraosahaku.fi\/index.php?rest_route=\/wp\/v2\/types\/product"}],"wp:attachment":[{"href":"https:\/\/www.autonvaraosahaku.fi\/index.php?rest_route=%2Fwp%2Fv2%2Fmedia&parent=85458"}],"wp:term":[{"taxonomy":"pwb-brand","embeddable":true,"href":"https:\/\/www.autonvaraosahaku.fi\/index.php?rest_route=%2Fwp%2Fv2%2Fpwb-brand&post=85458"},{"taxonomy":"product_cat","embeddable":true,"href":"https:\/\/www.autonvaraosahaku.fi\/index.php?rest_route=%2Fwp%2Fv2%2Fproduct_cat&post=85458"},{"taxonomy":"product_tag","embeddable":true,"href":"https:\/\/www.autonvaraosahaku.fi\/index.php?rest_route=%2Fwp%2Fv2%2Fproduct_tag&post=85458"}],"curies":[{"name":"wp","href":"https:\/\/api.w.org\/{rel}","templated":true}]}}