{"id":85497,"date":"2021-02-21T20:42:28","date_gmt":"2021-02-21T20:42:28","guid":{"rendered":"https:\/\/www.autonvaraosahaku.fi\/?product=swag-10-79-0043-tukivarren-hela"},"modified":"2021-02-21T20:42:31","modified_gmt":"2021-02-21T20:42:31","slug":"swag-10-79-0043-tukivarren-hela","status":"publish","type":"product","link":"https:\/\/www.autonvaraosahaku.fi\/?product=swag-10-79-0043-tukivarren-hela","title":{"rendered":"SWAG 10 79 0043 Tukivarren hela"},"content":{"rendered":"<p>Pituus (mm): 65; Sis\u00e4l\u00e4pimitta [mm]: 16,0; Ulkol\u00e4pimitta [mm]: 54,0; Ohjausmalli: Viistotukivarsi; Asennuspuoli: Taka-akseli; Paino [kg]: 0,193, 0,193; Moottorinumero: M110; MERCEDES-BENZ: SL R107,Stufenheck W123,S-CLASS W126,COUPE C123,S-CLASS W116,S-CLASS Coupe C126,KOMBI Kombi S123,SL Coupe C107; 1153523265, 1153523665, 1233520565, 123352056505, 1263520165, A1153523265, A1153523665, A1233520565, A123352056505, A1263520165<\/p>\n","protected":false},"excerpt":{"rendered":"<p>SWAG Tukivarren Hela 10 79 0043  MERCEDES-BENZ,SL R107,Stufenheck W123,S-CLASS W126,COUPE C123,S-CLASS W116,S-CLASS Coupe C126,KOMBI Kombi S123<\/p>\n","protected":false},"featured_media":0,"template":"","meta":{"site-sidebar-layout":"default","site-content-layout":"default","ast-global-header-display":"","ast-main-header-display":"","ast-hfb-above-header-display":"","ast-hfb-below-header-display":"","ast-hfb-mobile-header-display":"","site-post-title":"","ast-breadcrumbs-content":"","ast-featured-img":"","footer-sml-layout":"","theme-transparent-header-meta":"","adv-header-id-meta":"","stick-header-meta":"","header-above-stick-meta":"","header-main-stick-meta":"","header-below-stick-meta":""},"pwb-brand":[103],"product_cat":[115],"product_tag":[],"class_list":{"0":"post-85497","1":"product","2":"type-product","3":"status-publish","5":"pwb-brand-swag","6":"product_cat-tukivarren-hela","7":"desktop-align-left","8":"tablet-align-left","9":"mobile-align-left","11":"first","12":"instock","13":"product-type-external"},"brands":[{"id":103,"name":"SWAG","slug":"swag"}],"_links":{"self":[{"href":"https:\/\/www.autonvaraosahaku.fi\/index.php?rest_route=\/wp\/v2\/product\/85497","targetHints":{"allow":["GET"]}}],"collection":[{"href":"https:\/\/www.autonvaraosahaku.fi\/index.php?rest_route=\/wp\/v2\/product"}],"about":[{"href":"https:\/\/www.autonvaraosahaku.fi\/index.php?rest_route=\/wp\/v2\/types\/product"}],"wp:attachment":[{"href":"https:\/\/www.autonvaraosahaku.fi\/index.php?rest_route=%2Fwp%2Fv2%2Fmedia&parent=85497"}],"wp:term":[{"taxonomy":"pwb-brand","embeddable":true,"href":"https:\/\/www.autonvaraosahaku.fi\/index.php?rest_route=%2Fwp%2Fv2%2Fpwb-brand&post=85497"},{"taxonomy":"product_cat","embeddable":true,"href":"https:\/\/www.autonvaraosahaku.fi\/index.php?rest_route=%2Fwp%2Fv2%2Fproduct_cat&post=85497"},{"taxonomy":"product_tag","embeddable":true,"href":"https:\/\/www.autonvaraosahaku.fi\/index.php?rest_route=%2Fwp%2Fv2%2Fproduct_tag&post=85497"}],"curies":[{"name":"wp","href":"https:\/\/api.w.org\/{rel}","templated":true}]}}