{"id":85500,"date":"2021-02-21T20:42:28","date_gmt":"2021-02-21T20:42:28","guid":{"rendered":"https:\/\/www.autonvaraosahaku.fi\/?product=swag-10-61-0050-kallistuksenvakaajan-puslat"},"modified":"2021-02-21T20:42:32","modified_gmt":"2021-02-21T20:42:32","slug":"swag-10-61-0050-kallistuksenvakaajan-puslat","status":"publish","type":"product","link":"https:\/\/www.autonvaraosahaku.fi\/?product=swag-10-61-0050-kallistuksenvakaajan-puslat","title":{"rendered":"SWAG 10 61 0050 Kallistuksenvakaajan puslat"},"content":{"rendered":"<p>Pituus (mm): 26; Sis\u00e4l\u00e4pimitta [mm]: 12,0; Ulkol\u00e4pimitta [mm]: 26,0; Materiaali: Kumi-metalli; Paino [kg]: 0,035, 0,035; Asennuspuoli: Hinterachse; VW: CRAFTER 30-50 Kasten 2E_,LT 28-46 II Kasten 2DA, 2DD, 2DH,CRAFTER 30-35 Bus 2E_,LT 28-35 II Bus 2DB, 2DE, 2DK,LT 28-46 II Pritsche\/Fahrgestell 2DC, 2DF, 2DG, 2DL, 2DM,CRAFTER 30-50 Pritsche\/Fahrgestell 2F_; MERCEDES-BENZ: SPRINTER 3,5-t Kasten 906,SPRINTER 3-t Kasten 903,SPRINTER 3,5-t Bus 906,SPRINTER 2-t Bus 901, 902,SPRINTER 3-t Kasten 906,SPRINTER 2-t Kasten 901, 902,SPRINTER 3-t Bus 903,SPRINTER 3,5-t Pritsche\/Fahrgestell 906,SPRINTER 3-t Pritsche\/Fahrgestell 903,T1 Bus 601,T1 Pritsche\/Fahrgestell 602,T1 Kasten 602,SPRINTER 3-t Bus 906,SPRINTER 4-t Pritsche\/Fahrgestell 904,T1 Pritsche\/Fahrgestell 601,T2\/LN1 Kasten\/Kombi,SPRINTER 2-t Pritsche\/Fahrgestell 901, 902,T1 Kasten 601,SPRINTER 5-t Kasten 906,SPRINTER 5-t Pritsche\/Fahrgestell 906,SPRINTER 4-t Kasten 904,T1 Bus 602,T1\/TN Pritsche\/Fahrgestell,SPRINTER 3-t Pritsche\/Fahrgestell 906,T2\/LN1 Pritsche\/Fahrgestell,T1\/TN Kasten\/Kombi,SPRINTER 4-t Bus 904,SPRINTER 4,6-t Pritsche\/Fahrgestell 906,SPRINTER 4,6-t Kasten 906,T2\/LN1 Kipper,UNIMOG; 05103955AA, 5103955AA, 05103955AA, 5103955AA, 6013210350, A6013210350, 2D0511413, 2E0511413H; Kallistuksenvakaajan Kumit,Vakaajan Hela<\/p>\n","protected":false},"excerpt":{"rendered":"<p>SWAG Kallistuksenvakaajan Puslat 10 61 0050 Kallistuksenvakaajan Kumit,Vakaajan Hela VW,MERCEDES-BENZ,CRAFTER 30-50 Kasten 2E_<\/p>\n","protected":false},"featured_media":0,"template":"","meta":{"site-sidebar-layout":"default","site-content-layout":"default","ast-global-header-display":"","ast-main-header-display":"","ast-hfb-above-header-display":"","ast-hfb-below-header-display":"","ast-hfb-mobile-header-display":"","site-post-title":"","ast-breadcrumbs-content":"","ast-featured-img":"","footer-sml-layout":"","theme-transparent-header-meta":"","adv-header-id-meta":"","stick-header-meta":"","header-above-stick-meta":"","header-main-stick-meta":"","header-below-stick-meta":""},"pwb-brand":[103],"product_cat":[82],"product_tag":[],"class_list":{"0":"post-85500","1":"product","2":"type-product","3":"status-publish","5":"pwb-brand-swag","6":"product_cat-kallistuksenvakaajan-puslat","7":"desktop-align-left","8":"tablet-align-left","9":"mobile-align-left","11":"first","12":"instock","13":"product-type-external"},"brands":[{"id":103,"name":"SWAG","slug":"swag"}],"_links":{"self":[{"href":"https:\/\/www.autonvaraosahaku.fi\/index.php?rest_route=\/wp\/v2\/product\/85500","targetHints":{"allow":["GET"]}}],"collection":[{"href":"https:\/\/www.autonvaraosahaku.fi\/index.php?rest_route=\/wp\/v2\/product"}],"about":[{"href":"https:\/\/www.autonvaraosahaku.fi\/index.php?rest_route=\/wp\/v2\/types\/product"}],"wp:attachment":[{"href":"https:\/\/www.autonvaraosahaku.fi\/index.php?rest_route=%2Fwp%2Fv2%2Fmedia&parent=85500"}],"wp:term":[{"taxonomy":"pwb-brand","embeddable":true,"href":"https:\/\/www.autonvaraosahaku.fi\/index.php?rest_route=%2Fwp%2Fv2%2Fpwb-brand&post=85500"},{"taxonomy":"product_cat","embeddable":true,"href":"https:\/\/www.autonvaraosahaku.fi\/index.php?rest_route=%2Fwp%2Fv2%2Fproduct_cat&post=85500"},{"taxonomy":"product_tag","embeddable":true,"href":"https:\/\/www.autonvaraosahaku.fi\/index.php?rest_route=%2Fwp%2Fv2%2Fproduct_tag&post=85500"}],"curies":[{"name":"wp","href":"https:\/\/api.w.org\/{rel}","templated":true}]}}