{"id":85502,"date":"2021-02-21T20:42:28","date_gmt":"2021-02-21T20:42:28","guid":{"rendered":"https:\/\/www.autonvaraosahaku.fi\/?product=japanparts-rd-248-raidetangon-sisapaa"},"modified":"2021-02-21T20:42:32","modified_gmt":"2021-02-21T20:42:32","slug":"japanparts-rd-248-raidetangon-sisapaa","status":"publish","type":"product","link":"https:\/\/www.autonvaraosahaku.fi\/?product=japanparts-rd-248-raidetangon-sisapaa","title":{"rendered":"JAPANPARTS RD-248 Raidetangon sis\u00e4p\u00e4\u00e4"},"content":{"rendered":"<p>Asennuspuoli: Etuakseli; Kokonaispituus (mm): 266; Ulkokierre [mm]: 14&#215;1,5; Ulkokierre 1 [mm]: 14&#215;1,5; LEXUS: IS I JCE1_, GXE1_,IS SportCross; 4550329785, 4550339105, 4550329785, 4550339105; Raidetangon P\u00e4\u00e4 Sisempi,Raidetangon P\u00e4\u00e4, Suora<\/p>\n","protected":false},"excerpt":{"rendered":"<p>JAPANPARTS Raidetangon Sis\u00e4p\u00e4\u00e4 RD-248 Raidetangon P\u00e4\u00e4 Sisempi,Raidetangon P\u00e4\u00e4, Suora LEXUS,IS I JCE1_, GXE1_,IS SportCross<\/p>\n","protected":false},"featured_media":0,"template":"","meta":{"site-sidebar-layout":"default","site-content-layout":"default","ast-global-header-display":"","ast-main-header-display":"","ast-hfb-above-header-display":"","ast-hfb-below-header-display":"","ast-hfb-mobile-header-display":"","site-post-title":"","ast-breadcrumbs-content":"","ast-featured-img":"","footer-sml-layout":"","theme-transparent-header-meta":"","adv-header-id-meta":"","stick-header-meta":"","header-above-stick-meta":"","header-main-stick-meta":"","header-below-stick-meta":""},"pwb-brand":[334],"product_cat":[208],"product_tag":[],"class_list":{"0":"post-85502","1":"product","2":"type-product","3":"status-publish","5":"pwb-brand-japanparts","6":"product_cat-raidetangon-sisapaa","7":"desktop-align-left","8":"tablet-align-left","9":"mobile-align-left","11":"first","12":"instock","13":"product-type-external"},"brands":[{"id":334,"name":"JAPANPARTS","slug":"japanparts"}],"_links":{"self":[{"href":"https:\/\/www.autonvaraosahaku.fi\/index.php?rest_route=\/wp\/v2\/product\/85502","targetHints":{"allow":["GET"]}}],"collection":[{"href":"https:\/\/www.autonvaraosahaku.fi\/index.php?rest_route=\/wp\/v2\/product"}],"about":[{"href":"https:\/\/www.autonvaraosahaku.fi\/index.php?rest_route=\/wp\/v2\/types\/product"}],"wp:attachment":[{"href":"https:\/\/www.autonvaraosahaku.fi\/index.php?rest_route=%2Fwp%2Fv2%2Fmedia&parent=85502"}],"wp:term":[{"taxonomy":"pwb-brand","embeddable":true,"href":"https:\/\/www.autonvaraosahaku.fi\/index.php?rest_route=%2Fwp%2Fv2%2Fpwb-brand&post=85502"},{"taxonomy":"product_cat","embeddable":true,"href":"https:\/\/www.autonvaraosahaku.fi\/index.php?rest_route=%2Fwp%2Fv2%2Fproduct_cat&post=85502"},{"taxonomy":"product_tag","embeddable":true,"href":"https:\/\/www.autonvaraosahaku.fi\/index.php?rest_route=%2Fwp%2Fv2%2Fproduct_tag&post=85502"}],"curies":[{"name":"wp","href":"https:\/\/api.w.org\/{rel}","templated":true}]}}