{"id":85503,"date":"2021-02-21T20:42:28","date_gmt":"2021-02-21T20:42:28","guid":{"rendered":"https:\/\/www.autonvaraosahaku.fi\/?product=swag-10-56-0022-iskunvaimentimen-suojakumi-pohjaanlyontikumi"},"modified":"2021-02-21T20:42:33","modified_gmt":"2021-02-21T20:42:33","slug":"swag-10-56-0022-iskunvaimentimen-suojakumi-pohjaanlyontikumi","status":"publish","type":"product","link":"https:\/\/www.autonvaraosahaku.fi\/?product=swag-10-56-0022-iskunvaimentimen-suojakumi-pohjaanlyontikumi","title":{"rendered":"SWAG 10 56 0022 Iskunvaimentimen suojakumi &#038; pohjaanly\u00f6ntikumi"},"content":{"rendered":"<p>Paksuus [mm]: 9,0; Sis\u00e4l\u00e4pimitta [mm]: 63,0; Ulkol\u00e4pimitta [mm]: 105,0; Materiaali: Kumi; Nuppiluku: 2; Asennuspuoli: Taka-akseli; Paino [kg]: 0,121, 0,121; Alustanumerosta: A384234; MERCEDES-BENZ: C-CLASS W203,C-CLASS W204,C-CLASS T-Model S204,C-CLASS T-Model S203,C-CLASS W202,SLK R170,E-CLASS W210,E-CLASS W212,C-CLASS Coupe CL203,E-CLASS T-Model S212,GLK-CLASS X204,E-CLASS Kombi S210,SLK R171,CLK C208,CLK C209,C-CLASS Kombi S202,E-CLASS Coupe C207,CLK Cabriolet A208,CLK Cabriolet A209,E-CLASS Cabriolet A207,CLC-CLASS CL203; 2103250284, A2103250284; Vaimennuskumi, Jousitus<\/p>\n","protected":false},"excerpt":{"rendered":"<p>SWAG Pohjaanly\u00f6ntikumi 10 56 0022 Vaimennuskumi, Jousitus MERCEDES-BENZ,C-CLASS W203,C-CLASS W204,C-CLASS T-Model S204,C-CLASS T-Model S203<\/p>\n","protected":false},"featured_media":0,"template":"","meta":{"site-sidebar-layout":"default","site-content-layout":"default","ast-global-header-display":"","ast-main-header-display":"","ast-hfb-above-header-display":"","ast-hfb-below-header-display":"","ast-hfb-mobile-header-display":"","site-post-title":"","ast-breadcrumbs-content":"","ast-featured-img":"","footer-sml-layout":"","theme-transparent-header-meta":"","adv-header-id-meta":"","stick-header-meta":"","header-above-stick-meta":"","header-main-stick-meta":"","header-below-stick-meta":""},"pwb-brand":[103],"product_cat":[92],"product_tag":[],"class_list":{"0":"post-85503","1":"product","2":"type-product","3":"status-publish","5":"pwb-brand-swag","6":"product_cat-iskunvaimentimen-suojakumi-pohjaanlyontikumi","7":"desktop-align-left","8":"tablet-align-left","9":"mobile-align-left","11":"first","12":"instock","13":"product-type-external"},"brands":[{"id":103,"name":"SWAG","slug":"swag"}],"_links":{"self":[{"href":"https:\/\/www.autonvaraosahaku.fi\/index.php?rest_route=\/wp\/v2\/product\/85503","targetHints":{"allow":["GET"]}}],"collection":[{"href":"https:\/\/www.autonvaraosahaku.fi\/index.php?rest_route=\/wp\/v2\/product"}],"about":[{"href":"https:\/\/www.autonvaraosahaku.fi\/index.php?rest_route=\/wp\/v2\/types\/product"}],"wp:attachment":[{"href":"https:\/\/www.autonvaraosahaku.fi\/index.php?rest_route=%2Fwp%2Fv2%2Fmedia&parent=85503"}],"wp:term":[{"taxonomy":"pwb-brand","embeddable":true,"href":"https:\/\/www.autonvaraosahaku.fi\/index.php?rest_route=%2Fwp%2Fv2%2Fpwb-brand&post=85503"},{"taxonomy":"product_cat","embeddable":true,"href":"https:\/\/www.autonvaraosahaku.fi\/index.php?rest_route=%2Fwp%2Fv2%2Fproduct_cat&post=85503"},{"taxonomy":"product_tag","embeddable":true,"href":"https:\/\/www.autonvaraosahaku.fi\/index.php?rest_route=%2Fwp%2Fv2%2Fproduct_tag&post=85503"}],"curies":[{"name":"wp","href":"https:\/\/api.w.org\/{rel}","templated":true}]}}