{"id":85504,"date":"2021-02-21T20:42:28","date_gmt":"2021-02-21T20:42:28","guid":{"rendered":"https:\/\/www.autonvaraosahaku.fi\/?product=vemo-v42-77-0008-tyhjakayntimoottori"},"modified":"2021-02-21T20:42:33","modified_gmt":"2021-02-21T20:42:33","slug":"vemo-v42-77-0008-tyhjakayntimoottori","status":"publish","type":"product","link":"https:\/\/www.autonvaraosahaku.fi\/?product=vemo-v42-77-0008-tyhjakayntimoottori","title":{"rendered":"VEMO V42-77-0008 Tyhj\u00e4k\u00e4yntimoottori"},"content":{"rendered":"<p>Paino [kg]: 0,116; Napojen m\u00e4\u00e4r\u00e4: 4; K\u00e4ytt\u00f6: S\u00e4hk\u00f6inen; Pakkausleveys [cm]: 4; Pakkauskorkeus [mm]: 6,7; Pakkaussyvyys [cm]: 6,8; Tuotelinja: Original Quality; Moottorinumero: KFX; CITRO\u00cbN: SAXO S0, S1; PEUGEOT: 206 Schr\u00e4gheck 2A\/C,206 SW 2E\/K,106 II 1,206 Stufenheck; 19205F, 19205F; Tyhj\u00e4k\u00e4yntiventtiili,Tyhj\u00e4k\u00e4yntis\u00e4\u00e4din,Kuormaventtiili, Ilmankierto<\/p>\n","protected":false},"excerpt":{"rendered":"<p>VEMO Tyhj\u00e4k\u00e4yntimoottori V42-77-0008 Tyhj\u00e4k\u00e4yntiventtiili,Tyhj\u00e4k\u00e4yntis\u00e4\u00e4din CITRO\u00cbN,PEUGEOT,SAXO S0, S1,206 Schr\u00e4gheck 2A\/C,206 SW 2E\/K,106 II 1<\/p>\n","protected":false},"featured_media":0,"template":"","meta":{"site-sidebar-layout":"default","site-content-layout":"default","ast-global-header-display":"","ast-main-header-display":"","ast-hfb-above-header-display":"","ast-hfb-below-header-display":"","ast-hfb-mobile-header-display":"","site-post-title":"","ast-breadcrumbs-content":"","ast-featured-img":"","footer-sml-layout":"","theme-transparent-header-meta":"","adv-header-id-meta":"","stick-header-meta":"","header-above-stick-meta":"","header-main-stick-meta":"","header-below-stick-meta":""},"pwb-brand":[168],"product_cat":[254],"product_tag":[],"class_list":{"0":"post-85504","1":"product","2":"type-product","3":"status-publish","5":"pwb-brand-vemo","6":"product_cat-tyhjakayntimoottori","7":"desktop-align-left","8":"tablet-align-left","9":"mobile-align-left","11":"first","12":"instock","13":"product-type-external"},"brands":[{"id":168,"name":"VEMO","slug":"vemo"}],"_links":{"self":[{"href":"https:\/\/www.autonvaraosahaku.fi\/index.php?rest_route=\/wp\/v2\/product\/85504","targetHints":{"allow":["GET"]}}],"collection":[{"href":"https:\/\/www.autonvaraosahaku.fi\/index.php?rest_route=\/wp\/v2\/product"}],"about":[{"href":"https:\/\/www.autonvaraosahaku.fi\/index.php?rest_route=\/wp\/v2\/types\/product"}],"wp:attachment":[{"href":"https:\/\/www.autonvaraosahaku.fi\/index.php?rest_route=%2Fwp%2Fv2%2Fmedia&parent=85504"}],"wp:term":[{"taxonomy":"pwb-brand","embeddable":true,"href":"https:\/\/www.autonvaraosahaku.fi\/index.php?rest_route=%2Fwp%2Fv2%2Fpwb-brand&post=85504"},{"taxonomy":"product_cat","embeddable":true,"href":"https:\/\/www.autonvaraosahaku.fi\/index.php?rest_route=%2Fwp%2Fv2%2Fproduct_cat&post=85504"},{"taxonomy":"product_tag","embeddable":true,"href":"https:\/\/www.autonvaraosahaku.fi\/index.php?rest_route=%2Fwp%2Fv2%2Fproduct_tag&post=85504"}],"curies":[{"name":"wp","href":"https:\/\/api.w.org\/{rel}","templated":true}]}}