{"id":85508,"date":"2021-02-21T20:42:28","date_gmt":"2021-02-21T20:42:28","guid":{"rendered":"https:\/\/www.autonvaraosahaku.fi\/?product=japanparts-pa-528af-jarrupalat"},"modified":"2021-02-21T20:42:35","modified_gmt":"2021-02-21T20:42:35","slug":"japanparts-pa-528af-jarrupalat","status":"publish","type":"product","link":"https:\/\/www.autonvaraosahaku.fi\/?product=japanparts-pa-528af-jarrupalat","title":{"rendered":"JAPANPARTS PA-528AF Jarrupalat"},"content":{"rendered":"<p>Asennuspuoli: Etuakseli; Pituus (mm): 114,2; Korkeus (mm): 50,3; Paksuus [mm]: 14,4; WVA-numero: 21650; Tarkistuskilpi: ECE R90 APPROVED; M\u00e4\u00e4r\u00e4yksikk\u00f6: Akselisarja; Valmistusvuosi alkaen: 05\/1990; MITSUBISHI: COLT V CJ_, CP_,COLT IV CA_A,COLT III C5_A,LANCER VI CJ-CP_,LANCER V Station Wagon CB_W, CD_W,LANCER V CB\/D_A,LANCER IV C6_A, C7_A,LANCER III Station Wagon C1_V, C3_V,LANCER IV Stufenheck C6_A; DAIHATSU: TERIOS J2_,TERIOS J1,EXTOL Bus S22_, S23_; 04465B4010, 04465B4020, 04465B4040, 04465B4050, 0449187401, 0449187401000, 0449187402000, 0449187403, 0449187403000, 449187401000, 449187403000, AY040KE117, V9118D015, V9118M005, V9118M007, V9118M017, 9H0M011, DBP511110, DBP511114, MB699463, MB699464, MB699473, MB699474, MB858744, MB928420, MB928461, MB928463, MB928816, MB928817, MB928963, MB950554, MB950555, MN102605, MR249779, MR389507, MR389508, MR389509, MR389510, MR389511, MR389512, MZ690000, MZ690026, MZ690046, MZ690168, MZ690330, X3511001, AY040KE117, AY040MT003, AY040MT006, MB699463E, MB699463R, MB699464, MB928816, MB928817, MB950555, MB950555R, PC351101, 04465B4030; Jarrupalasarja,Jarrupala, Levyjarru<\/p>\n","protected":false},"excerpt":{"rendered":"<p>JAPANPARTS Jarrupalat PA-528AF Jarrupalasarja,Jarrupala, Levyjarru MITSUBISHI,DAIHATSU,COLT V CJ_, CP_,COLT IV CA_A,COLT III C5_A,LANCER VI CJ-CP_<\/p>\n","protected":false},"featured_media":0,"template":"","meta":{"site-sidebar-layout":"default","site-content-layout":"default","ast-global-header-display":"","ast-main-header-display":"","ast-hfb-above-header-display":"","ast-hfb-below-header-display":"","ast-hfb-mobile-header-display":"","site-post-title":"","ast-breadcrumbs-content":"","ast-featured-img":"","footer-sml-layout":"","theme-transparent-header-meta":"","adv-header-id-meta":"","stick-header-meta":"","header-above-stick-meta":"","header-main-stick-meta":"","header-below-stick-meta":""},"pwb-brand":[334],"product_cat":[100],"product_tag":[],"class_list":{"0":"post-85508","1":"product","2":"type-product","3":"status-publish","5":"pwb-brand-japanparts","6":"product_cat-jarrupalat","7":"desktop-align-left","8":"tablet-align-left","9":"mobile-align-left","11":"first","12":"instock","13":"product-type-external"},"brands":[{"id":334,"name":"JAPANPARTS","slug":"japanparts"}],"_links":{"self":[{"href":"https:\/\/www.autonvaraosahaku.fi\/index.php?rest_route=\/wp\/v2\/product\/85508","targetHints":{"allow":["GET"]}}],"collection":[{"href":"https:\/\/www.autonvaraosahaku.fi\/index.php?rest_route=\/wp\/v2\/product"}],"about":[{"href":"https:\/\/www.autonvaraosahaku.fi\/index.php?rest_route=\/wp\/v2\/types\/product"}],"wp:attachment":[{"href":"https:\/\/www.autonvaraosahaku.fi\/index.php?rest_route=%2Fwp%2Fv2%2Fmedia&parent=85508"}],"wp:term":[{"taxonomy":"pwb-brand","embeddable":true,"href":"https:\/\/www.autonvaraosahaku.fi\/index.php?rest_route=%2Fwp%2Fv2%2Fpwb-brand&post=85508"},{"taxonomy":"product_cat","embeddable":true,"href":"https:\/\/www.autonvaraosahaku.fi\/index.php?rest_route=%2Fwp%2Fv2%2Fproduct_cat&post=85508"},{"taxonomy":"product_tag","embeddable":true,"href":"https:\/\/www.autonvaraosahaku.fi\/index.php?rest_route=%2Fwp%2Fv2%2Fproduct_tag&post=85508"}],"curies":[{"name":"wp","href":"https:\/\/api.w.org\/{rel}","templated":true}]}}