{"id":85517,"date":"2021-02-21T20:42:36","date_gmt":"2021-02-21T20:42:36","guid":{"rendered":"https:\/\/www.autonvaraosahaku.fi\/?product=japanparts-pa-011af-jarrupalat"},"modified":"2021-02-21T20:42:39","modified_gmt":"2021-02-21T20:42:39","slug":"japanparts-pa-011af-jarrupalat","status":"publish","type":"product","link":"https:\/\/www.autonvaraosahaku.fi\/?product=japanparts-pa-011af-jarrupalat","title":{"rendered":"JAPANPARTS PA-011AF Jarrupalat"},"content":{"rendered":"<p>Asennuspuoli: Etuakseli; Jarrutyyppi: Levyjarru; Pituus (mm): 156; Korkeus (mm): 70; Paksuus [mm]: 19,5; Tarkistuskilpi: ECE R90 APPROVED; WVA-numero: 23738, 24155; M\u00e4\u00e4r\u00e4yksikk\u00f6: Akselisarja; Alustanumerosta: 51046734; OPEL: VECTRA C Caravan,SIGNUM,VECTRA C,VECTRA C GTS; SAAB: 9-3 YS3F,9-3 Kombi YS3F,9-3 Cabriolet YS3F,9-3X; 93188111, 93188112, 93172950, 71772211, 77363604, 77364224, 12803551, 1605088, 1605094, 1605095, 1605098, 1605113, 1605136, 1605137, 1605139, 1605282, 1605283, 1605972, 1605975, 1606098, 93166798, 93172174, 93172950, 93175378, 93176121, 93183728, 93183729, 93185751, 93185752, 93188111, 93188112, 12765397, 12800120, 93166943, 93185751, 1605095, 1605137, 1605139, 93166798, 93172174, 93172950, 93185752, 93188112; Jarrupalasarja,Jarrupala, Levyjarru<\/p>\n","protected":false},"excerpt":{"rendered":"<p>JAPANPARTS Jarrupalat PA-011AF Jarrupalasarja,Jarrupala, Levyjarru OPEL,SAAB,VECTRA C Caravan,SIGNUM,VECTRA C,VECTRA C GTS,9-3 YS3F,9-3 Kombi YS3F<\/p>\n","protected":false},"featured_media":0,"template":"","meta":{"site-sidebar-layout":"default","site-content-layout":"default","ast-global-header-display":"","ast-main-header-display":"","ast-hfb-above-header-display":"","ast-hfb-below-header-display":"","ast-hfb-mobile-header-display":"","site-post-title":"","ast-breadcrumbs-content":"","ast-featured-img":"","footer-sml-layout":"","theme-transparent-header-meta":"","adv-header-id-meta":"","stick-header-meta":"","header-above-stick-meta":"","header-main-stick-meta":"","header-below-stick-meta":""},"pwb-brand":[334],"product_cat":[100],"product_tag":[],"class_list":{"0":"post-85517","1":"product","2":"type-product","3":"status-publish","5":"pwb-brand-japanparts","6":"product_cat-jarrupalat","7":"desktop-align-left","8":"tablet-align-left","9":"mobile-align-left","11":"first","12":"instock","13":"product-type-external"},"brands":[{"id":334,"name":"JAPANPARTS","slug":"japanparts"}],"_links":{"self":[{"href":"https:\/\/www.autonvaraosahaku.fi\/index.php?rest_route=\/wp\/v2\/product\/85517","targetHints":{"allow":["GET"]}}],"collection":[{"href":"https:\/\/www.autonvaraosahaku.fi\/index.php?rest_route=\/wp\/v2\/product"}],"about":[{"href":"https:\/\/www.autonvaraosahaku.fi\/index.php?rest_route=\/wp\/v2\/types\/product"}],"wp:attachment":[{"href":"https:\/\/www.autonvaraosahaku.fi\/index.php?rest_route=%2Fwp%2Fv2%2Fmedia&parent=85517"}],"wp:term":[{"taxonomy":"pwb-brand","embeddable":true,"href":"https:\/\/www.autonvaraosahaku.fi\/index.php?rest_route=%2Fwp%2Fv2%2Fpwb-brand&post=85517"},{"taxonomy":"product_cat","embeddable":true,"href":"https:\/\/www.autonvaraosahaku.fi\/index.php?rest_route=%2Fwp%2Fv2%2Fproduct_cat&post=85517"},{"taxonomy":"product_tag","embeddable":true,"href":"https:\/\/www.autonvaraosahaku.fi\/index.php?rest_route=%2Fwp%2Fv2%2Fproduct_tag&post=85517"}],"curies":[{"name":"wp","href":"https:\/\/api.w.org\/{rel}","templated":true}]}}