{"id":8552,"date":"2021-02-21T14:03:21","date_gmt":"2021-02-21T14:03:21","guid":{"rendered":"https:\/\/www.autonvaraosahaku.fi\/?product=master-sport-314843-pcs-ms-iskunvaimennin"},"modified":"2021-02-21T14:03:23","modified_gmt":"2021-02-21T14:03:23","slug":"master-sport-314843-pcs-ms-iskunvaimennin","status":"publish","type":"product","link":"https:\/\/www.autonvaraosahaku.fi\/?product=master-sport-314843-pcs-ms-iskunvaimennin","title":{"rendered":"MASTER-SPORT 314843-PCS-MS Iskunvaimennin"},"content":{"rendered":"<p>Iskunvaimennin tyyppi: Kaasupaine; Iskunvaimennusj\u00e4rjestelm\u00e4: Kaksiputki, Kaksiputki; Iskunvaimennin asennustapa: Silmukka ylh\u00e4\u00e4ll\u00e4, Silmukka alhaalla; Lukum\u00e4\u00e4r\u00e4 akselille: 2, 2; Nettopaino [kg]: 1,16; Bruttopaino [kg]: 1,26; Tunnusluku: SE30\/13X119A; Asennuspuoli: Hinterachse; ABARTH: 500C \/ 595C 312_; FORD: KA RU8; FIAT: 500 312,500 C 312; 51860150, 04670555AA, 51860150, 51864833, 1540225, 1578532, 1672372, 9S5118125AA, 9S5118125AB, 9S5118125AC; Iskarit,Iskunvaimennin<\/p>\n","protected":false},"excerpt":{"rendered":"<p>MASTER-SPORT Iskunvaimentimet 314843-PCS-MS Iskarit,Iskunvaimennin ABARTH,FORD,FIAT,500C \/ 595C 312_,KA RU8,500 312,500 C 312<\/p>\n","protected":false},"featured_media":0,"template":"","meta":{"site-sidebar-layout":"default","site-content-layout":"default","ast-global-header-display":"","ast-main-header-display":"","ast-hfb-above-header-display":"","ast-hfb-below-header-display":"","ast-hfb-mobile-header-display":"","site-post-title":"","ast-breadcrumbs-content":"","ast-featured-img":"","footer-sml-layout":"","theme-transparent-header-meta":"","adv-header-id-meta":"","stick-header-meta":"","header-above-stick-meta":"","header-main-stick-meta":"","header-below-stick-meta":""},"pwb-brand":[61],"product_cat":[80],"product_tag":[],"class_list":{"0":"post-8552","1":"product","2":"type-product","3":"status-publish","5":"pwb-brand-master-sport","6":"product_cat-iskunvaimennin","7":"desktop-align-left","8":"tablet-align-left","9":"mobile-align-left","11":"first","12":"instock","13":"product-type-external"},"brands":[{"id":61,"name":"MASTER-SPORT","slug":"master-sport"}],"_links":{"self":[{"href":"https:\/\/www.autonvaraosahaku.fi\/index.php?rest_route=\/wp\/v2\/product\/8552","targetHints":{"allow":["GET"]}}],"collection":[{"href":"https:\/\/www.autonvaraosahaku.fi\/index.php?rest_route=\/wp\/v2\/product"}],"about":[{"href":"https:\/\/www.autonvaraosahaku.fi\/index.php?rest_route=\/wp\/v2\/types\/product"}],"wp:attachment":[{"href":"https:\/\/www.autonvaraosahaku.fi\/index.php?rest_route=%2Fwp%2Fv2%2Fmedia&parent=8552"}],"wp:term":[{"taxonomy":"pwb-brand","embeddable":true,"href":"https:\/\/www.autonvaraosahaku.fi\/index.php?rest_route=%2Fwp%2Fv2%2Fpwb-brand&post=8552"},{"taxonomy":"product_cat","embeddable":true,"href":"https:\/\/www.autonvaraosahaku.fi\/index.php?rest_route=%2Fwp%2Fv2%2Fproduct_cat&post=8552"},{"taxonomy":"product_tag","embeddable":true,"href":"https:\/\/www.autonvaraosahaku.fi\/index.php?rest_route=%2Fwp%2Fv2%2Fproduct_tag&post=8552"}],"curies":[{"name":"wp","href":"https:\/\/api.w.org\/{rel}","templated":true}]}}