{"id":85542,"date":"2021-02-21T20:42:44","date_gmt":"2021-02-21T20:42:44","guid":{"rendered":"https:\/\/www.autonvaraosahaku.fi\/?product=meyle-314-261-1104-kardaanin-kuminivel"},"modified":"2021-02-21T20:42:48","modified_gmt":"2021-02-21T20:42:48","slug":"meyle-314-261-1104-kardaanin-kuminivel","status":"publish","type":"product","link":"https:\/\/www.autonvaraosahaku.fi\/?product=meyle-314-261-1104-kardaanin-kuminivel","title":{"rendered":"MEYLE 314 261 1104 Kardaanin kuminivel"},"content":{"rendered":"<p>Asennuspuoli: Takana; L\u00e4pimitta [mm]: 24; Lis\u00e4tarvike\/lis\u00e4tieto: Ilman tarvikkeita; Nivelmalli: Murrosnivel; M\u00e4\u00e4r\u00e4yksikk\u00f6: Kappale; Ulkol\u00e4pimitta [mm]: 24; Pituus (mm): 64; lis\u00e4tieto: ORIGINAL Quality; Vaihteistomalli: f\u00fcr Automatikgetriebe; BMW: 3 E30,5 E34,3 Cabriolet E30,5 E28,6 E24,7 E23,5 E12; 26111105398, 26117518304; R\u00e4ttinivel,Nivel, Pitkitt\u00e4isakseli<\/p>\n","protected":false},"excerpt":{"rendered":"<p>MEYLE Kardaanin Kuminivel 314 261 1104 R\u00e4ttinivel,Nivel, Pitkitt\u00e4isakseli BMW,3 E30,5 E34,3 Cabriolet E30,5 E28,6 E24,7 E23,5 E12<\/p>\n","protected":false},"featured_media":0,"template":"","meta":{"site-sidebar-layout":"default","site-content-layout":"default","ast-global-header-display":"","ast-main-header-display":"","ast-hfb-above-header-display":"","ast-hfb-below-header-display":"","ast-hfb-mobile-header-display":"","site-post-title":"","ast-breadcrumbs-content":"","ast-featured-img":"","footer-sml-layout":"","theme-transparent-header-meta":"","adv-header-id-meta":"","stick-header-meta":"","header-above-stick-meta":"","header-main-stick-meta":"","header-below-stick-meta":""},"pwb-brand":[84],"product_cat":[56],"product_tag":[],"class_list":{"0":"post-85542","1":"product","2":"type-product","3":"status-publish","5":"pwb-brand-meyle","6":"product_cat-kardaanin-kuminivel","7":"desktop-align-left","8":"tablet-align-left","9":"mobile-align-left","11":"first","12":"instock","13":"product-type-external"},"brands":[{"id":84,"name":"MEYLE","slug":"meyle"}],"_links":{"self":[{"href":"https:\/\/www.autonvaraosahaku.fi\/index.php?rest_route=\/wp\/v2\/product\/85542","targetHints":{"allow":["GET"]}}],"collection":[{"href":"https:\/\/www.autonvaraosahaku.fi\/index.php?rest_route=\/wp\/v2\/product"}],"about":[{"href":"https:\/\/www.autonvaraosahaku.fi\/index.php?rest_route=\/wp\/v2\/types\/product"}],"wp:attachment":[{"href":"https:\/\/www.autonvaraosahaku.fi\/index.php?rest_route=%2Fwp%2Fv2%2Fmedia&parent=85542"}],"wp:term":[{"taxonomy":"pwb-brand","embeddable":true,"href":"https:\/\/www.autonvaraosahaku.fi\/index.php?rest_route=%2Fwp%2Fv2%2Fpwb-brand&post=85542"},{"taxonomy":"product_cat","embeddable":true,"href":"https:\/\/www.autonvaraosahaku.fi\/index.php?rest_route=%2Fwp%2Fv2%2Fproduct_cat&post=85542"},{"taxonomy":"product_tag","embeddable":true,"href":"https:\/\/www.autonvaraosahaku.fi\/index.php?rest_route=%2Fwp%2Fv2%2Fproduct_tag&post=85542"}],"curies":[{"name":"wp","href":"https:\/\/api.w.org\/{rel}","templated":true}]}}