{"id":85573,"date":"2021-02-21T20:43:00","date_gmt":"2021-02-21T20:43:00","guid":{"rendered":"https:\/\/www.autonvaraosahaku.fi\/?product=meyle-114-042-0601-jarrukengat"},"modified":"2021-02-21T20:43:01","modified_gmt":"2021-02-21T20:43:01","slug":"meyle-114-042-0601-jarrukengat","status":"publish","type":"product","link":"https:\/\/www.autonvaraosahaku.fi\/?product=meyle-114-042-0601-jarrukengat","title":{"rendered":"MEYLE 114 042 0601 Jarrukeng\u00e4t"},"content":{"rendered":"<p>Asennuspuoli: Taka-akseli; L\u00e4pimitta [mm]: 200; Leveys (mm): 40; Lis\u00e4tarvike\/lis\u00e4tieto: Vivulla, Ilman jousta; Pantiton uusi osa: ; lis\u00e4tieto: ORIGINAL Quality; PR-numerolle: 1KM; VW: POLO 9N_,LUPO 6X1, 6E1,POLO 6R, 6C,GOLF III 1H1,POLO 6N2,POLO 6N1,FOX 5Z1, 5Z3,UP,GOLF III Cabriolet 1E7,GOLF III Variant 1H5,PASSAT 3A2, 35I,POLO Variant 6KV5,POLO CLASSIC 6KV2,VENTO 1H2,POLO Kasten 6NF,POLO Stufenheck 9A4,CADDY II Pick-up 9U7; AUDI: A2 8Z0,80 89, 89Q, 8A, B3,90 89, 89Q, 8A, B3; SKODA: FABIA Combi 6Y5,FABIA,FABIA 6Y2,FABIA Combi,CITIGO,FABIA Stufenheck 6Y3,FELICIA I 6U1,FELICIA II 6U1,FELICIA I Fun 797,FABIA Praktik,FELICIA I Kombi 6U5,FELICIA II Kombi 6U5,FAVORIT 781,FAVORIT Forman 785,FAVORIT Pick-up 787; SEAT: IBIZA IV 6L1,IBIZA V 6J5, 6P5,AROSA 6H,IBIZA V ST 6J8, 6P8,IBIZA II 6K1,Mii KF1_,IBIZA V SPORTCOUPE 6J1, 6P1,CORDOBA 6K1, 6K2,CORDOBA Vario 6K1,CORDOBA 6L2,TOLEDO I 1L; 1H0609525, 1H0609525D, 1H0609526, 1H0609526D, 1H0609527, 1H0609527D, 1H0609528, 1H0609528D, 1H0698071, 431698073E, 811609525E, 1H0609525D, 1H0609526D, 1H0609527D, 1H0609528D, 1H0698071, 6C0698520, 6Q0698525, 6Q0698525A, 6Q0698525AX, 6Q0698525B, 6R0698525A, 6C0698520, 6Q0609525B, 6Q0609526B, 6Q0609527B, 6Q0609528B, 6Q0698525A, 6Q0698525AX, 6Q0698525B, 6R0698525A, 6R0698525AX, 6U0698525, 6U0698525A, 1H0609525, 1H0609525D, 1H0609526, 1H0609526D, 1H0609527, 1H0609527D, 1H0609528, 1H0609528D, 1H0698071, 1H0698520X, 1H0698525, 357609527, 357609528, 431698071E, 6C0698520, 6Q0609525A, 6Q0609525B, 6Q0609526A, 6Q0609526B, 6Q0609527A, 6Q0609527B, 6Q0609528A, 6Q0609528B, 6Q0698525, 6Q0698525A, 6Q0698525AX, 6Q0698525B, 6R0698520X, 6R0698525A, 6R0698525AX, 6U0698525, 6U0698525A, 6Y0609525A, 6Y0609526A, 6Y0609527A, 6Y0609528A, 811609525E, 811609526E; Jarrukenk\u00e4sarja<\/p>\n","protected":false},"excerpt":{"rendered":"<p>MEYLE Jarrukeng\u00e4t 114 042 0601 Jarrukenk\u00e4sarja VW,AUDI,SKODA,POLO 9N_,LUPO 6X1, 6E1,POLO 6R, 6C,GOLF III 1H1,POLO 6N2,POLO 6N1,FOX 5Z1, 5Z3,UP<\/p>\n","protected":false},"featured_media":0,"template":"","meta":{"site-sidebar-layout":"default","site-content-layout":"default","ast-global-header-display":"","ast-main-header-display":"","ast-hfb-above-header-display":"","ast-hfb-below-header-display":"","ast-hfb-mobile-header-display":"","site-post-title":"","ast-breadcrumbs-content":"","ast-featured-img":"","footer-sml-layout":"","theme-transparent-header-meta":"","adv-header-id-meta":"","stick-header-meta":"","header-above-stick-meta":"","header-main-stick-meta":"","header-below-stick-meta":""},"pwb-brand":[84],"product_cat":[176],"product_tag":[],"class_list":{"0":"post-85573","1":"product","2":"type-product","3":"status-publish","5":"pwb-brand-meyle","6":"product_cat-jarrukengat","7":"desktop-align-left","8":"tablet-align-left","9":"mobile-align-left","11":"first","12":"instock","13":"product-type-external"},"brands":[{"id":84,"name":"MEYLE","slug":"meyle"}],"_links":{"self":[{"href":"https:\/\/www.autonvaraosahaku.fi\/index.php?rest_route=\/wp\/v2\/product\/85573","targetHints":{"allow":["GET"]}}],"collection":[{"href":"https:\/\/www.autonvaraosahaku.fi\/index.php?rest_route=\/wp\/v2\/product"}],"about":[{"href":"https:\/\/www.autonvaraosahaku.fi\/index.php?rest_route=\/wp\/v2\/types\/product"}],"wp:attachment":[{"href":"https:\/\/www.autonvaraosahaku.fi\/index.php?rest_route=%2Fwp%2Fv2%2Fmedia&parent=85573"}],"wp:term":[{"taxonomy":"pwb-brand","embeddable":true,"href":"https:\/\/www.autonvaraosahaku.fi\/index.php?rest_route=%2Fwp%2Fv2%2Fpwb-brand&post=85573"},{"taxonomy":"product_cat","embeddable":true,"href":"https:\/\/www.autonvaraosahaku.fi\/index.php?rest_route=%2Fwp%2Fv2%2Fproduct_cat&post=85573"},{"taxonomy":"product_tag","embeddable":true,"href":"https:\/\/www.autonvaraosahaku.fi\/index.php?rest_route=%2Fwp%2Fv2%2Fproduct_tag&post=85573"}],"curies":[{"name":"wp","href":"https:\/\/api.w.org\/{rel}","templated":true}]}}