{"id":85606,"date":"2021-02-21T20:43:07","date_gmt":"2021-02-21T20:43:07","guid":{"rendered":"https:\/\/www.autonvaraosahaku.fi\/?product=hjs-93-11-3020-hiukkassuodatin"},"modified":"2021-02-21T20:43:13","modified_gmt":"2021-02-21T20:43:13","slug":"hjs-93-11-3020-hiukkassuodatin","status":"publish","type":"product","link":"https:\/\/www.autonvaraosahaku.fi\/?product=hjs-93-11-3020-hiukkassuodatin","title":{"rendered":"HJS 93 11 3020 Hiukkassuodatin"},"content":{"rendered":"<p>ABE-nro.: 17038 \/ DPF-02; P\u00e4\u00e4st\u00f6avainnumero: 0462; Pakokaasunormi: Saksa: asennus antaa p\u00e4\u00e4st\u00f6luokan 4 = vihre\u00e4 merkki; ECE-\/ABE-hyv\u00e4ksynt\u00e4: ; lis\u00e4tieto: Original-DPF\u00ae City-Filter\u00ae; Valmistusvuosi alkaen: 01\/2006; VW: GOLF V 1K1,TOURAN 1T1, 1T2,PASSAT Variant 3C5,GOLF PLUS 5M1, 521,PASSAT 3C2,GOLF V Variant 1K5,JETTA III 1K2; AUDI: A3 8P1,A3 Sportback 8PA; SKODA: OCTAVIA Combi 1Z5,OCTAVIA 1Z3; SEAT: LEON 1P1,ALTEA 5P1,ALTEA XL 5P5, 5P8,TOLEDO III 5P2; 1K0253502CX, 1K0253502QX, 1K0253502SX, 1K0254504BX, 1K0254800, 1K0253502CX, 1K0253502QX, 1K0253502SX, 1K0254504BX, 1K0254800, 1K0253502CX, 1K0253502QX, 1K0253502SX, 1K0254504BX, 1K0254800, 1K0253502CX, 1K0253502QX, 1K0253502SX, 1K0254504BX, 1K0254800, 3C0254501NX, 3C0254501SX<\/p>\n","protected":false},"excerpt":{"rendered":"<p>HJS J\u00e4lkiasennussarja, Noki-\/Hiukkassuodatin 93 11 3020  VW,AUDI,SKODA,GOLF V 1K1,TOURAN 1T1, 1T2,PASSAT Variant 3C5,GOLF PLUS 5M1, 521,PASSAT 3C2<\/p>\n","protected":false},"featured_media":0,"template":"","meta":{"site-sidebar-layout":"default","site-content-layout":"default","ast-global-header-display":"","ast-main-header-display":"","ast-hfb-above-header-display":"","ast-hfb-below-header-display":"","ast-hfb-mobile-header-display":"","site-post-title":"","ast-breadcrumbs-content":"","ast-featured-img":"","footer-sml-layout":"","theme-transparent-header-meta":"","adv-header-id-meta":"","stick-header-meta":"","header-above-stick-meta":"","header-main-stick-meta":"","header-below-stick-meta":""},"pwb-brand":[344],"product_cat":[181],"product_tag":[],"class_list":{"0":"post-85606","1":"product","2":"type-product","3":"status-publish","5":"pwb-brand-hjs","6":"product_cat-hiukkassuodatin","7":"desktop-align-left","8":"tablet-align-left","9":"mobile-align-left","11":"first","12":"instock","13":"product-type-external"},"brands":[{"id":344,"name":"HJS","slug":"hjs"}],"_links":{"self":[{"href":"https:\/\/www.autonvaraosahaku.fi\/index.php?rest_route=\/wp\/v2\/product\/85606","targetHints":{"allow":["GET"]}}],"collection":[{"href":"https:\/\/www.autonvaraosahaku.fi\/index.php?rest_route=\/wp\/v2\/product"}],"about":[{"href":"https:\/\/www.autonvaraosahaku.fi\/index.php?rest_route=\/wp\/v2\/types\/product"}],"wp:attachment":[{"href":"https:\/\/www.autonvaraosahaku.fi\/index.php?rest_route=%2Fwp%2Fv2%2Fmedia&parent=85606"}],"wp:term":[{"taxonomy":"pwb-brand","embeddable":true,"href":"https:\/\/www.autonvaraosahaku.fi\/index.php?rest_route=%2Fwp%2Fv2%2Fpwb-brand&post=85606"},{"taxonomy":"product_cat","embeddable":true,"href":"https:\/\/www.autonvaraosahaku.fi\/index.php?rest_route=%2Fwp%2Fv2%2Fproduct_cat&post=85606"},{"taxonomy":"product_tag","embeddable":true,"href":"https:\/\/www.autonvaraosahaku.fi\/index.php?rest_route=%2Fwp%2Fv2%2Fproduct_tag&post=85606"}],"curies":[{"name":"wp","href":"https:\/\/api.w.org\/{rel}","templated":true}]}}