{"id":85613,"date":"2021-02-21T20:43:15","date_gmt":"2021-02-21T20:43:15","guid":{"rendered":"https:\/\/www.autonvaraosahaku.fi\/?product=hjs-83-43-7842-pakosarjan-tiivisteet"},"modified":"2021-02-21T20:43:16","modified_gmt":"2021-02-21T20:43:16","slug":"hjs-83-43-7842-pakosarjan-tiivisteet","status":"publish","type":"product","link":"https:\/\/www.autonvaraosahaku.fi\/?product=hjs-83-43-7842-pakosarjan-tiivisteet","title":{"rendered":"HJS 83 43 7842 Pakosarjan tiivisteet"},"content":{"rendered":"<p>Sis\u00e4l\u00e4pimitta [mm]: 38,5; Ulkol\u00e4pimitta [mm]: 46; Korkeus (mm): 4; Asennuspuoli: Ausgang; NISSAN: MICRA III K12,NOTE E11,MICRA IV K13,MICRA C+C K12,NOTE E12,MICRA I K10; HONDA: PRELUDE II AB,PRELUDE I Coupe SN,ACCORD I Hatchback SJ, SY,ACCORD I SJ, SY,ACCORD II Hatchback AC, AD,ACCORD II AC, AD,QUINTET SU; 18302659000, 18302659S00, 18303605000, 2069119B00, 2069119B0A<\/p>\n","protected":false},"excerpt":{"rendered":"<p>HJS Tiivisterengas, Pakoputki 83 43 7842  NISSAN,HONDA,MICRA III K12,NOTE E11,MICRA IV K13,MICRA C+C K12,NOTE E12,MICRA I K10,PRELUDE II AB<\/p>\n","protected":false},"featured_media":0,"template":"","meta":{"site-sidebar-layout":"default","site-content-layout":"default","ast-global-header-display":"","ast-main-header-display":"","ast-hfb-above-header-display":"","ast-hfb-below-header-display":"","ast-hfb-mobile-header-display":"","site-post-title":"","ast-breadcrumbs-content":"","ast-featured-img":"","footer-sml-layout":"","theme-transparent-header-meta":"","adv-header-id-meta":"","stick-header-meta":"","header-above-stick-meta":"","header-main-stick-meta":"","header-below-stick-meta":""},"pwb-brand":[344],"product_cat":[123],"product_tag":[],"class_list":{"0":"post-85613","1":"product","2":"type-product","3":"status-publish","5":"pwb-brand-hjs","6":"product_cat-pakosarjan-tiivisteet","7":"desktop-align-left","8":"tablet-align-left","9":"mobile-align-left","11":"first","12":"instock","13":"product-type-external"},"brands":[{"id":344,"name":"HJS","slug":"hjs"}],"_links":{"self":[{"href":"https:\/\/www.autonvaraosahaku.fi\/index.php?rest_route=\/wp\/v2\/product\/85613","targetHints":{"allow":["GET"]}}],"collection":[{"href":"https:\/\/www.autonvaraosahaku.fi\/index.php?rest_route=\/wp\/v2\/product"}],"about":[{"href":"https:\/\/www.autonvaraosahaku.fi\/index.php?rest_route=\/wp\/v2\/types\/product"}],"wp:attachment":[{"href":"https:\/\/www.autonvaraosahaku.fi\/index.php?rest_route=%2Fwp%2Fv2%2Fmedia&parent=85613"}],"wp:term":[{"taxonomy":"pwb-brand","embeddable":true,"href":"https:\/\/www.autonvaraosahaku.fi\/index.php?rest_route=%2Fwp%2Fv2%2Fpwb-brand&post=85613"},{"taxonomy":"product_cat","embeddable":true,"href":"https:\/\/www.autonvaraosahaku.fi\/index.php?rest_route=%2Fwp%2Fv2%2Fproduct_cat&post=85613"},{"taxonomy":"product_tag","embeddable":true,"href":"https:\/\/www.autonvaraosahaku.fi\/index.php?rest_route=%2Fwp%2Fv2%2Fproduct_tag&post=85613"}],"curies":[{"name":"wp","href":"https:\/\/api.w.org\/{rel}","templated":true}]}}