{"id":85620,"date":"2021-02-21T20:43:15","date_gmt":"2021-02-21T20:43:15","guid":{"rendered":"https:\/\/www.autonvaraosahaku.fi\/?product=glaser-x52327-01-pakosarjan-tiivisteet"},"modified":"2021-02-21T20:43:18","modified_gmt":"2021-02-21T20:43:18","slug":"glaser-x52327-01-pakosarjan-tiivisteet","status":"publish","type":"product","link":"https:\/\/www.autonvaraosahaku.fi\/?product=glaser-x52327-01-pakosarjan-tiivisteet","title":{"rendered":"GLASER X52327-01 Pakosarjan tiivisteet"},"content":{"rendered":"<p>Tarvittava kappalem\u00e4\u00e4r\u00e4: 2; TOYOTA: COROLLA Liftback _E11_,COROLLA Compact _E11_,COROLLA _E11_,COROLLA Wagon __E11_; FIAT: SCUDO Kasten 220L,SCUDO Combinato 220P,SCUDO Pritsche\/Fahrgestell 220_; CITRO\u00cbN: BERLINGO MF,BERLINGO Kasten M_,XSARA N1,XSARA Break N2,XSARA Coupe N0,JUMPY U6U,JUMPY Kasten BS_, BT_, BY_, BZ_,C15 VD-_,XSARA Kasten,XSARA Kasten\/Schr\u00e4gheck; PEUGEOT: 206 Schr\u00e4gheck 2A\/C,306 Schr\u00e4gheck 7A, 7C, N3, N5,PARTNER Combispace 5F,PARTNER Kasten 5,306 Break 7E, N3, N5,306 7B, N3, N5,EXPERT Kasten 222,206 Van,EXPERT 224,306 Van N_, 7_,EXPERT Pritsche\/Fahrgestell 223,PARTNER Pritsche\/Fahrgestell,306 Kasten\/Schr\u00e4gheck; 0349H7, 96221705, 0349H7, SU00100319; Tiiviste, Pakosarja<\/p>\n","protected":false},"excerpt":{"rendered":"<p>GLASER Pakosarjan Tiivisteet X52327-01 Tiiviste, Pakosarja TOYOTA,FIAT,CITRO\u00cbN,COROLLA Liftback _E11_,COROLLA Compact _E11_,COROLLA _E11_<\/p>\n","protected":false},"featured_media":0,"template":"","meta":{"site-sidebar-layout":"default","site-content-layout":"default","ast-global-header-display":"","ast-main-header-display":"","ast-hfb-above-header-display":"","ast-hfb-below-header-display":"","ast-hfb-mobile-header-display":"","site-post-title":"","ast-breadcrumbs-content":"","ast-featured-img":"","footer-sml-layout":"","theme-transparent-header-meta":"","adv-header-id-meta":"","stick-header-meta":"","header-above-stick-meta":"","header-main-stick-meta":"","header-below-stick-meta":""},"pwb-brand":[479],"product_cat":[123],"product_tag":[],"class_list":{"0":"post-85620","1":"product","2":"type-product","3":"status-publish","5":"pwb-brand-glaser","6":"product_cat-pakosarjan-tiivisteet","7":"desktop-align-left","8":"tablet-align-left","9":"mobile-align-left","11":"first","12":"instock","13":"product-type-external"},"brands":[{"id":479,"name":"GLASER","slug":"glaser"}],"_links":{"self":[{"href":"https:\/\/www.autonvaraosahaku.fi\/index.php?rest_route=\/wp\/v2\/product\/85620","targetHints":{"allow":["GET"]}}],"collection":[{"href":"https:\/\/www.autonvaraosahaku.fi\/index.php?rest_route=\/wp\/v2\/product"}],"about":[{"href":"https:\/\/www.autonvaraosahaku.fi\/index.php?rest_route=\/wp\/v2\/types\/product"}],"wp:attachment":[{"href":"https:\/\/www.autonvaraosahaku.fi\/index.php?rest_route=%2Fwp%2Fv2%2Fmedia&parent=85620"}],"wp:term":[{"taxonomy":"pwb-brand","embeddable":true,"href":"https:\/\/www.autonvaraosahaku.fi\/index.php?rest_route=%2Fwp%2Fv2%2Fpwb-brand&post=85620"},{"taxonomy":"product_cat","embeddable":true,"href":"https:\/\/www.autonvaraosahaku.fi\/index.php?rest_route=%2Fwp%2Fv2%2Fproduct_cat&post=85620"},{"taxonomy":"product_tag","embeddable":true,"href":"https:\/\/www.autonvaraosahaku.fi\/index.php?rest_route=%2Fwp%2Fv2%2Fproduct_tag&post=85620"}],"curies":[{"name":"wp","href":"https:\/\/api.w.org\/{rel}","templated":true}]}}