{"id":85635,"date":"2021-02-21T20:43:23","date_gmt":"2021-02-21T20:43:23","guid":{"rendered":"https:\/\/www.autonvaraosahaku.fi\/?product=hjs-83-12-1882-pakosarjan-tiivisteet"},"modified":"2021-02-21T20:43:25","modified_gmt":"2021-02-21T20:43:25","slug":"hjs-83-12-1882-pakosarjan-tiivisteet","status":"publish","type":"product","link":"https:\/\/www.autonvaraosahaku.fi\/?product=hjs-83-12-1882-pakosarjan-tiivisteet","title":{"rendered":"HJS 83 12 1882 Pakosarjan tiivisteet"},"content":{"rendered":"<p>Sis\u00e4l\u00e4pimitta [mm]: 50; Ulkol\u00e4pimitta [mm]: 59; Korkeus (mm): 15; Valmistusvuosi alkaen: 09\/1982; BMW: 7 E32,5 E28,6 E24,7 E23,Z1; MERCEDES-BENZ: S-CLASS W126,S-CLASS Coupe C126; 1175310, 1177314, 1723532, 1723540, 18111175310, 18111177314, 18111723532, 18111723540, 0009975249, 1249970141, A0009975249, A1249970141<\/p>\n","protected":false},"excerpt":{"rendered":"<p>HJS Tiivisterengas, Pakoputki 83 12 1882  BMW,MERCEDES-BENZ,7 E32,5 E28,6 E24,7 E23,Z1,S-CLASS W126,S-CLASS Coupe C126<\/p>\n","protected":false},"featured_media":0,"template":"","meta":{"site-sidebar-layout":"default","site-content-layout":"default","ast-global-header-display":"","ast-main-header-display":"","ast-hfb-above-header-display":"","ast-hfb-below-header-display":"","ast-hfb-mobile-header-display":"","site-post-title":"","ast-breadcrumbs-content":"","ast-featured-img":"","footer-sml-layout":"","theme-transparent-header-meta":"","adv-header-id-meta":"","stick-header-meta":"","header-above-stick-meta":"","header-main-stick-meta":"","header-below-stick-meta":""},"pwb-brand":[344],"product_cat":[123],"product_tag":[],"class_list":{"0":"post-85635","1":"product","2":"type-product","3":"status-publish","5":"pwb-brand-hjs","6":"product_cat-pakosarjan-tiivisteet","7":"desktop-align-left","8":"tablet-align-left","9":"mobile-align-left","11":"first","12":"instock","13":"product-type-external"},"brands":[{"id":344,"name":"HJS","slug":"hjs"}],"_links":{"self":[{"href":"https:\/\/www.autonvaraosahaku.fi\/index.php?rest_route=\/wp\/v2\/product\/85635","targetHints":{"allow":["GET"]}}],"collection":[{"href":"https:\/\/www.autonvaraosahaku.fi\/index.php?rest_route=\/wp\/v2\/product"}],"about":[{"href":"https:\/\/www.autonvaraosahaku.fi\/index.php?rest_route=\/wp\/v2\/types\/product"}],"wp:attachment":[{"href":"https:\/\/www.autonvaraosahaku.fi\/index.php?rest_route=%2Fwp%2Fv2%2Fmedia&parent=85635"}],"wp:term":[{"taxonomy":"pwb-brand","embeddable":true,"href":"https:\/\/www.autonvaraosahaku.fi\/index.php?rest_route=%2Fwp%2Fv2%2Fpwb-brand&post=85635"},{"taxonomy":"product_cat","embeddable":true,"href":"https:\/\/www.autonvaraosahaku.fi\/index.php?rest_route=%2Fwp%2Fv2%2Fproduct_cat&post=85635"},{"taxonomy":"product_tag","embeddable":true,"href":"https:\/\/www.autonvaraosahaku.fi\/index.php?rest_route=%2Fwp%2Fv2%2Fproduct_tag&post=85635"}],"curies":[{"name":"wp","href":"https:\/\/api.w.org\/{rel}","templated":true}]}}