{"id":85637,"date":"2021-02-21T20:43:23","date_gmt":"2021-02-21T20:43:23","guid":{"rendered":"https:\/\/www.autonvaraosahaku.fi\/?product=zimmermann-530-2457-52-jarrulevyt"},"modified":"2021-02-21T20:43:26","modified_gmt":"2021-02-21T20:43:26","slug":"zimmermann-530-2457-52-jarrulevyt","status":"publish","type":"product","link":"https:\/\/www.autonvaraosahaku.fi\/?product=zimmermann-530-2457-52-jarrulevyt","title":{"rendered":"ZIMMERMANN 530.2457.52 Jarrulevyt"},"content":{"rendered":"<p>Jarrulevytyyppi: Tuuletettu, sis\u00e4, Reijitetty; Pinta: pinnoitettu; Ulkol\u00e4pimitta [mm]: 277; Jarrulevyn paksuus (mm): 24; Korkeus (mm): 57; Vanne, aukkoja: 5; Reik\u00e4ympyr\u00e4-\u00d8 [mm]: 100; keskitt\u00e4misl\u00e4pimitta [mm]: 58; Tarkistuskilpi: KBA 60872; V\u00e4himm\u00e4ispaksuus (mm): 22; Paino [kg]: 6; Reik\u00e4kuvio\/-m\u00e4\u00e4r\u00e4: 7\/5; Tuotelinja: SPORT COAT Z; Tuning: 1; Asennuspuoli: Vorderachse; SUBARU: FORESTER SG,FORESTER SH,FORESTER SF,IMPREZA Stufenheck GD,LEGACY IV Station Wagon BL, BP, B13_,IMPREZA Schr\u00e4gheck GR, GH, G3,IMPREZA Station Wagon GG,LEGACY III Station Wagon BE, BH,IMPREZA Stufenheck GC,LEGACY II Station Wagon BD, BG,IMPREZA Station Wagon GF,LEGACY IV BL, BP,OUTBACK BE, BH,LEGACY V Station Wagon BM, BR,BRZ,LEGACY III BE, BH,LEGACY I Station Wagon BC, BJF,LEGACY II BD, BG,IMPREZA Coupe GFC,IMPREZA Stufenheck GR,LEGACY I BC,LEGACY V BM, BR,LEGACY OUTBACK BG,IMPREZA Schr\u00e4gheck GP; TOYOTA: GT 86 Coupe ZN6_; 26300AE050, 26300AE070, 26300AE071, 26310AA091, 26310AA092, 26310AA120, 26310AA121, 26310AA151, SU00300585; Jarrulevy<\/p>\n","protected":false},"excerpt":{"rendered":"<p>ZIMMERMANN Jarrulevyt 530.2457.52 Jarrulevy SUBARU,TOYOTA,FORESTER SG,FORESTER SH,FORESTER SF,IMPREZA Stufenheck GD<\/p>\n","protected":false},"featured_media":0,"template":"","meta":{"site-sidebar-layout":"default","site-content-layout":"default","ast-global-header-display":"","ast-main-header-display":"","ast-hfb-above-header-display":"","ast-hfb-below-header-display":"","ast-hfb-mobile-header-display":"","site-post-title":"","ast-breadcrumbs-content":"","ast-featured-img":"","footer-sml-layout":"","theme-transparent-header-meta":"","adv-header-id-meta":"","stick-header-meta":"","header-above-stick-meta":"","header-main-stick-meta":"","header-below-stick-meta":""},"pwb-brand":[145],"product_cat":[66],"product_tag":[],"class_list":{"0":"post-85637","1":"product","2":"type-product","3":"status-publish","5":"pwb-brand-zimmermann","6":"product_cat-jarrulevyt","7":"desktop-align-left","8":"tablet-align-left","9":"mobile-align-left","11":"first","12":"instock","13":"product-type-external"},"brands":[{"id":145,"name":"ZIMMERMANN","slug":"zimmermann"}],"_links":{"self":[{"href":"https:\/\/www.autonvaraosahaku.fi\/index.php?rest_route=\/wp\/v2\/product\/85637","targetHints":{"allow":["GET"]}}],"collection":[{"href":"https:\/\/www.autonvaraosahaku.fi\/index.php?rest_route=\/wp\/v2\/product"}],"about":[{"href":"https:\/\/www.autonvaraosahaku.fi\/index.php?rest_route=\/wp\/v2\/types\/product"}],"wp:attachment":[{"href":"https:\/\/www.autonvaraosahaku.fi\/index.php?rest_route=%2Fwp%2Fv2%2Fmedia&parent=85637"}],"wp:term":[{"taxonomy":"pwb-brand","embeddable":true,"href":"https:\/\/www.autonvaraosahaku.fi\/index.php?rest_route=%2Fwp%2Fv2%2Fpwb-brand&post=85637"},{"taxonomy":"product_cat","embeddable":true,"href":"https:\/\/www.autonvaraosahaku.fi\/index.php?rest_route=%2Fwp%2Fv2%2Fproduct_cat&post=85637"},{"taxonomy":"product_tag","embeddable":true,"href":"https:\/\/www.autonvaraosahaku.fi\/index.php?rest_route=%2Fwp%2Fv2%2Fproduct_tag&post=85637"}],"curies":[{"name":"wp","href":"https:\/\/api.w.org\/{rel}","templated":true}]}}