{"id":85673,"date":"2021-02-21T20:43:39","date_gmt":"2021-02-21T20:43:39","guid":{"rendered":"https:\/\/www.autonvaraosahaku.fi\/?product=eibach-s90-7-30-001-muut-luokat"},"modified":"2021-02-21T20:43:40","modified_gmt":"2021-02-21T20:43:40","slug":"eibach-s90-7-30-001-muut-luokat","status":"publish","type":"product","link":"https:\/\/www.autonvaraosahaku.fi\/?product=eibach-s90-7-30-001-muut-luokat","title":{"rendered":"EIBACH S90-7-30-001 Muut luokat"},"content":{"rendered":"<p>Paksuus [mm]: 30; Raidev\u00e4lin suurennus per akseli: 60; keskitt\u00e4misl\u00e4pimitta [mm]: 66,45; Kierremitta: M12x1,5; Reik\u00e4ympyr\u00e4-\u00d8 [mm]: 112; Reikien m\u00e4\u00e4r\u00e4: 5; Pinta: eloksoitu; V\u00e4ri: Natur; Vahvistettu malli: ; Huomioi asennusohje: ; Tuotelinja: Pro-Spacer; Materiaali: Alumiini; Tuning: 1; Huomioi huolto-ohjeet: ; MERCEDES-BENZ: C-CLASS W203,A-CLASS W168,C-CLASS T-Model S203,C-CLASS W202,190 W201,SLK R170,E-CLASS W210,C-CLASS Coupe CL203,Stufenheck W124,E-CLASS Kombi S210,SLK R171,CLK C208,SL R129,CLK C209,SL R107,C-CLASS Kombi S202,S-CLASS W126,VANEO 414,KOMBI Kombi S124,E-CLASS W124,CLK Cabriolet A208,COUPE C124,CLK Cabriolet A209,E-CLASS Kombi S124,S-CLASS Coupe C126,CLC-CLASS CL203,E-CLASS Cabriolet A124,SL Coupe C107,E-CLASS Coupe C124,CABRIOLET A124; CHRYSLER: CROSSFIRE,CROSSFIRE Roadster; Raidev\u00e4lilevennys<\/p>\n","protected":false},"excerpt":{"rendered":"<p>EIBACH Levikepalat S90-7-30-001 Raidev\u00e4lilevennys MERCEDES-BENZ,CHRYSLER,C-CLASS W203,A-CLASS W168,C-CLASS T-Model S203,C-CLASS W202,190 W201,SLK R170<\/p>\n","protected":false},"featured_media":0,"template":"","meta":{"site-sidebar-layout":"default","site-content-layout":"default","ast-global-header-display":"","ast-main-header-display":"","ast-hfb-above-header-display":"","ast-hfb-below-header-display":"","ast-hfb-mobile-header-display":"","site-post-title":"","ast-breadcrumbs-content":"","ast-featured-img":"","footer-sml-layout":"","theme-transparent-header-meta":"","adv-header-id-meta":"","stick-header-meta":"","header-above-stick-meta":"","header-main-stick-meta":"","header-below-stick-meta":""},"pwb-brand":[328],"product_cat":[37],"product_tag":[],"class_list":{"0":"post-85673","1":"product","2":"type-product","3":"status-publish","5":"pwb-brand-eibach","6":"product_cat-muut-luokat","7":"desktop-align-left","8":"tablet-align-left","9":"mobile-align-left","11":"first","12":"instock","13":"product-type-external"},"brands":[{"id":328,"name":"EIBACH","slug":"eibach"}],"_links":{"self":[{"href":"https:\/\/www.autonvaraosahaku.fi\/index.php?rest_route=\/wp\/v2\/product\/85673","targetHints":{"allow":["GET"]}}],"collection":[{"href":"https:\/\/www.autonvaraosahaku.fi\/index.php?rest_route=\/wp\/v2\/product"}],"about":[{"href":"https:\/\/www.autonvaraosahaku.fi\/index.php?rest_route=\/wp\/v2\/types\/product"}],"wp:attachment":[{"href":"https:\/\/www.autonvaraosahaku.fi\/index.php?rest_route=%2Fwp%2Fv2%2Fmedia&parent=85673"}],"wp:term":[{"taxonomy":"pwb-brand","embeddable":true,"href":"https:\/\/www.autonvaraosahaku.fi\/index.php?rest_route=%2Fwp%2Fv2%2Fpwb-brand&post=85673"},{"taxonomy":"product_cat","embeddable":true,"href":"https:\/\/www.autonvaraosahaku.fi\/index.php?rest_route=%2Fwp%2Fv2%2Fproduct_cat&post=85673"},{"taxonomy":"product_tag","embeddable":true,"href":"https:\/\/www.autonvaraosahaku.fi\/index.php?rest_route=%2Fwp%2Fv2%2Fproduct_tag&post=85673"}],"curies":[{"name":"wp","href":"https:\/\/api.w.org\/{rel}","templated":true}]}}