{"id":8569,"date":"2021-02-21T14:03:25","date_gmt":"2021-02-21T14:03:25","guid":{"rendered":"https:\/\/www.autonvaraosahaku.fi\/?product=master-sport-24012201961-pcs-ms-jarrulevyt"},"modified":"2021-02-21T14:03:26","modified_gmt":"2021-02-21T14:03:26","slug":"master-sport-24012201961-pcs-ms-jarrulevyt","status":"publish","type":"product","link":"https:\/\/www.autonvaraosahaku.fi\/?product=master-sport-24012201961-pcs-ms-jarrulevyt","title":{"rendered":"MASTER-SPORT 24012201961-PCS-MS Jarrulevyt"},"content":{"rendered":"<p>L\u00e4pimitta [mm]: 285,0; Jarrulevytyyppi: Tuuletettu; Jarrulevyn paksuus (mm): 21,9; Korkeus (mm): 93,0; Reik\u00e4-\u00d8 [mm]: 15,0; V\u00e4himm\u00e4ispaksuus (mm): 19,0; Sis\u00e4l\u00e4pimitta [mm]: 169,0; Reikien m\u00e4\u00e4r\u00e4: 6; keskitt\u00e4misl\u00e4pimitta [mm]: 120,0; Reik\u00e4ympyr\u00e4-\u00d8 [mm]: 145,0; K\u00e4sittely: Seostettu \/ hiilletty; Nettopaino [kg]: 7,39; Bruttopaino [kg]: 7,63; Asennuspuoli: Hinterachse; VW: LT 28-46 II Kasten 2DA, 2DD, 2DH,LT 28-35 II Bus 2DB, 2DE, 2DK,LT 28-46 II Pritsche\/Fahrgestell 2DC, 2DF, 2DG, 2DL, 2DM; MERCEDES-BENZ: SPRINTER 4-t Pritsche\/Fahrgestell 904,VARIO Kasten\/Kombi,VARIO Pritsche\/Fahrgestell,SPRINTER 4-t Kasten 904,VARIO Kipper,SPRINTER 4-t Bus 904,VARIO Bus,VARIO Triebkopf; 9044230112, 9044230212, 9044230312, A9044230112, A9044230212, A9044230312; Jarrulevy<\/p>\n","protected":false},"excerpt":{"rendered":"<p>MASTER-SPORT Jarrulevyt 24012201961-PCS-MS Jarrulevy VW,MERCEDES-BENZ,LT 28-46 II Kasten 2DA, 2DD, 2DH,LT 28-35 II Bus 2DB, 2DE, 2DK<\/p>\n","protected":false},"featured_media":0,"template":"","meta":{"site-sidebar-layout":"default","site-content-layout":"default","ast-global-header-display":"","ast-main-header-display":"","ast-hfb-above-header-display":"","ast-hfb-below-header-display":"","ast-hfb-mobile-header-display":"","site-post-title":"","ast-breadcrumbs-content":"","ast-featured-img":"","footer-sml-layout":"","theme-transparent-header-meta":"","adv-header-id-meta":"","stick-header-meta":"","header-above-stick-meta":"","header-main-stick-meta":"","header-below-stick-meta":""},"pwb-brand":[61],"product_cat":[66],"product_tag":[],"class_list":{"0":"post-8569","1":"product","2":"type-product","3":"status-publish","5":"pwb-brand-master-sport","6":"product_cat-jarrulevyt","7":"desktop-align-left","8":"tablet-align-left","9":"mobile-align-left","11":"first","12":"instock","13":"product-type-external"},"brands":[{"id":61,"name":"MASTER-SPORT","slug":"master-sport"}],"_links":{"self":[{"href":"https:\/\/www.autonvaraosahaku.fi\/index.php?rest_route=\/wp\/v2\/product\/8569","targetHints":{"allow":["GET"]}}],"collection":[{"href":"https:\/\/www.autonvaraosahaku.fi\/index.php?rest_route=\/wp\/v2\/product"}],"about":[{"href":"https:\/\/www.autonvaraosahaku.fi\/index.php?rest_route=\/wp\/v2\/types\/product"}],"wp:attachment":[{"href":"https:\/\/www.autonvaraosahaku.fi\/index.php?rest_route=%2Fwp%2Fv2%2Fmedia&parent=8569"}],"wp:term":[{"taxonomy":"pwb-brand","embeddable":true,"href":"https:\/\/www.autonvaraosahaku.fi\/index.php?rest_route=%2Fwp%2Fv2%2Fpwb-brand&post=8569"},{"taxonomy":"product_cat","embeddable":true,"href":"https:\/\/www.autonvaraosahaku.fi\/index.php?rest_route=%2Fwp%2Fv2%2Fproduct_cat&post=8569"},{"taxonomy":"product_tag","embeddable":true,"href":"https:\/\/www.autonvaraosahaku.fi\/index.php?rest_route=%2Fwp%2Fv2%2Fproduct_tag&post=8569"}],"curies":[{"name":"wp","href":"https:\/\/api.w.org\/{rel}","templated":true}]}}