{"id":8570,"date":"2021-02-21T14:03:25","date_gmt":"2021-02-21T14:03:25","guid":{"rendered":"https:\/\/www.autonvaraosahaku.fi\/?product=brembo-09-8670-1x-jarrulevyt"},"modified":"2021-02-21T14:03:26","modified_gmt":"2021-02-21T14:03:26","slug":"brembo-09-8670-1x-jarrulevyt","status":"publish","type":"product","link":"https:\/\/www.autonvaraosahaku.fi\/?product=brembo-09-8670-1x-jarrulevyt","title":{"rendered":"BREMBO 09.8670.1X Jarrulevyt"},"content":{"rendered":"<p>Korvaava tuote\/korvaava tiedote 2: Ruuveilla; Pinta: pinnoitettu; Kiristysmomentti: 90; keskitt\u00e4misl\u00e4pimitta [mm]: 71; Reikien m\u00e4\u00e4r\u00e4: 5; K\u00e4sittely: hiiliter\u00e4s; V\u00e4himm\u00e4ispaksuus (mm): 28,5; Jarrulevyn paksuus (mm): 30; Jarrulevytyyppi: Reijitetty \/ tuuletettu; Korkeus (mm): 48; L\u00e4pimitta [mm]: 330; Tuotelinja: XTRA LINE; Tuning: 1; Asennuspuoli: Vorderachse; CITRO\u00cbN: C6 TD_; PEUGEOT: 407 SW 6E_,607 9D, 9U,407 6D_,407 Coupe 6C_; 4246K0, 424944, 4246E0, 4246P8, 424943, 424977, 4249A9; Jarrulevy<\/p>\n","protected":false},"excerpt":{"rendered":"<p>BREMBO Jarrulevyt 09.8670.1X Jarrulevy CITRO\u00cbN,PEUGEOT,C6 TD_,407 SW 6E_,607 9D, 9U,407 6D_,407 Coupe 6C_<\/p>\n","protected":false},"featured_media":0,"template":"","meta":{"site-sidebar-layout":"default","site-content-layout":"default","ast-global-header-display":"","ast-main-header-display":"","ast-hfb-above-header-display":"","ast-hfb-below-header-display":"","ast-hfb-mobile-header-display":"","site-post-title":"","ast-breadcrumbs-content":"","ast-featured-img":"","footer-sml-layout":"","theme-transparent-header-meta":"","adv-header-id-meta":"","stick-header-meta":"","header-above-stick-meta":"","header-main-stick-meta":"","header-below-stick-meta":""},"pwb-brand":[146],"product_cat":[66],"product_tag":[],"class_list":{"0":"post-8570","1":"product","2":"type-product","3":"status-publish","5":"pwb-brand-brembo","6":"product_cat-jarrulevyt","7":"desktop-align-left","8":"tablet-align-left","9":"mobile-align-left","11":"first","12":"instock","13":"product-type-external"},"brands":[{"id":146,"name":"BREMBO","slug":"brembo"}],"_links":{"self":[{"href":"https:\/\/www.autonvaraosahaku.fi\/index.php?rest_route=\/wp\/v2\/product\/8570","targetHints":{"allow":["GET"]}}],"collection":[{"href":"https:\/\/www.autonvaraosahaku.fi\/index.php?rest_route=\/wp\/v2\/product"}],"about":[{"href":"https:\/\/www.autonvaraosahaku.fi\/index.php?rest_route=\/wp\/v2\/types\/product"}],"wp:attachment":[{"href":"https:\/\/www.autonvaraosahaku.fi\/index.php?rest_route=%2Fwp%2Fv2%2Fmedia&parent=8570"}],"wp:term":[{"taxonomy":"pwb-brand","embeddable":true,"href":"https:\/\/www.autonvaraosahaku.fi\/index.php?rest_route=%2Fwp%2Fv2%2Fpwb-brand&post=8570"},{"taxonomy":"product_cat","embeddable":true,"href":"https:\/\/www.autonvaraosahaku.fi\/index.php?rest_route=%2Fwp%2Fv2%2Fproduct_cat&post=8570"},{"taxonomy":"product_tag","embeddable":true,"href":"https:\/\/www.autonvaraosahaku.fi\/index.php?rest_route=%2Fwp%2Fv2%2Fproduct_tag&post=8570"}],"curies":[{"name":"wp","href":"https:\/\/api.w.org\/{rel}","templated":true}]}}