{"id":85712,"date":"2021-02-21T20:43:54","date_gmt":"2021-02-21T20:43:54","guid":{"rendered":"https:\/\/www.autonvaraosahaku.fi\/?product=hengst-filter-e60kp-polttoainesuodatin"},"modified":"2021-02-21T20:43:55","modified_gmt":"2021-02-21T20:43:55","slug":"hengst-filter-e60kp-polttoainesuodatin","status":"publish","type":"product","link":"https:\/\/www.autonvaraosahaku.fi\/?product=hengst-filter-e60kp-polttoainesuodatin","title":{"rendered":"HENGST FILTER E60KP Polttoainesuodatin"},"content":{"rendered":"<p>Suodatintyyppi: Suodatinpanos; Ulkol\u00e4pimitta [mm]: 81,5; Sis\u00e4l\u00e4pimitta 1 [mm]: 19,0; Sis\u00e4l\u00e4pimitta 2 [mm]: 71,5; Korkeus (mm): 63,0; Valmistusvuosi alkaen: 07\/1992; LANCIA: ZETA 220; HYUNDAI: LANTRA II Wagon J-2,LANTRA II J-2; FIAT: ULYSSE 220,SCUDO Kasten 220L,SCUDO Combinato 220P,SCUDO Pritsche\/Fahrgestell 220_; CITRO\u00cbN: BERLINGO MF,BERLINGO Kasten M_,XSARA N1,XSARA Break N2,XM Y4,XSARA Coupe N0,XANTIA X1,EVASION 22, U6,ZX N2,BX XB-_,JUMPY U6U,JUMPY Kasten BS_, BT_, BY_, BZ_,XANTIA Break X1,ZX Break N2,XM Break Y4,JUMPER Pritsche\/Fahrgestell 230,BX Break XB-_,C15 VD-_,JUMPY Pritsche\/Fahrgestell BU_, BV_, BW_, BX_,C15 Kombi,XSARA Kasten,XSARA Kasten\/Schr\u00e4gheck; PEUGEOT: 306 Schr\u00e4gheck 7A, 7C, N3, N5,406 Break 8E\/F,PARTNER Combispace 5F,205 II 20A\/C,PARTNER Kasten 5,306 Break 7E, N3, N5,406 8B,806 221,306 7B, N3, N5,EXPERT Kasten 222,309 II 3C, 3A,405 I 15B,605 6B,EXPERT 224,405 II 4B,306 Van N_, 7_,405 II Break 4E,405 I Break 15E,EXPERT Pritsche\/Fahrgestell 223,205 Kasten,306 Kasten\/Schr\u00e4gheck; 1606451188, 190633, 190643, 1906C1, 96098964, 1606451188, 9401906648, 9609896480, 3190629000, 3190629001, 1606451188, 190629, 190638, 190664<\/p>\n","protected":false},"excerpt":{"rendered":"<p>HENGST FILTER Polttoainesuodatin E60KP  LANCIA,HYUNDAI,FIAT,ZETA 220,LANTRA II Wagon J-2,LANTRA II J-2,ULYSSE 220,SCUDO Kasten 220L<\/p>\n","protected":false},"featured_media":0,"template":"","meta":{"site-sidebar-layout":"default","site-content-layout":"default","ast-global-header-display":"","ast-main-header-display":"","ast-hfb-above-header-display":"","ast-hfb-below-header-display":"","ast-hfb-mobile-header-display":"","site-post-title":"","ast-breadcrumbs-content":"","ast-featured-img":"","footer-sml-layout":"","theme-transparent-header-meta":"","adv-header-id-meta":"","stick-header-meta":"","header-above-stick-meta":"","header-main-stick-meta":"","header-below-stick-meta":""},"pwb-brand":[336],"product_cat":[29],"product_tag":[],"class_list":{"0":"post-85712","1":"product","2":"type-product","3":"status-publish","5":"pwb-brand-hengst-filter","6":"product_cat-polttoainesuodatin","7":"desktop-align-left","8":"tablet-align-left","9":"mobile-align-left","11":"first","12":"instock","13":"product-type-external"},"brands":[{"id":336,"name":"HENGST FILTER","slug":"hengst-filter"}],"_links":{"self":[{"href":"https:\/\/www.autonvaraosahaku.fi\/index.php?rest_route=\/wp\/v2\/product\/85712","targetHints":{"allow":["GET"]}}],"collection":[{"href":"https:\/\/www.autonvaraosahaku.fi\/index.php?rest_route=\/wp\/v2\/product"}],"about":[{"href":"https:\/\/www.autonvaraosahaku.fi\/index.php?rest_route=\/wp\/v2\/types\/product"}],"wp:attachment":[{"href":"https:\/\/www.autonvaraosahaku.fi\/index.php?rest_route=%2Fwp%2Fv2%2Fmedia&parent=85712"}],"wp:term":[{"taxonomy":"pwb-brand","embeddable":true,"href":"https:\/\/www.autonvaraosahaku.fi\/index.php?rest_route=%2Fwp%2Fv2%2Fpwb-brand&post=85712"},{"taxonomy":"product_cat","embeddable":true,"href":"https:\/\/www.autonvaraosahaku.fi\/index.php?rest_route=%2Fwp%2Fv2%2Fproduct_cat&post=85712"},{"taxonomy":"product_tag","embeddable":true,"href":"https:\/\/www.autonvaraosahaku.fi\/index.php?rest_route=%2Fwp%2Fv2%2Fproduct_tag&post=85712"}],"curies":[{"name":"wp","href":"https:\/\/api.w.org\/{rel}","templated":true}]}}