{"id":8572,"date":"2021-02-21T14:03:25","date_gmt":"2021-02-21T14:03:25","guid":{"rendered":"https:\/\/www.autonvaraosahaku.fi\/?product=master-sport-24012002131-pcs-ms-jarrulevyt"},"modified":"2021-02-21T14:03:26","modified_gmt":"2021-02-21T14:03:26","slug":"master-sport-24012002131-pcs-ms-jarrulevyt","status":"publish","type":"product","link":"https:\/\/www.autonvaraosahaku.fi\/?product=master-sport-24012002131-pcs-ms-jarrulevyt","title":{"rendered":"MASTER-SPORT 24012002131-PCS-MS Jarrulevyt"},"content":{"rendered":"<p>L\u00e4pimitta [mm]: 320,0; Jarrulevytyyppi: Tuuletettu; Jarrulevyn paksuus (mm): 20,0; Korkeus (mm): 86,1; Reik\u00e4-\u00d8 [mm]: 14,5; V\u00e4himm\u00e4ispaksuus (mm): 18,4; Sis\u00e4l\u00e4pimitta [mm]: 185,0; Reikien m\u00e4\u00e4r\u00e4: 5; keskitt\u00e4misl\u00e4pimitta [mm]: 75,0; Reik\u00e4ympyr\u00e4-\u00d8 [mm]: 120,0; K\u00e4sittely: hiiliter\u00e4s; Nettopaino [kg]: 7,78; Bruttopaino [kg]: 7,86; Asennuspuoli: Hinterachse; BMW: 5 E60,5 Touring E61; 34216763345; Jarrulevy<\/p>\n","protected":false},"excerpt":{"rendered":"<p>MASTER-SPORT Jarrulevyt 24012002131-PCS-MS Jarrulevy BMW,5 E60,5 Touring E61<\/p>\n","protected":false},"featured_media":0,"template":"","meta":{"site-sidebar-layout":"default","site-content-layout":"default","ast-global-header-display":"","ast-main-header-display":"","ast-hfb-above-header-display":"","ast-hfb-below-header-display":"","ast-hfb-mobile-header-display":"","site-post-title":"","ast-breadcrumbs-content":"","ast-featured-img":"","footer-sml-layout":"","theme-transparent-header-meta":"","adv-header-id-meta":"","stick-header-meta":"","header-above-stick-meta":"","header-main-stick-meta":"","header-below-stick-meta":""},"pwb-brand":[61],"product_cat":[66],"product_tag":[],"class_list":{"0":"post-8572","1":"product","2":"type-product","3":"status-publish","5":"pwb-brand-master-sport","6":"product_cat-jarrulevyt","7":"desktop-align-left","8":"tablet-align-left","9":"mobile-align-left","11":"first","12":"instock","13":"product-type-external"},"brands":[{"id":61,"name":"MASTER-SPORT","slug":"master-sport"}],"_links":{"self":[{"href":"https:\/\/www.autonvaraosahaku.fi\/index.php?rest_route=\/wp\/v2\/product\/8572","targetHints":{"allow":["GET"]}}],"collection":[{"href":"https:\/\/www.autonvaraosahaku.fi\/index.php?rest_route=\/wp\/v2\/product"}],"about":[{"href":"https:\/\/www.autonvaraosahaku.fi\/index.php?rest_route=\/wp\/v2\/types\/product"}],"wp:attachment":[{"href":"https:\/\/www.autonvaraosahaku.fi\/index.php?rest_route=%2Fwp%2Fv2%2Fmedia&parent=8572"}],"wp:term":[{"taxonomy":"pwb-brand","embeddable":true,"href":"https:\/\/www.autonvaraosahaku.fi\/index.php?rest_route=%2Fwp%2Fv2%2Fpwb-brand&post=8572"},{"taxonomy":"product_cat","embeddable":true,"href":"https:\/\/www.autonvaraosahaku.fi\/index.php?rest_route=%2Fwp%2Fv2%2Fproduct_cat&post=8572"},{"taxonomy":"product_tag","embeddable":true,"href":"https:\/\/www.autonvaraosahaku.fi\/index.php?rest_route=%2Fwp%2Fv2%2Fproduct_tag&post=8572"}],"curies":[{"name":"wp","href":"https:\/\/api.w.org\/{rel}","templated":true}]}}