{"id":85725,"date":"2021-02-21T20:43:54","date_gmt":"2021-02-21T20:43:54","guid":{"rendered":"https:\/\/www.autonvaraosahaku.fi\/?product=optimal-f8-5663-kampiakselin-hihnapyora"},"modified":"2021-02-21T20:43:59","modified_gmt":"2021-02-21T20:43:59","slug":"optimal-f8-5663-kampiakselin-hihnapyora","status":"publish","type":"product","link":"https:\/\/www.autonvaraosahaku.fi\/?product=optimal-f8-5663-kampiakselin-hihnapyora","title":{"rendered":"OPTIMAL F8-5663 Kampiakselin hihnapy\u00f6r\u00e4"},"content":{"rendered":"<p>Tunnusluku: 6PK; Sis\u00e4l\u00e4pimitta [mm]: 32; Leveys 1 (mm): 82; Korvaava tuote\/korvaava tiedote 2: Chinesisch; Ulkol\u00e4pimitta 1 [mm]: 160; Ulkol\u00e4pimitta 2 [mm]: 157; MERCEDES-BENZ: C-CLASS W203,E-CLASS W211,C-CLASS T-Model S203,C-CLASS W202,E-CLASS T-Model S211,SLK R170,E-CLASS W210,VIANO W639,M-CLASS W164,C-CLASS Coupe CL203,M-CLASS W163,E-CLASS Kombi S210,VITO Bus W639,CLK C208,SL R129,CLK C209,C-CLASS Kombi S202,S-CLASS W220,VITO \/ MIXTO Kasten W639,CLS C219,SL R230,R-CLASS W251, V251,G-CLASS W463,CLK Cabriolet A208,CLK Cabriolet A209,S-CLASS Coupe C215,G-CLASS Cabrio W463; 1120350000, 1120350400, 1120350500, 1120350600, 1120350800, 1120350900, 1120351300, 1120351400, A1120350000, A1120350400, A1120350500, A1120350600, A1120350800, A1120350900, A1120351300, A1120351400; Hihnapy\u00f6r\u00e4, Kampiakseli<\/p>\n","protected":false},"excerpt":{"rendered":"<p>OPTIMAL Kampiakselin Hihnapy\u00f6r\u00e4 F8-5663 Hihnapy\u00f6r\u00e4, Kampiakseli MERCEDES-BENZ,C-CLASS W203,E-CLASS W211,C-CLASS T-Model S203,C-CLASS W202<\/p>\n","protected":false},"featured_media":0,"template":"","meta":{"site-sidebar-layout":"default","site-content-layout":"default","ast-global-header-display":"","ast-main-header-display":"","ast-hfb-above-header-display":"","ast-hfb-below-header-display":"","ast-hfb-mobile-header-display":"","site-post-title":"","ast-breadcrumbs-content":"","ast-featured-img":"","footer-sml-layout":"","theme-transparent-header-meta":"","adv-header-id-meta":"","stick-header-meta":"","header-above-stick-meta":"","header-main-stick-meta":"","header-below-stick-meta":""},"pwb-brand":[307],"product_cat":[219],"product_tag":[],"class_list":{"0":"post-85725","1":"product","2":"type-product","3":"status-publish","5":"pwb-brand-optimal","6":"product_cat-kampiakselin-hihnapyora","7":"desktop-align-left","8":"tablet-align-left","9":"mobile-align-left","11":"first","12":"instock","13":"product-type-external"},"brands":[{"id":307,"name":"OPTIMAL","slug":"optimal"}],"_links":{"self":[{"href":"https:\/\/www.autonvaraosahaku.fi\/index.php?rest_route=\/wp\/v2\/product\/85725","targetHints":{"allow":["GET"]}}],"collection":[{"href":"https:\/\/www.autonvaraosahaku.fi\/index.php?rest_route=\/wp\/v2\/product"}],"about":[{"href":"https:\/\/www.autonvaraosahaku.fi\/index.php?rest_route=\/wp\/v2\/types\/product"}],"wp:attachment":[{"href":"https:\/\/www.autonvaraosahaku.fi\/index.php?rest_route=%2Fwp%2Fv2%2Fmedia&parent=85725"}],"wp:term":[{"taxonomy":"pwb-brand","embeddable":true,"href":"https:\/\/www.autonvaraosahaku.fi\/index.php?rest_route=%2Fwp%2Fv2%2Fpwb-brand&post=85725"},{"taxonomy":"product_cat","embeddable":true,"href":"https:\/\/www.autonvaraosahaku.fi\/index.php?rest_route=%2Fwp%2Fv2%2Fproduct_cat&post=85725"},{"taxonomy":"product_tag","embeddable":true,"href":"https:\/\/www.autonvaraosahaku.fi\/index.php?rest_route=%2Fwp%2Fv2%2Fproduct_tag&post=85725"}],"curies":[{"name":"wp","href":"https:\/\/api.w.org\/{rel}","templated":true}]}}