{"id":85730,"date":"2021-02-21T20:44:02","date_gmt":"2021-02-21T20:44:02","guid":{"rendered":"https:\/\/www.autonvaraosahaku.fi\/?product=optimal-g7-658-koiranluu"},"modified":"2021-02-21T20:44:03","modified_gmt":"2021-02-21T20:44:03","slug":"optimal-g7-658-koiranluu","status":"publish","type":"product","link":"https:\/\/www.autonvaraosahaku.fi\/?product=optimal-g7-658-koiranluu","title":{"rendered":"OPTIMAL G7-658 Koiranluu"},"content":{"rendered":"<p>Asennuspuoli: Etuakseli, Molemminpuolin; Tanko \/ tuki: Yhdystanko; Lis\u00e4tarvike\/lis\u00e4tieto: Tarvikkeilla; Materiaali: Ter\u00e4s; Pituus (mm): 70; Ulkokierre [mm]: M8 x 1,25 RHT M; Korvaava tuote\/korvaava tiedote 2: Kumilaakerilla; Kokonaispituus (mm): 90; Tarvittava kappalem\u00e4\u00e4r\u00e4: 2; Sis\u00e4l\u00e4pimitta [mm]: 16; Kallistuksenvakaajan l\u00e4pimitta [mm]: 18, 18; VW: LUPO 6X1, 6E1,POLO 6N1,POLO Variant 6KV5,POLO CLASSIC 6KV2; SEAT: AROSA 6H; 6N0411315, 6N0411315C, 6N0411315, 6N0411315C; Kallistuksenvakaajan Yhdystanko,Tanko, Kallistuksenvaimennin<\/p>\n","protected":false},"excerpt":{"rendered":"<p>OPTIMAL Koiranluu G7-658 Kallistuksenvakaajan Yhdystanko,Tanko, Kallistuksenvaimennin VW,SEAT,LUPO 6X1, 6E1,POLO 6N1,POLO Variant 6KV5<\/p>\n","protected":false},"featured_media":0,"template":"","meta":{"site-sidebar-layout":"default","site-content-layout":"default","ast-global-header-display":"","ast-main-header-display":"","ast-hfb-above-header-display":"","ast-hfb-below-header-display":"","ast-hfb-mobile-header-display":"","site-post-title":"","ast-breadcrumbs-content":"","ast-featured-img":"","footer-sml-layout":"","theme-transparent-header-meta":"","adv-header-id-meta":"","stick-header-meta":"","header-above-stick-meta":"","header-main-stick-meta":"","header-below-stick-meta":""},"pwb-brand":[307],"product_cat":[38],"product_tag":[],"class_list":{"0":"post-85730","1":"product","2":"type-product","3":"status-publish","5":"pwb-brand-optimal","6":"product_cat-koiranluu","7":"desktop-align-left","8":"tablet-align-left","9":"mobile-align-left","11":"first","12":"instock","13":"product-type-external"},"brands":[{"id":307,"name":"OPTIMAL","slug":"optimal"}],"_links":{"self":[{"href":"https:\/\/www.autonvaraosahaku.fi\/index.php?rest_route=\/wp\/v2\/product\/85730","targetHints":{"allow":["GET"]}}],"collection":[{"href":"https:\/\/www.autonvaraosahaku.fi\/index.php?rest_route=\/wp\/v2\/product"}],"about":[{"href":"https:\/\/www.autonvaraosahaku.fi\/index.php?rest_route=\/wp\/v2\/types\/product"}],"wp:attachment":[{"href":"https:\/\/www.autonvaraosahaku.fi\/index.php?rest_route=%2Fwp%2Fv2%2Fmedia&parent=85730"}],"wp:term":[{"taxonomy":"pwb-brand","embeddable":true,"href":"https:\/\/www.autonvaraosahaku.fi\/index.php?rest_route=%2Fwp%2Fv2%2Fpwb-brand&post=85730"},{"taxonomy":"product_cat","embeddable":true,"href":"https:\/\/www.autonvaraosahaku.fi\/index.php?rest_route=%2Fwp%2Fv2%2Fproduct_cat&post=85730"},{"taxonomy":"product_tag","embeddable":true,"href":"https:\/\/www.autonvaraosahaku.fi\/index.php?rest_route=%2Fwp%2Fv2%2Fproduct_tag&post=85730"}],"curies":[{"name":"wp","href":"https:\/\/api.w.org\/{rel}","templated":true}]}}