{"id":85741,"date":"2021-02-21T20:44:02","date_gmt":"2021-02-21T20:44:02","guid":{"rendered":"https:\/\/www.autonvaraosahaku.fi\/?product=optimal-g6-114-alatukivarsi"},"modified":"2021-02-21T20:44:06","modified_gmt":"2021-02-21T20:44:06","slug":"optimal-g6-114-alatukivarsi","status":"publish","type":"product","link":"https:\/\/www.autonvaraosahaku.fi\/?product=optimal-g6-114-alatukivarsi","title":{"rendered":"OPTIMAL G6-114 Alatukivarsi"},"content":{"rendered":"<p>Asennuspuoli: Vasen, Etuakseli, Alla; Ohjausmalli: Poikittaistukivarsi; Materiaali: Ter\u00e4slevy; Korvaava tuote\/korvaava tiedote 2: Alapallo-\/pallonivelell\u00e4, Kumilaakerilla; Kiinnityspisteiden l\u00e4pimitta [mm]: 10,2; parilliset tuotenumerot: G6-115; Tarvittava kappalem\u00e4\u00e4r\u00e4: 1; Asennusmalli: Esiasennettu; Ruuvi-\u00d8 [mm]: 19; Alustanumerosta: 8B-L-003792; AUDI: 80 8C, B4,CABRIOLET 8G7, B4,80 Avant 8C, B4,COUPE 89, 8B; 895407147A; Tukivarsi,Tukivarsi, Py\u00f6r\u00e4ntuenta<\/p>\n","protected":false},"excerpt":{"rendered":"<p>OPTIMAL Alatukivarsi G6-114 Tukivarsi,Tukivarsi, Py\u00f6r\u00e4ntuenta AUDI,80 8C, B4,CABRIOLET 8G7, B4,80 Avant 8C, B4,COUPE 89, 8B<\/p>\n","protected":false},"featured_media":0,"template":"","meta":{"site-sidebar-layout":"default","site-content-layout":"default","ast-global-header-display":"","ast-main-header-display":"","ast-hfb-above-header-display":"","ast-hfb-below-header-display":"","ast-hfb-mobile-header-display":"","site-post-title":"","ast-breadcrumbs-content":"","ast-featured-img":"","footer-sml-layout":"","theme-transparent-header-meta":"","adv-header-id-meta":"","stick-header-meta":"","header-above-stick-meta":"","header-main-stick-meta":"","header-below-stick-meta":""},"pwb-brand":[307],"product_cat":[62],"product_tag":[],"class_list":{"0":"post-85741","1":"product","2":"type-product","3":"status-publish","5":"pwb-brand-optimal","6":"product_cat-alatukivarsi","7":"desktop-align-left","8":"tablet-align-left","9":"mobile-align-left","11":"first","12":"instock","13":"product-type-external"},"brands":[{"id":307,"name":"OPTIMAL","slug":"optimal"}],"_links":{"self":[{"href":"https:\/\/www.autonvaraosahaku.fi\/index.php?rest_route=\/wp\/v2\/product\/85741","targetHints":{"allow":["GET"]}}],"collection":[{"href":"https:\/\/www.autonvaraosahaku.fi\/index.php?rest_route=\/wp\/v2\/product"}],"about":[{"href":"https:\/\/www.autonvaraosahaku.fi\/index.php?rest_route=\/wp\/v2\/types\/product"}],"wp:attachment":[{"href":"https:\/\/www.autonvaraosahaku.fi\/index.php?rest_route=%2Fwp%2Fv2%2Fmedia&parent=85741"}],"wp:term":[{"taxonomy":"pwb-brand","embeddable":true,"href":"https:\/\/www.autonvaraosahaku.fi\/index.php?rest_route=%2Fwp%2Fv2%2Fpwb-brand&post=85741"},{"taxonomy":"product_cat","embeddable":true,"href":"https:\/\/www.autonvaraosahaku.fi\/index.php?rest_route=%2Fwp%2Fv2%2Fproduct_cat&post=85741"},{"taxonomy":"product_tag","embeddable":true,"href":"https:\/\/www.autonvaraosahaku.fi\/index.php?rest_route=%2Fwp%2Fv2%2Fproduct_tag&post=85741"}],"curies":[{"name":"wp","href":"https:\/\/api.w.org\/{rel}","templated":true}]}}