{"id":85748,"date":"2021-02-21T20:44:02","date_gmt":"2021-02-21T20:44:02","guid":{"rendered":"https:\/\/www.autonvaraosahaku.fi\/?product=dt-4-20649-tiivisteet"},"modified":"2021-02-21T20:44:09","modified_gmt":"2021-02-21T20:44:09","slug":"dt-4-20649-tiivisteet","status":"publish","type":"product","link":"https:\/\/www.autonvaraosahaku.fi\/?product=dt-4-20649-tiivisteet","title":{"rendered":"DT 4.20649 Tiivisteet"},"content":{"rendered":"<p>Paino [g]: 38,5; Sis\u00e4l\u00e4pimitta [mm]: 45; Ulkol\u00e4pimitta [mm]: 67; Korkeus 1 (mm): 10; Korkeus 2 (mm): 14,5; MERCEDES-BENZ: C-CLASS W202,190 W201,Stufenheck W124,SL R107,Stufenheck W123,S-CLASS W126,KOMBI Kombi S124,E-CLASS W124,G-CLASS W463,COUPE C124,G-CLASS W460,E-CLASS Kombi S124,COUPE C123,S-CLASS W108, W109,S-CLASS W116,COUPE W111,S-CLASS Coupe C126,G-CLASS W461,KOMBI Kombi S123,T1 Bus 601,E-CLASS Cabriolet A124,SL Coupe C107,E-CLASS Coupe C124,T1 Pritsche\/Fahrgestell 602,T2\/L Kasten\/Kombi,T1 Kasten 602,T1 Pritsche\/Fahrgestell 601,T2\/LN1 Kasten\/Kombi,HECKFLOSSE W111, W112,T1 Kasten 601,CABRIOLET W111,CABRIOLET A124,T2\/L Pritsche\/Fahrgestell,T1\/TN Pritsche\/Fahrgestell,T2\/LN1 Pritsche\/Fahrgestell,T1\/TN Kasten\/Kombi,T2\/L Kipper,O 309,UNIMOG; LANCIA: THEMA 834; OPEL: CORSA B 73_, 78_, 79_,VECTRA A 86_, 87_,MANTA B 58_, 59_,REKORD E Caravan 61_, 66_, 67_,KADETT D Caravan 35_, 36_, 45_, 46_; BMW: 3 E30,5 E28,3 E21; ALFA ROMEO: SPIDER 115,GT,33 907A,GIULIETTA 116; RENAULT: TRAFIC Kasten TXX; FIAT: 125,TEMPRA S.W. 159; PEUGEOT: 309 I 10C, 10A; MITSUBISHI: GALANT V E5_A, E7_A, E8_A; PUCH: G-MODELL W 460; 0019970947, 0019971047, 0039970347, 0049976647, 0069971247, 0079979746, 0089970447, 0089970547, 0089974047, 0089975247, 0089977046, 0099973547, 1080310081, 1080310181, 1080310281, 1080310481, 1100310081, 1800310581, 1800310681; Tiivistesarja Jakop\u00e4\u00e4nkotelo<\/p>\n","protected":false},"excerpt":{"rendered":"<p>DT Tiiviste Jakop\u00e4\u00e4nkotelo 4.20649 Tiivistesarja Jakop\u00e4\u00e4nkotelo MERCEDES-BENZ,LANCIA,OPEL,C-CLASS W202,190 W201,Stufenheck W124,SL R107<\/p>\n","protected":false},"featured_media":0,"template":"","meta":{"site-sidebar-layout":"default","site-content-layout":"default","ast-global-header-display":"","ast-main-header-display":"","ast-hfb-above-header-display":"","ast-hfb-below-header-display":"","ast-hfb-mobile-header-display":"","site-post-title":"","ast-breadcrumbs-content":"","ast-featured-img":"","footer-sml-layout":"","theme-transparent-header-meta":"","adv-header-id-meta":"","stick-header-meta":"","header-above-stick-meta":"","header-main-stick-meta":"","header-below-stick-meta":""},"pwb-brand":[75],"product_cat":[27],"product_tag":[],"class_list":{"0":"post-85748","1":"product","2":"type-product","3":"status-publish","5":"pwb-brand-dt","6":"product_cat-tiivisteet","7":"desktop-align-left","8":"tablet-align-left","9":"mobile-align-left","11":"first","12":"instock","13":"product-type-external"},"brands":[{"id":75,"name":"DT","slug":"dt"}],"_links":{"self":[{"href":"https:\/\/www.autonvaraosahaku.fi\/index.php?rest_route=\/wp\/v2\/product\/85748","targetHints":{"allow":["GET"]}}],"collection":[{"href":"https:\/\/www.autonvaraosahaku.fi\/index.php?rest_route=\/wp\/v2\/product"}],"about":[{"href":"https:\/\/www.autonvaraosahaku.fi\/index.php?rest_route=\/wp\/v2\/types\/product"}],"wp:attachment":[{"href":"https:\/\/www.autonvaraosahaku.fi\/index.php?rest_route=%2Fwp%2Fv2%2Fmedia&parent=85748"}],"wp:term":[{"taxonomy":"pwb-brand","embeddable":true,"href":"https:\/\/www.autonvaraosahaku.fi\/index.php?rest_route=%2Fwp%2Fv2%2Fpwb-brand&post=85748"},{"taxonomy":"product_cat","embeddable":true,"href":"https:\/\/www.autonvaraosahaku.fi\/index.php?rest_route=%2Fwp%2Fv2%2Fproduct_cat&post=85748"},{"taxonomy":"product_tag","embeddable":true,"href":"https:\/\/www.autonvaraosahaku.fi\/index.php?rest_route=%2Fwp%2Fv2%2Fproduct_tag&post=85748"}],"curies":[{"name":"wp","href":"https:\/\/api.w.org\/{rel}","templated":true}]}}