{"id":85757,"date":"2021-02-21T20:44:10","date_gmt":"2021-02-21T20:44:10","guid":{"rendered":"https:\/\/www.autonvaraosahaku.fi\/?product=febi-bilstein-37174-lampotila-anturi"},"modified":"2021-02-21T20:44:13","modified_gmt":"2021-02-21T20:44:13","slug":"febi-bilstein-37174-lampotila-anturi","status":"publish","type":"product","link":"https:\/\/www.autonvaraosahaku.fi\/?product=febi-bilstein-37174-lampotila-anturi","title":{"rendered":"FEBI BILSTEIN 37174 L\u00e4mp\u00f6tila-anturi"},"content":{"rendered":"<p>Liittimi\u00e4: 2; Paino [kg]: 0,01, 0,01; Huomioi tekniset tiedot: ; LANCIA: PHEDRA 179,ZETA 220; DACIA: DOKKER,DOKKER Express; FIAT: ULYSSE 179AX,SCUDO Kasten 220L; CITRO\u00cbN: XSARA PICASSO N68,C5 III Break TD_,C8 EA_, EB_,C4 I LC_,C5 II Break RE_,C5 I DC_,C5 I Break DE_,C5 III RD_,XSARA N1,C4 Coupe LA_,C5 II RC_,XSARA Break N2,C6 TD_,XM Y4,XANTIA X2,XSARA Coupe N0,XANTIA X1,EVASION 22, U6,XANTIA Break X2,JUMPY U6U,JUMPY Kasten BS_, BT_, BY_, BZ_,XM Break Y4,JUMPY Pritsche\/Fahrgestell BU_, BV_, BW_, BX_; PEUGEOT: 206 Schr\u00e4gheck 2A\/C,206 CC 2D,307 SW 3H,307 CC 3B,407 SW 6E_,307 3A\/C,206 SW 2E\/K,807 E,106 II 1,307 Break 3E,607 9D, 9U,407 6D_,406 Break 8E\/F,406 Coupe 8C,406 8B,806 221,407 Coupe 6C_,EXPERT Kasten 222,605 6B,EXPERT 224; RENAULT: CLIO II BB0\/1\/2_, CB0\/1\/2_,CLIO III BR0\/1, CR0\/1,KANGOO KC0\/1_,TWINGO II CN0_,MEGANE III Grandtour KZ0\/1,MODUS \/ GRAND MODUS F\/JP0_,MEGANE II Kombi KM0\/1_,MEGANE II Coup\u00e9-Cabriolet EM0\/1_,MEGANE III Schr\u00e4gheck BZ0_,MEGANE II BM0\/1_, CM0\/1_,MEGANE III Coupe DZ0\/1_,KANGOO Express FC0\/1_,CLIO Grandtour KR0\/1_,MEGANE II Stufenheck LM0\/1_,CLIO II Kasten SB0\/1\/2_,FLUENCE L30_,THALIA I LB0\/1\/2_,CLIO III Kasten SB_, SR_,DUSTER,LOGAN I Kombi KS_,LOGAN I LS_,THALIA II LU1\/2_,LOGAN EXPRESS,MEGANE II Kasten\/Kombi KM_,SANDERO\/STEPWAY II,MEGANE II Hatchback Van KM0\/2_,LOGAN II,LOGAN II Kombi; 19204G, 19208Y, 19209F, 9620182880, 9463327680, 9627389680, 9627389680, 2263000Q1H, 2263000QAA, 2263000QAC, 22630BN701, 8200833248, 19204G, 19208Y, 9620182880, 6001543611, 7700101451, 8200061780, 8200164249, 8200833248<\/p>\n","protected":false},"excerpt":{"rendered":"<p>FEBI BILSTEIN Tunnistin Imuilman L\u00e4mp\u00f6tila 37174  LANCIA,DACIA,FIAT,PHEDRA 179,ZETA 220,DOKKER,DOKKER Express,ULYSSE 179AX,SCUDO Kasten 220L<\/p>\n","protected":false},"featured_media":0,"template":"","meta":{"site-sidebar-layout":"default","site-content-layout":"default","ast-global-header-display":"","ast-main-header-display":"","ast-hfb-above-header-display":"","ast-hfb-below-header-display":"","ast-hfb-mobile-header-display":"","site-post-title":"","ast-breadcrumbs-content":"","ast-featured-img":"","footer-sml-layout":"","theme-transparent-header-meta":"","adv-header-id-meta":"","stick-header-meta":"","header-above-stick-meta":"","header-main-stick-meta":"","header-below-stick-meta":""},"pwb-brand":[50],"product_cat":[47],"product_tag":[],"class_list":{"0":"post-85757","1":"product","2":"type-product","3":"status-publish","5":"pwb-brand-febi-bilstein","6":"product_cat-lampotila-anturi","7":"desktop-align-left","8":"tablet-align-left","9":"mobile-align-left","11":"first","12":"instock","13":"product-type-external"},"brands":[{"id":50,"name":"FEBI BILSTEIN","slug":"febi-bilstein"}],"_links":{"self":[{"href":"https:\/\/www.autonvaraosahaku.fi\/index.php?rest_route=\/wp\/v2\/product\/85757","targetHints":{"allow":["GET"]}}],"collection":[{"href":"https:\/\/www.autonvaraosahaku.fi\/index.php?rest_route=\/wp\/v2\/product"}],"about":[{"href":"https:\/\/www.autonvaraosahaku.fi\/index.php?rest_route=\/wp\/v2\/types\/product"}],"wp:attachment":[{"href":"https:\/\/www.autonvaraosahaku.fi\/index.php?rest_route=%2Fwp%2Fv2%2Fmedia&parent=85757"}],"wp:term":[{"taxonomy":"pwb-brand","embeddable":true,"href":"https:\/\/www.autonvaraosahaku.fi\/index.php?rest_route=%2Fwp%2Fv2%2Fpwb-brand&post=85757"},{"taxonomy":"product_cat","embeddable":true,"href":"https:\/\/www.autonvaraosahaku.fi\/index.php?rest_route=%2Fwp%2Fv2%2Fproduct_cat&post=85757"},{"taxonomy":"product_tag","embeddable":true,"href":"https:\/\/www.autonvaraosahaku.fi\/index.php?rest_route=%2Fwp%2Fv2%2Fproduct_tag&post=85757"}],"curies":[{"name":"wp","href":"https:\/\/api.w.org\/{rel}","templated":true}]}}