{"id":85765,"date":"2021-02-21T20:44:10","date_gmt":"2021-02-21T20:44:10","guid":{"rendered":"https:\/\/www.autonvaraosahaku.fi\/?product=optimal-f8-5915-jousijalan-tukilaakeri"},"modified":"2021-02-21T20:44:16","modified_gmt":"2021-02-21T20:44:16","slug":"optimal-f8-5915-jousijalan-tukilaakeri","status":"publish","type":"product","link":"https:\/\/www.autonvaraosahaku.fi\/?product=optimal-f8-5915-jousijalan-tukilaakeri","title":{"rendered":"OPTIMAL F8-5915 Jousijalan tukilaakeri"},"content":{"rendered":"<p>Asennuspuoli: Oikea, Etuakseli, yl\u00e4, Vasen; Materiaali: Kumi-metalli; Alustanumeroon: 153439; VOLVO: V70 II SW,V70 I LV,850 Kombi LW,S80 I TS, XY,XC70 CROSS COUNTRY,C70 I Cabriolet,C70 I Coupe,850 LS,S70 LS; 31200599, 3546189; Iskarin Yl\u00e4p\u00e4\u00e4,Iskunvaimentimen Yl\u00e4p\u00e4\u00e4<\/p>\n","protected":false},"excerpt":{"rendered":"<p>OPTIMAL Jousijalan Tukilaakeri F8-5915 Iskarin Yl\u00e4p\u00e4\u00e4,Iskunvaimentimen Yl\u00e4p\u00e4\u00e4 VOLVO,V70 II SW,V70 I LV,850 Kombi LW,S80 I TS, XY,XC70 CROSS COUNTRY<\/p>\n","protected":false},"featured_media":0,"template":"","meta":{"site-sidebar-layout":"default","site-content-layout":"default","ast-global-header-display":"","ast-main-header-display":"","ast-hfb-above-header-display":"","ast-hfb-below-header-display":"","ast-hfb-mobile-header-display":"","site-post-title":"","ast-breadcrumbs-content":"","ast-featured-img":"","footer-sml-layout":"","theme-transparent-header-meta":"","adv-header-id-meta":"","stick-header-meta":"","header-above-stick-meta":"","header-main-stick-meta":"","header-below-stick-meta":""},"pwb-brand":[307],"product_cat":[45],"product_tag":[],"class_list":{"0":"post-85765","1":"product","2":"type-product","3":"status-publish","5":"pwb-brand-optimal","6":"product_cat-jousijalan-tukilaakeri","7":"desktop-align-left","8":"tablet-align-left","9":"mobile-align-left","11":"first","12":"instock","13":"product-type-external"},"brands":[{"id":307,"name":"OPTIMAL","slug":"optimal"}],"_links":{"self":[{"href":"https:\/\/www.autonvaraosahaku.fi\/index.php?rest_route=\/wp\/v2\/product\/85765","targetHints":{"allow":["GET"]}}],"collection":[{"href":"https:\/\/www.autonvaraosahaku.fi\/index.php?rest_route=\/wp\/v2\/product"}],"about":[{"href":"https:\/\/www.autonvaraosahaku.fi\/index.php?rest_route=\/wp\/v2\/types\/product"}],"wp:attachment":[{"href":"https:\/\/www.autonvaraosahaku.fi\/index.php?rest_route=%2Fwp%2Fv2%2Fmedia&parent=85765"}],"wp:term":[{"taxonomy":"pwb-brand","embeddable":true,"href":"https:\/\/www.autonvaraosahaku.fi\/index.php?rest_route=%2Fwp%2Fv2%2Fpwb-brand&post=85765"},{"taxonomy":"product_cat","embeddable":true,"href":"https:\/\/www.autonvaraosahaku.fi\/index.php?rest_route=%2Fwp%2Fv2%2Fproduct_cat&post=85765"},{"taxonomy":"product_tag","embeddable":true,"href":"https:\/\/www.autonvaraosahaku.fi\/index.php?rest_route=%2Fwp%2Fv2%2Fproduct_tag&post=85765"}],"curies":[{"name":"wp","href":"https:\/\/api.w.org\/{rel}","templated":true}]}}