{"id":85779,"date":"2021-02-21T20:44:18","date_gmt":"2021-02-21T20:44:18","guid":{"rendered":"https:\/\/www.autonvaraosahaku.fi\/?product=dt-2-94097-jarrupalat"},"modified":"2021-02-21T20:44:22","modified_gmt":"2021-02-21T20:44:22","slug":"dt-2-94097-jarrupalat","status":"publish","type":"product","link":"https:\/\/www.autonvaraosahaku.fi\/?product=dt-2-94097-jarrupalat","title":{"rendered":"DT 2.94097 Jarrupalat"},"content":{"rendered":"<p>Asennuspuoli: Taka-akseli; Paino [g]: 7290; Leveys (mm): 210; Paksuus [mm]: 30; Korkeus (mm): 101; M\u00e4\u00e4r\u00e4yksikk\u00f6: Akselisarja; VOLVO: FE,FE II,FH,FH II,FH12,FH16,FH16 II,FM,FM12,FM9,FMX,FMX II; RENAULT TRUCKS: C,MAGNUM,PREMIUM,PREMIUM 2,T; 1529416, 1534093, 908143, 7420560415, 7421496557, 7420560415, 7421496557, 20526570, 20560415, 20568713, 20586713, 20765963, 21496552; Jarrupalasarja,Jarrupala, Levyjarru<\/p>\n","protected":false},"excerpt":{"rendered":"<p>DT Jarrupalat 2.94097 Jarrupalasarja,Jarrupala, Levyjarru VOLVO,RENAULT TRUCKS,FE,FE II,FH,FH II,FH12,FH16,FH16 II,FM,FM12,FM9,FMX,FMX II,C,MAGNUM<\/p>\n","protected":false},"featured_media":0,"template":"","meta":{"site-sidebar-layout":"default","site-content-layout":"default","ast-global-header-display":"","ast-main-header-display":"","ast-hfb-above-header-display":"","ast-hfb-below-header-display":"","ast-hfb-mobile-header-display":"","site-post-title":"","ast-breadcrumbs-content":"","ast-featured-img":"","footer-sml-layout":"","theme-transparent-header-meta":"","adv-header-id-meta":"","stick-header-meta":"","header-above-stick-meta":"","header-main-stick-meta":"","header-below-stick-meta":""},"pwb-brand":[75],"product_cat":[100],"product_tag":[],"class_list":{"0":"post-85779","1":"product","2":"type-product","3":"status-publish","5":"pwb-brand-dt","6":"product_cat-jarrupalat","7":"desktop-align-left","8":"tablet-align-left","9":"mobile-align-left","11":"first","12":"instock","13":"product-type-external"},"brands":[{"id":75,"name":"DT","slug":"dt"}],"_links":{"self":[{"href":"https:\/\/www.autonvaraosahaku.fi\/index.php?rest_route=\/wp\/v2\/product\/85779","targetHints":{"allow":["GET"]}}],"collection":[{"href":"https:\/\/www.autonvaraosahaku.fi\/index.php?rest_route=\/wp\/v2\/product"}],"about":[{"href":"https:\/\/www.autonvaraosahaku.fi\/index.php?rest_route=\/wp\/v2\/types\/product"}],"wp:attachment":[{"href":"https:\/\/www.autonvaraosahaku.fi\/index.php?rest_route=%2Fwp%2Fv2%2Fmedia&parent=85779"}],"wp:term":[{"taxonomy":"pwb-brand","embeddable":true,"href":"https:\/\/www.autonvaraosahaku.fi\/index.php?rest_route=%2Fwp%2Fv2%2Fpwb-brand&post=85779"},{"taxonomy":"product_cat","embeddable":true,"href":"https:\/\/www.autonvaraosahaku.fi\/index.php?rest_route=%2Fwp%2Fv2%2Fproduct_cat&post=85779"},{"taxonomy":"product_tag","embeddable":true,"href":"https:\/\/www.autonvaraosahaku.fi\/index.php?rest_route=%2Fwp%2Fv2%2Fproduct_tag&post=85779"}],"curies":[{"name":"wp","href":"https:\/\/api.w.org\/{rel}","templated":true}]}}