{"id":85798,"date":"2021-02-21T20:44:27","date_gmt":"2021-02-21T20:44:27","guid":{"rendered":"https:\/\/www.autonvaraosahaku.fi\/?product=denso-dcri105780-polttoainesuutin"},"modified":"2021-02-21T20:44:30","modified_gmt":"2021-02-21T20:44:30","slug":"denso-dcri105780-polttoainesuutin","status":"publish","type":"product","link":"https:\/\/www.autonvaraosahaku.fi\/?product=denso-dcri105780-polttoainesuutin","title":{"rendered":"DENSO DCRI105780 Polttoainesuutin"},"content":{"rendered":"<p>Valmistaja rajaus: Mazda; K\u00e4ytt\u00f6: s\u00e4hk\u00f6ohjattu; Paino [g]: 650; Valmistusvuoteen: 05\/2008; MAZDA: 5 CR19,3 BK,6 Station Wagon GY,6 Kombi GH,6 Hatchback GG,6 GG,6 Schr\u00e4gheck GH,3 Stufenheck BK; RF7J13H50; Ruiskutussuutin,Ruiskusuutin,Pumppusuutin<\/p>\n","protected":false},"excerpt":{"rendered":"<p>DENSO Polttoainesuutin DCRI105780 Ruiskutussuutin,Ruiskusuutin MAZDA,5 CR19,3 BK,6 Station Wagon GY,6 Kombi GH,6 Hatchback GG,6 GG,6 Schr\u00e4gheck GH<\/p>\n","protected":false},"featured_media":0,"template":"","meta":{"site-sidebar-layout":"default","site-content-layout":"default","ast-global-header-display":"","ast-main-header-display":"","ast-hfb-above-header-display":"","ast-hfb-below-header-display":"","ast-hfb-mobile-header-display":"","site-post-title":"","ast-breadcrumbs-content":"","ast-featured-img":"","footer-sml-layout":"","theme-transparent-header-meta":"","adv-header-id-meta":"","stick-header-meta":"","header-above-stick-meta":"","header-main-stick-meta":"","header-below-stick-meta":""},"pwb-brand":[278],"product_cat":[346],"product_tag":[],"class_list":{"0":"post-85798","1":"product","2":"type-product","3":"status-publish","5":"pwb-brand-denso","6":"product_cat-polttoainesuutin","7":"desktop-align-left","8":"tablet-align-left","9":"mobile-align-left","11":"first","12":"instock","13":"product-type-external"},"brands":[{"id":278,"name":"DENSO","slug":"denso"}],"_links":{"self":[{"href":"https:\/\/www.autonvaraosahaku.fi\/index.php?rest_route=\/wp\/v2\/product\/85798","targetHints":{"allow":["GET"]}}],"collection":[{"href":"https:\/\/www.autonvaraosahaku.fi\/index.php?rest_route=\/wp\/v2\/product"}],"about":[{"href":"https:\/\/www.autonvaraosahaku.fi\/index.php?rest_route=\/wp\/v2\/types\/product"}],"wp:attachment":[{"href":"https:\/\/www.autonvaraosahaku.fi\/index.php?rest_route=%2Fwp%2Fv2%2Fmedia&parent=85798"}],"wp:term":[{"taxonomy":"pwb-brand","embeddable":true,"href":"https:\/\/www.autonvaraosahaku.fi\/index.php?rest_route=%2Fwp%2Fv2%2Fpwb-brand&post=85798"},{"taxonomy":"product_cat","embeddable":true,"href":"https:\/\/www.autonvaraosahaku.fi\/index.php?rest_route=%2Fwp%2Fv2%2Fproduct_cat&post=85798"},{"taxonomy":"product_tag","embeddable":true,"href":"https:\/\/www.autonvaraosahaku.fi\/index.php?rest_route=%2Fwp%2Fv2%2Fproduct_tag&post=85798"}],"curies":[{"name":"wp","href":"https:\/\/api.w.org\/{rel}","templated":true}]}}