{"id":85819,"date":"2021-02-21T20:44:34","date_gmt":"2021-02-21T20:44:34","guid":{"rendered":"https:\/\/www.autonvaraosahaku.fi\/?product=snr-m255-12-iskunvaimentimen-tukilaakeri"},"modified":"2021-02-21T20:44:37","modified_gmt":"2021-02-21T20:44:37","slug":"snr-m255-12-iskunvaimentimen-tukilaakeri","status":"publish","type":"product","link":"https:\/\/www.autonvaraosahaku.fi\/?product=snr-m255-12-iskunvaimentimen-tukilaakeri","title":{"rendered":"SNR M255.12 Iskunvaimentimen tukilaakeri"},"content":{"rendered":"<p>Paino [g]: 205; Ulkol\u00e4pimitta 1 [mm]: 106; Sis\u00e4l\u00e4pimitta 1 [mm]: 62,2; Leveys 1 (mm): 38,5; RENAULT: CLIO III BR0\/1, CR0\/1,MODUS \/ GRAND MODUS F\/JP0_,CLIO IV,CLIO Grandtour KR0\/1_,CAPTUR,CLIO Grandtour IV,ZOE,CLIO III Kasten SB_, SR_,TWINGO III; SMART: FORTWO Coupe 453,FORFOUR Schr\u00e4gheck 453,FORTWO Cabriolet 453; 543259539R, 4533210084<\/p>\n","protected":false},"excerpt":{"rendered":"<p>SNR Rullalaakeri, Jousijalkalaakeri M255.12  RENAULT,SMART,CLIO III BR0\/1, CR0\/1,MODUS \/ GRAND MODUS F\/JP0_,CLIO IV,CLIO Grandtour KR0\/1_,CAPTUR<\/p>\n","protected":false},"featured_media":0,"template":"","meta":{"site-sidebar-layout":"default","site-content-layout":"default","ast-global-header-display":"","ast-main-header-display":"","ast-hfb-above-header-display":"","ast-hfb-below-header-display":"","ast-hfb-mobile-header-display":"","site-post-title":"","ast-breadcrumbs-content":"","ast-featured-img":"","footer-sml-layout":"","theme-transparent-header-meta":"","adv-header-id-meta":"","stick-header-meta":"","header-above-stick-meta":"","header-main-stick-meta":"","header-below-stick-meta":""},"pwb-brand":[342],"product_cat":[106],"product_tag":[],"class_list":{"0":"post-85819","1":"product","2":"type-product","3":"status-publish","5":"pwb-brand-snr","6":"product_cat-iskunvaimentimen-tukilaakeri","7":"desktop-align-left","8":"tablet-align-left","9":"mobile-align-left","11":"first","12":"instock","13":"product-type-external"},"brands":[{"id":342,"name":"SNR","slug":"snr"}],"_links":{"self":[{"href":"https:\/\/www.autonvaraosahaku.fi\/index.php?rest_route=\/wp\/v2\/product\/85819","targetHints":{"allow":["GET"]}}],"collection":[{"href":"https:\/\/www.autonvaraosahaku.fi\/index.php?rest_route=\/wp\/v2\/product"}],"about":[{"href":"https:\/\/www.autonvaraosahaku.fi\/index.php?rest_route=\/wp\/v2\/types\/product"}],"wp:attachment":[{"href":"https:\/\/www.autonvaraosahaku.fi\/index.php?rest_route=%2Fwp%2Fv2%2Fmedia&parent=85819"}],"wp:term":[{"taxonomy":"pwb-brand","embeddable":true,"href":"https:\/\/www.autonvaraosahaku.fi\/index.php?rest_route=%2Fwp%2Fv2%2Fpwb-brand&post=85819"},{"taxonomy":"product_cat","embeddable":true,"href":"https:\/\/www.autonvaraosahaku.fi\/index.php?rest_route=%2Fwp%2Fv2%2Fproduct_cat&post=85819"},{"taxonomy":"product_tag","embeddable":true,"href":"https:\/\/www.autonvaraosahaku.fi\/index.php?rest_route=%2Fwp%2Fv2%2Fproduct_tag&post=85819"}],"curies":[{"name":"wp","href":"https:\/\/api.w.org\/{rel}","templated":true}]}}