{"id":85829,"date":"2021-02-21T20:44:34","date_gmt":"2021-02-21T20:44:34","guid":{"rendered":"https:\/\/www.autonvaraosahaku.fi\/?product=mahle-original-oc-308-oljynsuodatin"},"modified":"2021-02-21T20:44:41","modified_gmt":"2021-02-21T20:44:41","slug":"mahle-original-oc-308-oljynsuodatin","status":"publish","type":"product","link":"https:\/\/www.autonvaraosahaku.fi\/?product=mahle-original-oc-308-oljynsuodatin","title":{"rendered":"MAHLE ORIGINAL OC 308 \u00d6ljynsuodatin"},"content":{"rendered":"<p>Suodatintyyppi: Ruuvattava suodatin; L\u00e4pimitta [mm]: 108,0; Korkeus (mm): 170,0; Ulkol\u00e4pimitta 2 [mm]: 71,0; Sis\u00e4l\u00e4pimitta 2 [mm]: 62,0, 62,0; Liitinkierre: 3\/4-16UNF-2B, 3\/4 16UNF-2B; Kiristysmomentti: 10, 20; Suositellun erikoisty\u00f6kalun tuotenumero: OCS 2, OCS 2, OCS 2; Tiivisteen l\u00e4pimitta [mm]: 72,0; Avauspaine ohitusventtiili [bar]: 1,2; IVECO: ZETA; FIAT: 66,88,90,94,Series 50,Series 600,Series 65; ND03028850, ND03028850, 107630, 19011603, 1901603, 1909101, 4000875, 4597232, 4600872, 4600875, 4600883, 4607370, 4625547, 4629544, 4630786, 4643371, 4648371, 4730586, 4951092, 61660298, 62775370, 7110103, 7111678, 7121386, 7121387, 7122734, 8820770, 8820772, 8822645, 900002013, 9819501, 1565204, 5000863, 5009233, 5011423, 5019427, 71029, 870X6714ALA, A730X6714KA, A810X6714TA, A830X6714NA, EFL231, 6439681, 7984917, 0000001907566, 1901603, 1907566, 1909101, 4600875, 4615547, 4625547, 9819501, 3563603, 5001846645, 2654407, ND03028850<\/p>\n","protected":false},"excerpt":{"rendered":"<p>MAHLE ORIGINAL \u00d6ljynsuodatin OC 308  IVECO,FIAT,ZETA,66,88,90,94,Series 50,Series 600,Series 65<\/p>\n","protected":false},"featured_media":0,"template":"","meta":{"site-sidebar-layout":"default","site-content-layout":"default","ast-global-header-display":"","ast-main-header-display":"","ast-hfb-above-header-display":"","ast-hfb-below-header-display":"","ast-hfb-mobile-header-display":"","site-post-title":"","ast-breadcrumbs-content":"","ast-featured-img":"","footer-sml-layout":"","theme-transparent-header-meta":"","adv-header-id-meta":"","stick-header-meta":"","header-above-stick-meta":"","header-main-stick-meta":"","header-below-stick-meta":""},"pwb-brand":[153],"product_cat":[30],"product_tag":[],"class_list":{"0":"post-85829","1":"product","2":"type-product","3":"status-publish","5":"pwb-brand-mahle-original","6":"product_cat-oljynsuodatin","7":"desktop-align-left","8":"tablet-align-left","9":"mobile-align-left","11":"first","12":"instock","13":"product-type-external"},"brands":[{"id":153,"name":"MAHLE ORIGINAL","slug":"mahle-original"}],"_links":{"self":[{"href":"https:\/\/www.autonvaraosahaku.fi\/index.php?rest_route=\/wp\/v2\/product\/85829","targetHints":{"allow":["GET"]}}],"collection":[{"href":"https:\/\/www.autonvaraosahaku.fi\/index.php?rest_route=\/wp\/v2\/product"}],"about":[{"href":"https:\/\/www.autonvaraosahaku.fi\/index.php?rest_route=\/wp\/v2\/types\/product"}],"wp:attachment":[{"href":"https:\/\/www.autonvaraosahaku.fi\/index.php?rest_route=%2Fwp%2Fv2%2Fmedia&parent=85829"}],"wp:term":[{"taxonomy":"pwb-brand","embeddable":true,"href":"https:\/\/www.autonvaraosahaku.fi\/index.php?rest_route=%2Fwp%2Fv2%2Fpwb-brand&post=85829"},{"taxonomy":"product_cat","embeddable":true,"href":"https:\/\/www.autonvaraosahaku.fi\/index.php?rest_route=%2Fwp%2Fv2%2Fproduct_cat&post=85829"},{"taxonomy":"product_tag","embeddable":true,"href":"https:\/\/www.autonvaraosahaku.fi\/index.php?rest_route=%2Fwp%2Fv2%2Fproduct_tag&post=85829"}],"curies":[{"name":"wp","href":"https:\/\/api.w.org\/{rel}","templated":true}]}}