{"id":85833,"date":"2021-02-21T20:44:42","date_gmt":"2021-02-21T20:44:42","guid":{"rendered":"https:\/\/www.autonvaraosahaku.fi\/?product=mahle-original-oc-247-oljynsuodatin"},"modified":"2021-02-21T20:44:43","modified_gmt":"2021-02-21T20:44:43","slug":"mahle-original-oc-247-oljynsuodatin","status":"publish","type":"product","link":"https:\/\/www.autonvaraosahaku.fi\/?product=mahle-original-oc-247-oljynsuodatin","title":{"rendered":"MAHLE ORIGINAL OC 247 \u00d6ljynsuodatin"},"content":{"rendered":"<p>Suodatintyyppi: Ruuvattava suodatin; L\u00e4pimitta [mm]: 76,0; Korkeus (mm): 119,5; Ulkol\u00e4pimitta 2 [mm]: 72,0; Sis\u00e4l\u00e4pimitta 2 [mm]: 62,0; Liitinkierre: 3\/4-16UNF-2B; Kiristysmomentti: 20; Suositellun erikoisty\u00f6kalun tuotenumero: OCS 1, OCS 1; Paino [g]: 0,88; Korkeus (tuumaa): 4,72; Leveys (tuumaa): 3,09; Pituus (tuumaa): 3,09; Valmistaja rajaus: 479; JEEP: CHEROKEE KJ,GRAND CHEROKEE I ZJ,CHEROKEE XJ; CHRYSLER: VOYAGER IV RG, RS,VOYAGER III GS,VOYAGER II ES; OPEL: FRONTERA A Sport 5_SUD2,FRONTERA A 5_MWL4; ALFA ROMEO: 164 164,155 167,33 907A,33 Sportwagon 905A; FIAT: TIPO 160; DODGE: CARAVAN NS; LDV: MAXUS Bus,MAXUS Kasten,MAXUS Pritsche\/Fahrgestell; VAUXHALL: FRONTERA Mk I A,FRONTERA Mk I A Sport; 0003945577, 00K05003558AB, 04720364, 04778838, 05003558AA, 05003558AB, 4720364, 4778838, 5003558AA, 5003558AB, K05003558AA, 0003945577, 0060553431, 0060808974, 46795125, 60553431, 60808974, 71736168, 90542344, 0649015, 41152006F, 5650314, 649000, 649015, 90542344, 91155611, 91153945, 91155611, 0003945577<\/p>\n","protected":false},"excerpt":{"rendered":"<p>MAHLE ORIGINAL \u00d6ljynsuodatin OC 247  JEEP,CHRYSLER,OPEL,CHEROKEE KJ,GRAND CHEROKEE I ZJ,CHEROKEE XJ,VOYAGER IV RG, RS,VOYAGER III GS,VOYAGER II ES<\/p>\n","protected":false},"featured_media":0,"template":"","meta":{"site-sidebar-layout":"default","site-content-layout":"default","ast-global-header-display":"","ast-main-header-display":"","ast-hfb-above-header-display":"","ast-hfb-below-header-display":"","ast-hfb-mobile-header-display":"","site-post-title":"","ast-breadcrumbs-content":"","ast-featured-img":"","footer-sml-layout":"","theme-transparent-header-meta":"","adv-header-id-meta":"","stick-header-meta":"","header-above-stick-meta":"","header-main-stick-meta":"","header-below-stick-meta":""},"pwb-brand":[153],"product_cat":[30],"product_tag":[],"class_list":{"0":"post-85833","1":"product","2":"type-product","3":"status-publish","5":"pwb-brand-mahle-original","6":"product_cat-oljynsuodatin","7":"desktop-align-left","8":"tablet-align-left","9":"mobile-align-left","11":"first","12":"instock","13":"product-type-external"},"brands":[{"id":153,"name":"MAHLE ORIGINAL","slug":"mahle-original"}],"_links":{"self":[{"href":"https:\/\/www.autonvaraosahaku.fi\/index.php?rest_route=\/wp\/v2\/product\/85833","targetHints":{"allow":["GET"]}}],"collection":[{"href":"https:\/\/www.autonvaraosahaku.fi\/index.php?rest_route=\/wp\/v2\/product"}],"about":[{"href":"https:\/\/www.autonvaraosahaku.fi\/index.php?rest_route=\/wp\/v2\/types\/product"}],"wp:attachment":[{"href":"https:\/\/www.autonvaraosahaku.fi\/index.php?rest_route=%2Fwp%2Fv2%2Fmedia&parent=85833"}],"wp:term":[{"taxonomy":"pwb-brand","embeddable":true,"href":"https:\/\/www.autonvaraosahaku.fi\/index.php?rest_route=%2Fwp%2Fv2%2Fpwb-brand&post=85833"},{"taxonomy":"product_cat","embeddable":true,"href":"https:\/\/www.autonvaraosahaku.fi\/index.php?rest_route=%2Fwp%2Fv2%2Fproduct_cat&post=85833"},{"taxonomy":"product_tag","embeddable":true,"href":"https:\/\/www.autonvaraosahaku.fi\/index.php?rest_route=%2Fwp%2Fv2%2Fproduct_tag&post=85833"}],"curies":[{"name":"wp","href":"https:\/\/api.w.org\/{rel}","templated":true}]}}