{"id":85846,"date":"2021-02-21T20:44:42","date_gmt":"2021-02-21T20:44:42","guid":{"rendered":"https:\/\/www.autonvaraosahaku.fi\/?product=mahle-original-lx-1650-ilmansuodatin"},"modified":"2021-02-21T20:44:48","modified_gmt":"2021-02-21T20:44:48","slug":"mahle-original-lx-1650-ilmansuodatin","status":"publish","type":"product","link":"https:\/\/www.autonvaraosahaku.fi\/?product=mahle-original-lx-1650-ilmansuodatin","title":{"rendered":"MAHLE ORIGINAL LX 1650 Ilmansuodatin"},"content":{"rendered":"<p>Suodatintyyppi: Suodatinpanos; Korkeus (mm): 195,0; Korkeus 1 (mm): 142,0; Ulkol\u00e4pimitta [mm]: 137,0; Ulkol\u00e4pimitta 1 [mm]: 155,5; Sis\u00e4l\u00e4pimitta 1 [mm]: 68,5; Sis\u00e4l\u00e4pimitta [mm]: 69,0; Moottorinumero: N43B16A; BMW: 3 Touring E91,3 E90,1 E87,1 E81,3 Coupe E92; 13717524412, 1438687, 7524412, 7543161<\/p>\n","protected":false},"excerpt":{"rendered":"<p>MAHLE ORIGINAL Ilmansuodatin LX 1650  BMW,3 Touring E91,3 E90,1 E87,1 E81,3 Coupe E92<\/p>\n","protected":false},"featured_media":0,"template":"","meta":{"site-sidebar-layout":"default","site-content-layout":"default","ast-global-header-display":"","ast-main-header-display":"","ast-hfb-above-header-display":"","ast-hfb-below-header-display":"","ast-hfb-mobile-header-display":"","site-post-title":"","ast-breadcrumbs-content":"","ast-featured-img":"","footer-sml-layout":"","theme-transparent-header-meta":"","adv-header-id-meta":"","stick-header-meta":"","header-above-stick-meta":"","header-main-stick-meta":"","header-below-stick-meta":""},"pwb-brand":[153],"product_cat":[31],"product_tag":[],"class_list":{"0":"post-85846","1":"product","2":"type-product","3":"status-publish","5":"pwb-brand-mahle-original","6":"product_cat-ilmansuodatin","7":"desktop-align-left","8":"tablet-align-left","9":"mobile-align-left","11":"first","12":"instock","13":"product-type-external"},"brands":[{"id":153,"name":"MAHLE ORIGINAL","slug":"mahle-original"}],"_links":{"self":[{"href":"https:\/\/www.autonvaraosahaku.fi\/index.php?rest_route=\/wp\/v2\/product\/85846","targetHints":{"allow":["GET"]}}],"collection":[{"href":"https:\/\/www.autonvaraosahaku.fi\/index.php?rest_route=\/wp\/v2\/product"}],"about":[{"href":"https:\/\/www.autonvaraosahaku.fi\/index.php?rest_route=\/wp\/v2\/types\/product"}],"wp:attachment":[{"href":"https:\/\/www.autonvaraosahaku.fi\/index.php?rest_route=%2Fwp%2Fv2%2Fmedia&parent=85846"}],"wp:term":[{"taxonomy":"pwb-brand","embeddable":true,"href":"https:\/\/www.autonvaraosahaku.fi\/index.php?rest_route=%2Fwp%2Fv2%2Fpwb-brand&post=85846"},{"taxonomy":"product_cat","embeddable":true,"href":"https:\/\/www.autonvaraosahaku.fi\/index.php?rest_route=%2Fwp%2Fv2%2Fproduct_cat&post=85846"},{"taxonomy":"product_tag","embeddable":true,"href":"https:\/\/www.autonvaraosahaku.fi\/index.php?rest_route=%2Fwp%2Fv2%2Fproduct_tag&post=85846"}],"curies":[{"name":"wp","href":"https:\/\/api.w.org\/{rel}","templated":true}]}}