{"id":85847,"date":"2021-02-21T20:44:42","date_gmt":"2021-02-21T20:44:42","guid":{"rendered":"https:\/\/www.autonvaraosahaku.fi\/?product=ernst-495929-pakosarjan-tiivisteet"},"modified":"2021-02-21T20:44:48","modified_gmt":"2021-02-21T20:44:48","slug":"ernst-495929-pakosarjan-tiivisteet","status":"publish","type":"product","link":"https:\/\/www.autonvaraosahaku.fi\/?product=ernst-495929-pakosarjan-tiivisteet","title":{"rendered":"ERNST 495929 Pakosarjan tiivisteet"},"content":{"rendered":"<p>L\u00e4pimitta [mm]: 46,2; Ulkol\u00e4pimitta [mm]: 58,5; Korkeus (mm): 13,5; Pakoputkisto: f\u00fcr Abgasrohr; CITRO\u00cbN: XSARA PICASSO N68,SAXO S0, S1,AX ZA-_,ZX Break N2; PEUGEOT: 207 WA_, WC_,207 SW WK_,106 II 1,106 I 1A, 1C; 91509517, 95602682<\/p>\n","protected":false},"excerpt":{"rendered":"<p>ERNST Tiivisterengas, Pakoputki 495929  CITRO\u00cbN,PEUGEOT,XSARA PICASSO N68,SAXO S0, S1,AX ZA-_,ZX Break N2,207 WA_, WC_,207 SW WK_,106 II 1<\/p>\n","protected":false},"featured_media":0,"template":"","meta":{"site-sidebar-layout":"default","site-content-layout":"default","ast-global-header-display":"","ast-main-header-display":"","ast-hfb-above-header-display":"","ast-hfb-below-header-display":"","ast-hfb-mobile-header-display":"","site-post-title":"","ast-breadcrumbs-content":"","ast-featured-img":"","footer-sml-layout":"","theme-transparent-header-meta":"","adv-header-id-meta":"","stick-header-meta":"","header-above-stick-meta":"","header-main-stick-meta":"","header-below-stick-meta":""},"pwb-brand":[63],"product_cat":[123],"product_tag":[],"class_list":{"0":"post-85847","1":"product","2":"type-product","3":"status-publish","5":"pwb-brand-ernst","6":"product_cat-pakosarjan-tiivisteet","7":"desktop-align-left","8":"tablet-align-left","9":"mobile-align-left","11":"first","12":"instock","13":"product-type-external"},"brands":[{"id":63,"name":"ERNST","slug":"ernst"}],"_links":{"self":[{"href":"https:\/\/www.autonvaraosahaku.fi\/index.php?rest_route=\/wp\/v2\/product\/85847","targetHints":{"allow":["GET"]}}],"collection":[{"href":"https:\/\/www.autonvaraosahaku.fi\/index.php?rest_route=\/wp\/v2\/product"}],"about":[{"href":"https:\/\/www.autonvaraosahaku.fi\/index.php?rest_route=\/wp\/v2\/types\/product"}],"wp:attachment":[{"href":"https:\/\/www.autonvaraosahaku.fi\/index.php?rest_route=%2Fwp%2Fv2%2Fmedia&parent=85847"}],"wp:term":[{"taxonomy":"pwb-brand","embeddable":true,"href":"https:\/\/www.autonvaraosahaku.fi\/index.php?rest_route=%2Fwp%2Fv2%2Fpwb-brand&post=85847"},{"taxonomy":"product_cat","embeddable":true,"href":"https:\/\/www.autonvaraosahaku.fi\/index.php?rest_route=%2Fwp%2Fv2%2Fproduct_cat&post=85847"},{"taxonomy":"product_tag","embeddable":true,"href":"https:\/\/www.autonvaraosahaku.fi\/index.php?rest_route=%2Fwp%2Fv2%2Fproduct_tag&post=85847"}],"curies":[{"name":"wp","href":"https:\/\/api.w.org\/{rel}","templated":true}]}}