{"id":85854,"date":"2021-02-21T20:44:50","date_gmt":"2021-02-21T20:44:50","guid":{"rendered":"https:\/\/www.autonvaraosahaku.fi\/?product=vemo-v42-77-0011-tyhjakayntimoottori"},"modified":"2021-02-21T20:44:51","modified_gmt":"2021-02-21T20:44:51","slug":"vemo-v42-77-0011-tyhjakayntimoottori","status":"publish","type":"product","link":"https:\/\/www.autonvaraosahaku.fi\/?product=vemo-v42-77-0011-tyhjakayntimoottori","title":{"rendered":"VEMO V42-77-0011 Tyhj\u00e4k\u00e4yntimoottori"},"content":{"rendered":"<p>K\u00e4ytt\u00f6: S\u00e4hk\u00f6inen; Paino [kg]: 0,11; Pakkausleveys [cm]: 4; Pakkauskorkeus [mm]: 6,7; Pakkaussyvyys [cm]: 6,8; lis\u00e4tieto: Original VEMO Quality; Valmistusvuoteen: 04\/1998; LANCIA: ZETA 220; FIAT: ULYSSE 179AX,ULYSSE 220,SCUDO Kasten 220L,SCUDO Combinato 220P; CITRO\u00cbN: XSARA PICASSO N68,C4 I LC_,C5 II Break RE_,C5 I DC_,C5 I Break DE_,XSARA N1,C4 Coupe LA_,C5 II RC_,XSARA Break N2,XSARA Coupe N0,EVASION 22, U6,JUMPY U6U,JUMPY Kasten BS_, BT_, BY_, BZ_,JUMPY Pritsche\/Fahrgestell BU_, BV_, BW_, BX_; PEUGEOT: 206 Schr\u00e4gheck 2A\/C,307 SW 3H,307 CC 3B,407 SW 6E_,307 3A\/C,807 E,307 Break 3E,607 9D, 9U,407 6D_,406 Break 8E\/F,406 Coupe 8C,406 8B,806 221,EXPERT Kasten 222,EXPERT 224; 9463327580, 19208X, 9463327580, 9463327580, 9463327580, 000019208X, 19208X; Tyhj\u00e4k\u00e4yntiventtiili,Tyhj\u00e4k\u00e4yntis\u00e4\u00e4din,Kuormaventtiili, Ilmankierto<\/p>\n","protected":false},"excerpt":{"rendered":"<p>VEMO Tyhj\u00e4k\u00e4yntimoottori V42-77-0011 Tyhj\u00e4k\u00e4yntiventtiili,Tyhj\u00e4k\u00e4yntis\u00e4\u00e4din LANCIA,FIAT,CITRO\u00cbN,ZETA 220,ULYSSE 179AX,ULYSSE 220,SCUDO Kasten 220L<\/p>\n","protected":false},"featured_media":0,"template":"","meta":{"site-sidebar-layout":"default","site-content-layout":"default","ast-global-header-display":"","ast-main-header-display":"","ast-hfb-above-header-display":"","ast-hfb-below-header-display":"","ast-hfb-mobile-header-display":"","site-post-title":"","ast-breadcrumbs-content":"","ast-featured-img":"","footer-sml-layout":"","theme-transparent-header-meta":"","adv-header-id-meta":"","stick-header-meta":"","header-above-stick-meta":"","header-main-stick-meta":"","header-below-stick-meta":""},"pwb-brand":[168],"product_cat":[254],"product_tag":[],"class_list":{"0":"post-85854","1":"product","2":"type-product","3":"status-publish","5":"pwb-brand-vemo","6":"product_cat-tyhjakayntimoottori","7":"desktop-align-left","8":"tablet-align-left","9":"mobile-align-left","11":"first","12":"instock","13":"product-type-external"},"brands":[{"id":168,"name":"VEMO","slug":"vemo"}],"_links":{"self":[{"href":"https:\/\/www.autonvaraosahaku.fi\/index.php?rest_route=\/wp\/v2\/product\/85854","targetHints":{"allow":["GET"]}}],"collection":[{"href":"https:\/\/www.autonvaraosahaku.fi\/index.php?rest_route=\/wp\/v2\/product"}],"about":[{"href":"https:\/\/www.autonvaraosahaku.fi\/index.php?rest_route=\/wp\/v2\/types\/product"}],"wp:attachment":[{"href":"https:\/\/www.autonvaraosahaku.fi\/index.php?rest_route=%2Fwp%2Fv2%2Fmedia&parent=85854"}],"wp:term":[{"taxonomy":"pwb-brand","embeddable":true,"href":"https:\/\/www.autonvaraosahaku.fi\/index.php?rest_route=%2Fwp%2Fv2%2Fpwb-brand&post=85854"},{"taxonomy":"product_cat","embeddable":true,"href":"https:\/\/www.autonvaraosahaku.fi\/index.php?rest_route=%2Fwp%2Fv2%2Fproduct_cat&post=85854"},{"taxonomy":"product_tag","embeddable":true,"href":"https:\/\/www.autonvaraosahaku.fi\/index.php?rest_route=%2Fwp%2Fv2%2Fproduct_tag&post=85854"}],"curies":[{"name":"wp","href":"https:\/\/api.w.org\/{rel}","templated":true}]}}