{"id":85863,"date":"2021-02-21T20:44:50","date_gmt":"2021-02-21T20:44:50","guid":{"rendered":"https:\/\/www.autonvaraosahaku.fi\/?product=mahle-original-039-96-n0-mannanrenkaat"},"modified":"2021-02-21T20:44:54","modified_gmt":"2021-02-21T20:44:54","slug":"mahle-original-039-96-n0-mannanrenkaat","status":"publish","type":"product","link":"https:\/\/www.autonvaraosahaku.fi\/?product=mahle-original-039-96-n0-mannanrenkaat","title":{"rendered":"MAHLE ORIGINAL 039 96 N0 M\u00e4nn\u00e4nrenkaat"},"content":{"rendered":"<p>Sylinterin halkaisija [mm]: 83,0; Komponenttinumero: 1. T 3,0 CrK P, 2. M 2,0 IF, 3. DSF3,0 Cr P; Valmistusvuosi alkaen: 01\/1997; LADA: NIVA 2121; SUZUKI: VITARA ET, TA,VITARA Cabrio ET, TA,BALENO Kombi EG,BALENO EG,BALENO Schr\u00e4gheck EG; FIAT: DUCATO Pritsche\/Fahrgestell 230,DUCATO Bus 230,DUCATO Kasten 230L,ULYSSE 220,SCUDO Kasten 220L,SCUDO Combinato 220P,SCUDO Pritsche\/Fahrgestell 220_; CITRO\u00cbN: XSARA N1,XSARA Break N2,XSARA Coupe N0,XANTIA X1,EVASION 22, U6,ZX N2,JUMPY U6U,JUMPY Kasten BS_, BT_, BY_, BZ_,JUMPER Kasten 230L,XANTIA Break X1,JUMPER Bus 230P,ZX Break N2,JUMPER Pritsche\/Fahrgestell 230,JUMPY Pritsche\/Fahrgestell BU_, BV_, BW_, BX_,XSARA Kasten\/Schr\u00e4gheck; PEUGEOT: 306 Schr\u00e4gheck 7A, 7C, N3, N5,406 Break 8E\/F,306 Break 7E, N3, N5,406 8B,806 221,BOXER Kasten 230L,306 7B, N3, N5,EXPERT Kasten 222,BOXER Bus 230P,BOXER Pritsche\/Fahrgestell ZCT_,EXPERT 224,405 II 4B,306 Van N_, 7_,EXPERT Pritsche\/Fahrgestell 223; M\u00e4nn\u00e4nrengassarja<\/p>\n","protected":false},"excerpt":{"rendered":"<p>MAHLE ORIGINAL M\u00e4nn\u00e4nrenkaat 039 96 N0 M\u00e4nn\u00e4nrengassarja LADA,SUZUKI,FIAT,NIVA 2121,VITARA ET, TA,VITARA Cabrio ET, TA,BALENO Kombi EG,BALENO EG<\/p>\n","protected":false},"featured_media":0,"template":"","meta":{"site-sidebar-layout":"default","site-content-layout":"default","ast-global-header-display":"","ast-main-header-display":"","ast-hfb-above-header-display":"","ast-hfb-below-header-display":"","ast-hfb-mobile-header-display":"","site-post-title":"","ast-breadcrumbs-content":"","ast-featured-img":"","footer-sml-layout":"","theme-transparent-header-meta":"","adv-header-id-meta":"","stick-header-meta":"","header-above-stick-meta":"","header-main-stick-meta":"","header-below-stick-meta":""},"pwb-brand":[153],"product_cat":[154],"product_tag":[],"class_list":{"0":"post-85863","1":"product","2":"type-product","3":"status-publish","5":"pwb-brand-mahle-original","6":"product_cat-mannanrenkaat","7":"desktop-align-left","8":"tablet-align-left","9":"mobile-align-left","11":"first","12":"instock","13":"product-type-external"},"brands":[{"id":153,"name":"MAHLE ORIGINAL","slug":"mahle-original"}],"_links":{"self":[{"href":"https:\/\/www.autonvaraosahaku.fi\/index.php?rest_route=\/wp\/v2\/product\/85863","targetHints":{"allow":["GET"]}}],"collection":[{"href":"https:\/\/www.autonvaraosahaku.fi\/index.php?rest_route=\/wp\/v2\/product"}],"about":[{"href":"https:\/\/www.autonvaraosahaku.fi\/index.php?rest_route=\/wp\/v2\/types\/product"}],"wp:attachment":[{"href":"https:\/\/www.autonvaraosahaku.fi\/index.php?rest_route=%2Fwp%2Fv2%2Fmedia&parent=85863"}],"wp:term":[{"taxonomy":"pwb-brand","embeddable":true,"href":"https:\/\/www.autonvaraosahaku.fi\/index.php?rest_route=%2Fwp%2Fv2%2Fpwb-brand&post=85863"},{"taxonomy":"product_cat","embeddable":true,"href":"https:\/\/www.autonvaraosahaku.fi\/index.php?rest_route=%2Fwp%2Fv2%2Fproduct_cat&post=85863"},{"taxonomy":"product_tag","embeddable":true,"href":"https:\/\/www.autonvaraosahaku.fi\/index.php?rest_route=%2Fwp%2Fv2%2Fproduct_tag&post=85863"}],"curies":[{"name":"wp","href":"https:\/\/api.w.org\/{rel}","templated":true}]}}